{"id":99,"date":"2014-07-13T17:23:20","date_gmt":"2014-07-13T15:23:20","guid":{"rendered":"http:\/\/www.novakovych59.cz\/?page_id=99"},"modified":"2014-09-27T17:54:25","modified_gmt":"2014-09-27T15:54:25","slug":"stavebni-rizeni-s-najemnikem-ve-vchodu-4","status":"publish","type":"page","link":"https:\/\/www.novakovych59.cz\/?page_id=99","title":{"rendered":"Stavebn\u00ed \u0159\u00edzen\u00ed s n\u00e1jemn\u00edkem &#8211; vchod 4"},"content":{"rendered":"<div><span class=\"ws14\">Dne 15.4.2014 bylo zah\u00e1jeno stavebn\u00ed \u0159\u00edzen\u00ed M\u011bstsk\u00e9ho \u00fa\u0159adu Praha 8, z d\u016fvodu nepovolen\u00fdch a neohl\u00e1\u0161en\u00fdch stavebn\u00edch \u00faprav majitelem bytov\u00e9 jednotky \u010d\u00edslo 11, ve vchod\u011b 4, prvn\u00ed patro.<br \/>\n<\/span><\/div>\n<div><span class=\"ws14\">\u00a0<\/span><\/div>\n<div><span class=\"ws14\"> Nov\u00fd majitel bytu pan Martin\u00a0 Hlavat\u00fd, provedl nehl\u00e1\u0161en\u00fd a neopr\u00e1vn\u011bn\u00fd z\u00e1sah do spole\u010dn\u00e9 obvodov\u00e9 zdi a t\u00edm do\u0161lo i ke zru\u0161en\u00ed spodn\u00ed \u010d\u00e1st\u00ed spole\u010dn\u00fdch prostor\/ sv\u011btl\u00edku\/\u00a0 Toto se bude d\u00e1le \u0159e\u0161it na spole\u010dn\u00e9m setk\u00e1n\u00ed vlastn\u00edk\u016f bytov\u00fdch jednotek, kter\u00fd bude dne 4.6.2014. foto\u00a0 ke zhl\u00e9dnut\u00ed je <a href=\"https:\/\/www.dropbox.com\/sh\/2ywzus37n1n8685\/AACiaVymwL9FIOsSKQtSBPn0a?dl=0\">zde.<\/a><br \/>\n<\/span><\/div>\n<div><\/div>\n<div><\/div>\n<div><\/div>\n<div><\/div>\n<div><\/div>\n<div><\/div>\n<div><\/div>\n<div>.<\/div>\n<div><\/div>\n<div><\/div>\n<div><\/div>\n<div><\/div>\n<div><\/div>\n<div><\/div>\n<div><\/div>\n<div>the site administrator<\/div>\n","protected":false},"excerpt":{"rendered":"<p>Dne 15.4.2014 bylo zah\u00e1jeno stavebn\u00ed \u0159\u00edzen\u00ed M\u011bstsk\u00e9ho \u00fa\u0159adu Praha 8, z d\u016fvodu nepovolen\u00fdch a neohl\u00e1\u0161en\u00fdch stavebn\u00edch \u00faprav majitelem bytov\u00e9 jednotky \u010d\u00edslo 11, ve vchod\u011b 4, prvn\u00ed patro. \u00a0 Nov\u00fd majitel bytu pan Martin\u00a0 Hlavat\u00fd, provedl nehl\u00e1\u0161en\u00fd a neopr\u00e1vn\u011bn\u00fd z\u00e1sah do &#8230; <a class=\"more-link\" href=\"https:\/\/www.novakovych59.cz\/?page_id=99\">\u010c\u00edst v\u00edce &raquo;<\/a><\/p>\n","protected":false},"author":1,"featured_media":0,"parent":20,"menu_order":0,"comment_status":"open","ping_status":"closed","template":"","meta":{"footnotes":""},"class_list":["post-99","page","type-page","status-publish","hentry"],"_links":{"self":[{"href":"https:\/\/www.novakovych59.cz\/index.php?rest_route=\/wp\/v2\/pages\/99","targetHints":{"allow":["GET"]}}],"collection":[{"href":"https:\/\/www.novakovych59.cz\/index.php?rest_route=\/wp\/v2\/pages"}],"about":[{"href":"https:\/\/www.novakovych59.cz\/index.php?rest_route=\/wp\/v2\/types\/page"}],"author":[{"embeddable":true,"href":"https:\/\/www.novakovych59.cz\/index.php?rest_route=\/wp\/v2\/users\/1"}],"replies":[{"embeddable":true,"href":"https:\/\/www.novakovych59.cz\/index.php?rest_route=%2Fwp%2Fv2%2Fcomments&post=99"}],"version-history":[{"count":6,"href":"https:\/\/www.novakovych59.cz\/index.php?rest_route=\/wp\/v2\/pages\/99\/revisions"}],"predecessor-version":[{"id":268,"href":"https:\/\/www.novakovych59.cz\/index.php?rest_route=\/wp\/v2\/pages\/99\/revisions\/268"}],"up":[{"embeddable":true,"href":"https:\/\/www.novakovych59.cz\/index.php?rest_route=\/wp\/v2\/pages\/20"}],"wp:attachment":[{"href":"https:\/\/www.novakovych59.cz\/index.php?rest_route=%2Fwp%2Fv2%2Fmedia&parent=99"}],"curies":[{"name":"wp","href":"https:\/\/api.w.org\/{rel}","templated":true}]}}