{"id":978,"date":"2021-04-22T17:43:03","date_gmt":"2021-04-22T15:43:03","guid":{"rendered":"https:\/\/www.novakovych59.cz\/?page_id=978"},"modified":"2021-07-30T09:57:01","modified_gmt":"2021-07-30T07:57:01","slug":"oprava-zapisu-hlasovani-per-rollam-c-2020-1","status":"publish","type":"page","link":"https:\/\/www.novakovych59.cz\/?page_id=978","title":{"rendered":"Oprava z\u00e1pisu hlasov\u00e1n\u00ed per rollam \u010d.2020-1"},"content":{"rendered":"<p>&nbsp;<\/p>\n<p>Mil\u00ed obyvatel\u00e9 a vlastn\u00edci domu,<\/p>\n<p>Na z\u00e1klad\u011b\u00a0 soudn\u00ed \u017ealoby\u00a0\u00a0<strong>\u010d.j. 79 Cm 196\/2020-8\u00a0\u00a0<\/strong> podan\u00e9 majitelem bytov\u00fdch a nebytov\u00fdch jednotek Lidov\u00fdm bytov\u00fdm dru\u017estvem\u00a0 Praha 8,\u00a0 ze dne 28.12.2020\u00a0 <a href=\"https:\/\/www.novakovych59.cz\/wp-content\/uploads\/2021\/04\/Zaloba-ohledne-rozhodnuti-020356.pdf\"><span style=\"color: #ff0000;\"><strong><span style=\"color: #000000;\">\/<\/span>\u017ealoba je k nahl\u00e9dnut\u00ed zde<\/strong><\/span><\/a>\/<\/p>\n<p>Svj v\u00fdbor uzn\u00e1v\u00e1 a odstra\u0148uje sv\u00e9 administrativn\u00ed pochyben\u00ed v bod\u011b \u010d\u00edslo 1 \u2013\u00a0<strong>Zm\u011bna roz\u00fa\u010dtov\u00e1n\u00ed provozu v\u00fdtahu\u00a0\u00a0<\/strong>opravou tohoto z\u00e1pisu ze dne 17.12.202<\/p>\n<p>Oprava tohoto z\u00e1pisu je<a href=\"https:\/\/www.novakovych59.cz\/wp-content\/uploads\/2021\/04\/Oprava-zapisu-ze-dne-17.12.2020.pdf\"> zde<\/a><\/p>\n<p>S pozdravem,<\/p>\n<p>SVJ v\u00fdbor<\/p>\n","protected":false},"excerpt":{"rendered":"<p>&nbsp; Mil\u00ed obyvatel\u00e9 a vlastn\u00edci domu, Na z\u00e1klad\u011b\u00a0 soudn\u00ed \u017ealoby\u00a0\u00a0\u010d.j. 79 Cm 196\/2020-8\u00a0\u00a0 podan\u00e9 majitelem bytov\u00fdch a nebytov\u00fdch jednotek Lidov\u00fdm bytov\u00fdm dru\u017estvem\u00a0 Praha 8,\u00a0 ze dne 28.12.2020\u00a0 \/\u017ealoba je k nahl\u00e9dnut\u00ed zde\/ Svj v\u00fdbor uzn\u00e1v\u00e1 a odstra\u0148uje sv\u00e9 administrativn\u00ed pochyben\u00ed &#8230; <a class=\"more-link\" href=\"https:\/\/www.novakovych59.cz\/?page_id=978\">\u010c\u00edst v\u00edce &raquo;<\/a><\/p>\n","protected":false},"author":1,"featured_media":0,"parent":0,"menu_order":0,"comment_status":"closed","ping_status":"closed","template":"","meta":{"footnotes":""},"class_list":["post-978","page","type-page","status-publish","hentry"],"_links":{"self":[{"href":"https:\/\/www.novakovych59.cz\/index.php?rest_route=\/wp\/v2\/pages\/978","targetHints":{"allow":["GET"]}}],"collection":[{"href":"https:\/\/www.novakovych59.cz\/index.php?rest_route=\/wp\/v2\/pages"}],"about":[{"href":"https:\/\/www.novakovych59.cz\/index.php?rest_route=\/wp\/v2\/types\/page"}],"author":[{"embeddable":true,"href":"https:\/\/www.novakovych59.cz\/index.php?rest_route=\/wp\/v2\/users\/1"}],"replies":[{"embeddable":true,"href":"https:\/\/www.novakovych59.cz\/index.php?rest_route=%2Fwp%2Fv2%2Fcomments&post=978"}],"version-history":[{"count":4,"href":"https:\/\/www.novakovych59.cz\/index.php?rest_route=\/wp\/v2\/pages\/978\/revisions"}],"predecessor-version":[{"id":991,"href":"https:\/\/www.novakovych59.cz\/index.php?rest_route=\/wp\/v2\/pages\/978\/revisions\/991"}],"wp:attachment":[{"href":"https:\/\/www.novakovych59.cz\/index.php?rest_route=%2Fwp%2Fv2%2Fmedia&parent=978"}],"curies":[{"name":"wp","href":"https:\/\/api.w.org\/{rel}","templated":true}]}}