{"id":959,"date":"2020-12-18T13:16:31","date_gmt":"2020-12-18T11:16:31","guid":{"rendered":"https:\/\/www.novakovych59.cz\/?page_id=959"},"modified":"2021-01-11T19:56:04","modified_gmt":"2021-01-11T17:56:04","slug":"vysledky-hlasovani-per-rollam-2020-1","status":"publish","type":"page","link":"https:\/\/www.novakovych59.cz\/?page_id=959","title":{"rendered":"V\u00fdsledky hlasov\u00e1n\u00ed per rollam 2020-1"},"content":{"rendered":"<p>Mil\u00ed vlastn\u00edci,<\/p>\n<p>R\u00e1di bychom V\u00e1s sezn\u00e1mili s kone\u010dn\u00fdmi v\u00fdsledky hlasov\u00e1n\u00ed per rollam 2020-1, \u00a0kter\u00e9 bylo vyhl\u00e1\u0161eno dne 30.11.2020 a ukon\u010deno dne 15.12.2020.<\/p>\n<p><span style=\"color: #ff0000;\"><a style=\"color: #ff0000;\" href=\"https:\/\/www.novakovych59.cz\/wp-content\/uploads\/2020\/12\/Zapis-hlasovani-per-rollam-2020_1.pdf\"><strong>Klikn\u011bte pros\u00edm zde,\u00a0 pro zobrazen\u00ed z\u00e1pisu z hlasov\u00e1n\u00ed<\/strong><\/a><\/span><\/p>\n<p>SVJ v\u00fdbor\u00a0 moc d\u011bkuje v\u0161em \u00fa\u010dastn\u00edk\u016fm tohoto\u00a0 hlasov\u00e1n\u00ed za jejich aktivitu.<\/p>\n<p>T\u00edmto SVJ \u00a0v\u00fdbor, \u00a0\u00a0\u017e\u00e1d\u00e1 na\u0161eho spr\u00e1vce LBD8, \u00a0aby aplikoval p\u0159ijat\u00e9 n\u00e1vrhy shrom\u00e1\u017ed\u011bn\u00ed s \u00fa\u010dinnost\u00ed od 1.1.2021<\/p>\n<p>Z\u00e1v\u011brem,\u00a0 V\u00e1m\u00a0 v\u0161em\u00a0 \u00a0 p\u0159ejeme\u00a0 p\u0159\u00edjemn\u00e9 pro\u017eit\u00ed\u00a0 v\u00e1no\u010dn\u00edch sv\u00e1tk\u016f\u00a0 a\u00a0 mnoho \u0161t\u011bst\u00ed v nov\u00e9m roce 2021.<\/p>\n<p>&nbsp;<\/p>\n<p>Za SVJ v\u00fdbor,<\/p>\n<p>Stanislav Hru\u0161ka<\/p>\n<p>\u0160tep\u00e1n Slez\u00e1\u010dek<\/p>\n<p>Martin Neumann<\/p>\n<p><img decoding=\"async\" src=\"https:\/\/www.mozaika.eu\/wp-content\/uploads\/2015\/12\/vanocechristmas-3835447__340.jpg\" alt=\"V\u00e1noce\" \/><\/p>\n","protected":false},"excerpt":{"rendered":"<p>Mil\u00ed vlastn\u00edci, R\u00e1di bychom V\u00e1s sezn\u00e1mili s kone\u010dn\u00fdmi v\u00fdsledky hlasov\u00e1n\u00ed per rollam 2020-1, \u00a0kter\u00e9 bylo vyhl\u00e1\u0161eno dne 30.11.2020 a ukon\u010deno dne 15.12.2020. Klikn\u011bte pros\u00edm zde,\u00a0 pro zobrazen\u00ed z\u00e1pisu z hlasov\u00e1n\u00ed SVJ v\u00fdbor\u00a0 moc d\u011bkuje v\u0161em \u00fa\u010dastn\u00edk\u016fm tohoto\u00a0 hlasov\u00e1n\u00ed za jejich &#8230; <a class=\"more-link\" href=\"https:\/\/www.novakovych59.cz\/?page_id=959\">\u010c\u00edst v\u00edce &raquo;<\/a><\/p>\n","protected":false},"author":1,"featured_media":0,"parent":0,"menu_order":0,"comment_status":"open","ping_status":"closed","template":"","meta":{"footnotes":""},"class_list":["post-959","page","type-page","status-publish","hentry"],"_links":{"self":[{"href":"https:\/\/www.novakovych59.cz\/index.php?rest_route=\/wp\/v2\/pages\/959","targetHints":{"allow":["GET"]}}],"collection":[{"href":"https:\/\/www.novakovych59.cz\/index.php?rest_route=\/wp\/v2\/pages"}],"about":[{"href":"https:\/\/www.novakovych59.cz\/index.php?rest_route=\/wp\/v2\/types\/page"}],"author":[{"embeddable":true,"href":"https:\/\/www.novakovych59.cz\/index.php?rest_route=\/wp\/v2\/users\/1"}],"replies":[{"embeddable":true,"href":"https:\/\/www.novakovych59.cz\/index.php?rest_route=%2Fwp%2Fv2%2Fcomments&post=959"}],"version-history":[{"count":4,"href":"https:\/\/www.novakovych59.cz\/index.php?rest_route=\/wp\/v2\/pages\/959\/revisions"}],"predecessor-version":[{"id":965,"href":"https:\/\/www.novakovych59.cz\/index.php?rest_route=\/wp\/v2\/pages\/959\/revisions\/965"}],"wp:attachment":[{"href":"https:\/\/www.novakovych59.cz\/index.php?rest_route=%2Fwp%2Fv2%2Fmedia&parent=959"}],"curies":[{"name":"wp","href":"https:\/\/api.w.org\/{rel}","templated":true}]}}