{"id":934,"date":"2020-09-21T17:49:29","date_gmt":"2020-09-21T15:49:29","guid":{"rendered":"https:\/\/www.novakovych59.cz\/?page_id=934"},"modified":"2020-10-05T14:20:27","modified_gmt":"2020-10-05T12:20:27","slug":"schuze-vlastniku-bytovych-jednotek-2-2020","status":"publish","type":"page","link":"https:\/\/www.novakovych59.cz\/?page_id=934","title":{"rendered":"Sch\u016fze vlastn\u00edk\u016f bytov\u00fdch jednotek 2\/2020 &#8211; ZRU\u0160ENO !!!!"},"content":{"rendered":"<p><span style=\"color: #ff0000;\">Dobr\u00fd den v\u0161em,<\/span><\/p>\n<p>&nbsp;<\/p>\n<p align=\"center\"><span style=\"color: #ff0000;\"><strong>Z\u00a0D\u016eVODU NA\u0158\u00cdZEN\u00cd VL\u00c1DY O NOUZOV\u00c9M STAVU<\/strong><\/span><\/p>\n<p><span style=\"color: #ff0000;\"><strong>\u00a0<\/strong><\/span><\/p>\n<p><span style=\"color: #ff0000;\">N\u00e1vaznosti na usnesen\u00ed vl\u00e1dy ze dne 30. z\u00e1\u0159\u00ed 2020, kter\u00fdm vl\u00e1da v souladu s \u010dl. 5 a 6 \u00fastavn\u00edho z\u00e1kona \u010d. 110\/1998 Sb., o bezpe\u010dnosti \u010cesk\u00e9 republiky, vyhl\u00e1sila pro \u00fazem\u00ed \u010cesk\u00e9 republiky z d\u016fvodu ohro\u017een\u00ed zdrav\u00ed v souvislosti s prok\u00e1z\u00e1n\u00edm v\u00fdskytu koronaviru \/ozna\u010dovan\u00fd jako SARS-CoV-2\/ na \u00fazem\u00ed \u010cesk\u00e9 republiky nouzov\u00fd stav a ve smyslu \u00a7 5 p\u00edsm. a) a\u017e e) a \u00a7 6 z\u00e1kona \u010d. 240\/2000 Sb., o krizov\u00e9m \u0159\u00edzen\u00ed a o zm\u011bn\u011b n\u011bkter\u00fdch z\u00e1kon\u016f (krizov\u00fd z\u00e1kon), ve zn\u011bn\u00ed pozd\u011bj\u0161\u00edch p\u0159edpis\u016f, pro \u0159e\u0161en\u00ed vznikl\u00e9 krizov\u00e9 situace, rozhodla o p\u0159ijet\u00ed krizov\u00fdch opat\u0159en\u00ed, t\u00edmto ve smyslu ustanoven\u00ed \u00a7 5 p\u00edsm. c) a\u017e e) a \u00a7 6 odst. 1 p\u00edsm. b) krizov\u00e9ho z\u00e1kona.<\/span><\/p>\n<p>&nbsp;<\/p>\n<p align=\"center\"><span style=\"color: #ff0000;\"><strong>Zakazuje<\/strong><\/span><\/p>\n<p align=\"center\"><span style=\"color: #ff0000;\"><strong>\u00a0<\/strong><\/span><\/p>\n<p><span style=\"color: #ff0000;\">1. hromadn\u00e9 akce konan\u00e9 v po\u010dtu vy\u0161\u0161\u00edm ne\u017e deset osob ve vnit\u0159n\u00edch prostorech staveb a v po\u010dtu vy\u0161\u0161\u00edm ne\u017e dvacet osob ve vn\u011bj\u0161\u00edch prostorech.<\/span><\/p>\n<p><span style=\"color: #ff0000;\"><strong>\u00a0<\/strong><\/span><\/p>\n<p><span style=\"color: #ff0000;\"><strong>Hlasov\u00e1n\u00ed\u00a0 o bodech programu sch\u016fze, \u00a0prob\u011bhne per rollam &#8211; rozhodnut\u00ed mimo zased\u00e1n\u00ed kter\u00e9 v\u00a0sou\u010dasn\u00e9 dob\u011b p\u0159ipravujeme.<\/strong><\/span><\/p>\n<p>&nbsp;<\/p>\n<p>D\u011bkujeme za pochopen\u00ed a v\u0161em p\u0159ejeme pevn\u00e9 zdrav\u00ed..<\/p>\n<p>Za v\u00fdbor SVJ<\/p>\n<p>Stanislav Hru\u0161ka<\/p>\n<p>Martin Neumann<\/p>\n<p>\u0160t\u011bp\u00e1n Slez\u00e1\u010dek<\/p>\n<p>&#8212;&#8212;&#8212;&#8212;&#8212;&#8212;&#8212;&#8212;&#8212;&#8212;&#8212;&#8212;&#8212;&#8212;&#8212;&#8212;&#8212;&#8212;&#8212;&#8212;&#8212;&#8212;&#8212;&#8212;&#8212;&#8212;&#8212;&#8212;&#8212;&#8212;&#8212;&#8212;&#8212;&#8212;&#8212;&#8212;&#8212;&#8212;&#8212;&#8212;&#8212;&#8212;&#8212;&#8212;&#8212;&#8212;-<\/p>\n<p>Dobr\u00fd den,<\/p>\n<p>SVJ v\u00fdbor si V\u00e1s dovoluje pozvat na shrom\u00e1\u017ed\u011bn\u00ed vlastn\u00edk\u016f domu Nov\u00e1kov\u00fdch 59\/2\/4, Praha 8.<\/p>\n<p>Toto shrom\u00e1\u017ed\u011bn\u00ed bude v\u00fdjime\u010dn\u011b v pond\u011bl\u00ed dne <strong>5.10.2020 od 18:00 hod<\/strong>\u00a0 z \u010dasov\u00e9ho d\u016fvod\u016f na vyj\u00e1d\u0159en\u00ed souhlasu, \u010di nesouhlasu pro z\u0159\u00edzen\u00ed telekomunika\u010dn\u00edho optick\u00e9ho veden\u00ed od firmy Cetin.<\/p>\n<p>Plnou moc pro zastupov\u00e1n\u00ed, si m\u016f\u017eete st\u00e1hnout <a href=\"https:\/\/www.novakovych59.cz\/wp-content\/uploads\/2020\/06\/Pln\u00e1-moc_schuze_SVJ.pdf\">zde nebo v sekci Dokumenty ke sta\u017een\u00ed<\/a><\/p>\n<p>D\u011bkujeme moc za Va\u0161i \u00fa\u010dast a p\u0159ejeme hezk\u00fd den.<\/p>\n<p>S pozdravem,<\/p>\n<p>SVJ v\u00fdbor<\/p>\n<p>&nbsp;<\/p>\n<p><a href=\"https:\/\/www.novakovych59.cz\/?attachment_id=941\" rel=\"attachment wp-att-941\"><img loading=\"lazy\" decoding=\"async\" class=\"aligncenter wp-image-941\" src=\"https:\/\/www.novakovych59.cz\/wp-content\/uploads\/2020\/09\/Pozvanka_2_2020.jpg\" alt=\"\" width=\"667\" height=\"1069\" srcset=\"https:\/\/www.novakovych59.cz\/wp-content\/uploads\/2020\/09\/Pozvanka_2_2020.jpg 551w, https:\/\/www.novakovych59.cz\/wp-content\/uploads\/2020\/09\/Pozvanka_2_2020-187x300.jpg 187w, https:\/\/www.novakovych59.cz\/wp-content\/uploads\/2020\/09\/Pozvanka_2_2020-94x150.jpg 94w\" sizes=\"auto, (max-width: 667px) 100vw, 667px\" \/><\/a><\/p>\n","protected":false},"excerpt":{"rendered":"<p>Dobr\u00fd den v\u0161em, &nbsp; Z\u00a0D\u016eVODU NA\u0158\u00cdZEN\u00cd VL\u00c1DY O NOUZOV\u00c9M STAVU \u00a0 N\u00e1vaznosti na usnesen\u00ed vl\u00e1dy ze dne 30. z\u00e1\u0159\u00ed 2020, kter\u00fdm vl\u00e1da v souladu s \u010dl. 5 a 6 \u00fastavn\u00edho z\u00e1kona \u010d. 110\/1998 Sb., o bezpe\u010dnosti \u010cesk\u00e9 republiky, vyhl\u00e1sila pro &#8230; <a class=\"more-link\" href=\"https:\/\/www.novakovych59.cz\/?page_id=934\">\u010c\u00edst v\u00edce &raquo;<\/a><\/p>\n","protected":false},"author":1,"featured_media":0,"parent":0,"menu_order":0,"comment_status":"open","ping_status":"closed","template":"","meta":{"footnotes":""},"class_list":["post-934","page","type-page","status-publish","hentry"],"_links":{"self":[{"href":"https:\/\/www.novakovych59.cz\/index.php?rest_route=\/wp\/v2\/pages\/934","targetHints":{"allow":["GET"]}}],"collection":[{"href":"https:\/\/www.novakovych59.cz\/index.php?rest_route=\/wp\/v2\/pages"}],"about":[{"href":"https:\/\/www.novakovych59.cz\/index.php?rest_route=\/wp\/v2\/types\/page"}],"author":[{"embeddable":true,"href":"https:\/\/www.novakovych59.cz\/index.php?rest_route=\/wp\/v2\/users\/1"}],"replies":[{"embeddable":true,"href":"https:\/\/www.novakovych59.cz\/index.php?rest_route=%2Fwp%2Fv2%2Fcomments&post=934"}],"version-history":[{"count":5,"href":"https:\/\/www.novakovych59.cz\/index.php?rest_route=\/wp\/v2\/pages\/934\/revisions"}],"predecessor-version":[{"id":944,"href":"https:\/\/www.novakovych59.cz\/index.php?rest_route=\/wp\/v2\/pages\/934\/revisions\/944"}],"wp:attachment":[{"href":"https:\/\/www.novakovych59.cz\/index.php?rest_route=%2Fwp%2Fv2%2Fmedia&parent=934"}],"curies":[{"name":"wp","href":"https:\/\/api.w.org\/{rel}","templated":true}]}}