{"id":911,"date":"2020-06-10T08:28:37","date_gmt":"2020-06-10T06:28:37","guid":{"rendered":"https:\/\/www.novakovych59.cz\/?page_id=911"},"modified":"2026-02-10T14:05:39","modified_gmt":"2026-02-10T12:05:39","slug":"dokumenty-ke-stazeni","status":"publish","type":"page","link":"https:\/\/www.novakovych59.cz\/?page_id=911","title":{"rendered":"Dokumenty ke sta\u017een\u00ed"},"content":{"rendered":"<p><a href=\"https:\/\/www.novakovych59.cz\/wp-content\/uploads\/2026\/01\/Stanovy-Spolecenstvi-vlastniku-domu-Novakovych-59-finalni-uprava_fin.pdf\">Stanovy spole\u010denstv\u00ed \u00a0 \u00a0<\/a> (766 kb)<\/p>\n<p><a href=\"https:\/\/www.novakovych59.cz\/?page_id=1252&amp;preview=true\">Energetick\u00fd \u0161t\u00edtek domu<\/a> (dv\u011b verze)<\/p>\n<p><a href=\"https:\/\/www.novakovych59.cz\/wp-content\/uploads\/2026\/01\/Evidencni-list_najemce.docx\">Eviden\u010dn\u00ed list (n\u00e1jemce) \u00a0<\/a>(91,3kb)<\/p>\n<p><a href=\"https:\/\/www.novakovych59.cz\/wp-content\/uploads\/2025\/12\/PLNA-MOC_schuze_2025.docx\">Pln\u00e1 moc \u00a0<\/a> \u00a0\u00a0 (22 Kb)<\/p>\n<p>&nbsp;<\/p>\n<p>&nbsp;<\/p>\n<p>&nbsp;<\/p>\n<p>&nbsp;<\/p>\n","protected":false},"excerpt":{"rendered":"<p>Stanovy spole\u010denstv\u00ed \u00a0 \u00a0 (766 kb) Energetick\u00fd \u0161t\u00edtek domu (dv\u011b verze) Eviden\u010dn\u00ed list (n\u00e1jemce) \u00a0(91,3kb) Pln\u00e1 moc \u00a0 \u00a0\u00a0 (22 Kb) &nbsp; &nbsp; &nbsp; &nbsp;<\/p>\n","protected":false},"author":1,"featured_media":0,"parent":0,"menu_order":0,"comment_status":"closed","ping_status":"closed","template":"","meta":{"footnotes":""},"class_list":["post-911","page","type-page","status-publish","hentry"],"_links":{"self":[{"href":"https:\/\/www.novakovych59.cz\/index.php?rest_route=\/wp\/v2\/pages\/911","targetHints":{"allow":["GET"]}}],"collection":[{"href":"https:\/\/www.novakovych59.cz\/index.php?rest_route=\/wp\/v2\/pages"}],"about":[{"href":"https:\/\/www.novakovych59.cz\/index.php?rest_route=\/wp\/v2\/types\/page"}],"author":[{"embeddable":true,"href":"https:\/\/www.novakovych59.cz\/index.php?rest_route=\/wp\/v2\/users\/1"}],"replies":[{"embeddable":true,"href":"https:\/\/www.novakovych59.cz\/index.php?rest_route=%2Fwp%2Fv2%2Fcomments&post=911"}],"version-history":[{"count":24,"href":"https:\/\/www.novakovych59.cz\/index.php?rest_route=\/wp\/v2\/pages\/911\/revisions"}],"predecessor-version":[{"id":1254,"href":"https:\/\/www.novakovych59.cz\/index.php?rest_route=\/wp\/v2\/pages\/911\/revisions\/1254"}],"wp:attachment":[{"href":"https:\/\/www.novakovych59.cz\/index.php?rest_route=%2Fwp%2Fv2%2Fmedia&parent=911"}],"curies":[{"name":"wp","href":"https:\/\/api.w.org\/{rel}","templated":true}]}}