{"id":897,"date":"2020-06-09T17:35:06","date_gmt":"2020-06-09T15:35:06","guid":{"rendered":"https:\/\/www.novakovych59.cz\/?page_id=897"},"modified":"2021-10-05T20:04:33","modified_gmt":"2021-10-05T18:04:33","slug":"schuze-vlastniku-bytovych-jednotek-1-2020","status":"publish","type":"page","link":"https:\/\/www.novakovych59.cz\/?page_id=897","title":{"rendered":"Sch\u016fze vlastn\u00edk\u016f bytov\u00fdch jednotek 1\/2020"},"content":{"rendered":"\r\n<p>Mil\u00ed vlastn\u00edci,<\/p>\r\n\r\n\r\n\r\n<p>SVJ v\u00fdbor si V\u00e1s dovoluje pozvat na shrom\u00e1\u017ed\u011bn\u00ed vlastn\u00edk\u016f domu Nov\u00e1kov\u00fdch 59\/2\/4, Praha 8.<\/p>\r\n\r\n\r\n\r\n<p><br \/>Toto shrom\u00e1\u017ed\u011bn\u00ed bude trvat v\u00fdjime\u010dn\u011b 2 hodiny, proto\u017ee toho m\u00e1me hodn\u011b v\u011bc\u00ed k \u0159e\u0161en\u00ed.<\/p>\r\n\r\n\r\n\r\n<p>Plnou moc pro zastupov\u00e1n\u00ed, si m\u016f\u017eete st\u00e1hnout <a href=\"https:\/\/www.novakovych59.cz\/wp-content\/uploads\/2020\/06\/Pln\u00e1-moc_schuze_SVJ.pdf\">zde<\/a><\/p>\r\n<p>Z\u00e1pis ze sch\u016fze je ke st\u00e1hnut\u00ed <a href=\"https:\/\/www.novakovych59.cz\/wp-content\/uploads\/2020\/07\/Z\u00e1pis-ze-schuze-dne-25.6.2020.pdf\">\u00a0zde<\/a> \u00a0 (7,8 Mb )<\/p>\r\n<p>\u017daloba na LBD8 a vyj\u00e1d\u0159en\u00ed, je ke sta\u017een\u00ed <a href=\"https:\/\/www.novakovych59.cz\/wp-content\/uploads\/2021\/10\/SVJ-Novakovych-vyjadreni-zalobce-k-vyjadreni-zalovaneho.pdf\">zde<\/a><\/p>\r\n\r\n\r\n\r\n<p>D\u011bkujeme moc za Va\u0161i \u00fa\u010dast a p\u0159ejeme hezk\u00fd den.<\/p>\r\n\r\n\r\n\r\n<p>S pozdravem,<br \/>SVJ v\u00fdbor<\/p>\r\n\r\n\r\n\r\n<p>&nbsp;<\/p>\r\n\r\n\r\n\r\n<div class=\"wp-block-image\">\r\n<figure class=\"aligncenter size-large\"><img loading=\"lazy\" decoding=\"async\" class=\"wp-image-898\" src=\"https:\/\/www.novakovych59.cz\/wp-content\/uploads\/2020\/06\/Pozv\u00e1nka_25_6_2020.jpg\" alt=\"\" width=\"674\" height=\"939\" srcset=\"https:\/\/www.novakovych59.cz\/wp-content\/uploads\/2020\/06\/Pozv\u00e1nka_25_6_2020.jpg 627w, https:\/\/www.novakovych59.cz\/wp-content\/uploads\/2020\/06\/Pozv\u00e1nka_25_6_2020-215x300.jpg 215w, https:\/\/www.novakovych59.cz\/wp-content\/uploads\/2020\/06\/Pozv\u00e1nka_25_6_2020-108x150.jpg 108w\" sizes=\"auto, (max-width: 674px) 100vw, 674px\" \/><\/figure>\r\n<\/div>\r\n","protected":false},"excerpt":{"rendered":"<p>Mil\u00ed vlastn\u00edci, SVJ v\u00fdbor si V\u00e1s dovoluje pozvat na shrom\u00e1\u017ed\u011bn\u00ed vlastn\u00edk\u016f domu Nov\u00e1kov\u00fdch 59\/2\/4, Praha 8. Toto shrom\u00e1\u017ed\u011bn\u00ed bude trvat v\u00fdjime\u010dn\u011b 2 hodiny, proto\u017ee toho m\u00e1me hodn\u011b v\u011bc\u00ed k \u0159e\u0161en\u00ed. Plnou moc pro zastupov\u00e1n\u00ed, si m\u016f\u017eete st\u00e1hnout zde Z\u00e1pis ze &#8230; <a class=\"more-link\" href=\"https:\/\/www.novakovych59.cz\/?page_id=897\">\u010c\u00edst v\u00edce &raquo;<\/a><\/p>\n","protected":false},"author":1,"featured_media":0,"parent":20,"menu_order":0,"comment_status":"open","ping_status":"closed","template":"","meta":{"footnotes":""},"class_list":["post-897","page","type-page","status-publish","hentry"],"_links":{"self":[{"href":"https:\/\/www.novakovych59.cz\/index.php?rest_route=\/wp\/v2\/pages\/897","targetHints":{"allow":["GET"]}}],"collection":[{"href":"https:\/\/www.novakovych59.cz\/index.php?rest_route=\/wp\/v2\/pages"}],"about":[{"href":"https:\/\/www.novakovych59.cz\/index.php?rest_route=\/wp\/v2\/types\/page"}],"author":[{"embeddable":true,"href":"https:\/\/www.novakovych59.cz\/index.php?rest_route=\/wp\/v2\/users\/1"}],"replies":[{"embeddable":true,"href":"https:\/\/www.novakovych59.cz\/index.php?rest_route=%2Fwp%2Fv2%2Fcomments&post=897"}],"version-history":[{"count":12,"href":"https:\/\/www.novakovych59.cz\/index.php?rest_route=\/wp\/v2\/pages\/897\/revisions"}],"predecessor-version":[{"id":1053,"href":"https:\/\/www.novakovych59.cz\/index.php?rest_route=\/wp\/v2\/pages\/897\/revisions\/1053"}],"up":[{"embeddable":true,"href":"https:\/\/www.novakovych59.cz\/index.php?rest_route=\/wp\/v2\/pages\/20"}],"wp:attachment":[{"href":"https:\/\/www.novakovych59.cz\/index.php?rest_route=%2Fwp%2Fv2%2Fmedia&parent=897"}],"curies":[{"name":"wp","href":"https:\/\/api.w.org\/{rel}","templated":true}]}}