{"id":882,"date":"2020-03-27T15:56:45","date_gmt":"2020-03-27T13:56:45","guid":{"rendered":"https:\/\/www.novakovych59.cz\/?page_id=882"},"modified":"2020-07-15T15:39:32","modified_gmt":"2020-07-15T13:39:32","slug":"odmitnuti-ucetni-zaverky-predzalobni-upominka","status":"publish","type":"page","link":"https:\/\/www.novakovych59.cz\/?page_id=882","title":{"rendered":"Odm\u00edtnut\u00ed  \u00fa\u010detn\u00ed z\u00e1v\u011brky 2019 + p\u0159ed\u017ealobn\u00ed upom\u00ednka"},"content":{"rendered":"\r\n<p>Mil\u00ed soused\u00e9 a vlastn\u00edci bytov\u00fdch jednotek,<br \/>Dostala se n\u00e1m do rukou \u00fa\u010detn\u00ed uz\u00e1v\u011brka za rok 2019 , s kterou absolutn\u011b nesouhlas\u00edme a odm\u00edt\u00e1me ji takto podepsat.<\/p>\r\n\r\n\r\n\r\n<p>Hlavn\u00edmi d\u016fvody na\u0161eho nesouhlasu, by bylo faktick\u00e9 uzn\u00e1n\u00ed dluhu za rekonstrukci spodn\u00ed fas\u00e1dy, v\u00fdkladc\u016f a kovov\u00e9 konstrukce na reklamn\u00ed bannery na na\u0161em dom\u011b, kter\u00e9 nebyly nikdy shrom\u00e1\u017ed\u011bn\u00edm schv\u00e1leny.<\/p>\r\n\r\n\r\n\r\n<p>Dnes byl tento dopis odesl\u00e1n na LBD8 pomoc\u00ed datov\u00e9 schr\u00e1nky a d\u00e1le i emailem, v\u010detn\u011b jejich kontroln\u00ed komise.<br \/>Ve\u0161ker\u00e9 d\u016fvody na\u0161eho nesouhlasu naleznete v emailu, kter\u00fd v\u00e1m byl zasl\u00e1n.<\/p>\r\n\r\n\r\n\r\n<p>M\u00e1te li n\u011bjak\u00e9 dotazy k tomuto t\u00e9matu, nev\u00e1hejte kontaktovat SVD v\u00fdbor.<\/p>\r\n<p>Odpov\u011b\u010f na n\u00e1\u0161 nesouhlas ze strany LBD8, si m\u016f\u017eete p\u0159e\u010d\u00edst pros\u00edm <a href=\"https:\/\/www.novakovych59.cz\/wp-content\/uploads\/2020\/07\/LBD8_odpoved_fasada.pdf\">zde<\/a> \u00a0<\/p>\r\n\r\n\r\n\r\n<p>D\u011bkujeme moc za pozornost a hezk\u00fd den p\u0159eji.<\/p>\r\n\r\n\r\n\r\n<p>Za SVD v\u00fdbor<\/p>\r\n\r\n\r\n\r\n<p>Stanislav Hru\u0161ka<br \/>\u0160t\u011bp\u00e1n Slez\u00e1\u010dek<br \/>Martin Neumann<\/p>\r\n","protected":false},"excerpt":{"rendered":"<p>Mil\u00ed soused\u00e9 a vlastn\u00edci bytov\u00fdch jednotek,Dostala se n\u00e1m do rukou \u00fa\u010detn\u00ed uz\u00e1v\u011brka za rok 2019 , s kterou absolutn\u011b nesouhlas\u00edme a odm\u00edt\u00e1me ji takto podepsat. Hlavn\u00edmi d\u016fvody na\u0161eho nesouhlasu, by bylo faktick\u00e9 uzn\u00e1n\u00ed dluhu za rekonstrukci spodn\u00ed fas\u00e1dy, v\u00fdkladc\u016f a &#8230; <a class=\"more-link\" href=\"https:\/\/www.novakovych59.cz\/?page_id=882\">\u010c\u00edst v\u00edce &raquo;<\/a><\/p>\n","protected":false},"author":1,"featured_media":0,"parent":0,"menu_order":0,"comment_status":"open","ping_status":"closed","template":"","meta":{"footnotes":""},"class_list":["post-882","page","type-page","status-publish","hentry"],"_links":{"self":[{"href":"https:\/\/www.novakovych59.cz\/index.php?rest_route=\/wp\/v2\/pages\/882","targetHints":{"allow":["GET"]}}],"collection":[{"href":"https:\/\/www.novakovych59.cz\/index.php?rest_route=\/wp\/v2\/pages"}],"about":[{"href":"https:\/\/www.novakovych59.cz\/index.php?rest_route=\/wp\/v2\/types\/page"}],"author":[{"embeddable":true,"href":"https:\/\/www.novakovych59.cz\/index.php?rest_route=\/wp\/v2\/users\/1"}],"replies":[{"embeddable":true,"href":"https:\/\/www.novakovych59.cz\/index.php?rest_route=%2Fwp%2Fv2%2Fcomments&post=882"}],"version-history":[{"count":4,"href":"https:\/\/www.novakovych59.cz\/index.php?rest_route=\/wp\/v2\/pages\/882\/revisions"}],"predecessor-version":[{"id":928,"href":"https:\/\/www.novakovych59.cz\/index.php?rest_route=\/wp\/v2\/pages\/882\/revisions\/928"}],"wp:attachment":[{"href":"https:\/\/www.novakovych59.cz\/index.php?rest_route=%2Fwp%2Fv2%2Fmedia&parent=882"}],"curies":[{"name":"wp","href":"https:\/\/api.w.org\/{rel}","templated":true}]}}