{"id":863,"date":"2019-12-20T13:25:35","date_gmt":"2019-12-20T11:25:35","guid":{"rendered":"https:\/\/www.novakovych59.cz\/?page_id=863"},"modified":"2019-12-20T13:25:35","modified_gmt":"2019-12-20T11:25:35","slug":"platby-od-noveho-roku-2020","status":"publish","type":"page","link":"https:\/\/www.novakovych59.cz\/?page_id=863","title":{"rendered":"Platby od Nov\u00e9ho Roku 2020"},"content":{"rendered":"\n<p>Mil\u00ed vlastn\u00edci jednotek a soused\u00e9<\/p>\n\n\n\n<p>Jeliko\u017e pomal\u00fdmi, ale\njist\u00fdmi kroky vstupujeme do dal\u0161\u00edho roku, tak si dovolujeme V\u00e1m poslat nov\u00e9\nrozpo\u010dtov\u00e9 listy k&nbsp;Va\u0161\u00ed bytov\u00e9 jednotce na p\u0159\u00ed\u0161t\u00ed rok 2020.<\/p>\n\n\n\n<p>Chceme jen upozornit, \u017ee\nplatby na obdob\u00ed roku 2020 a d\u00e1le, budou zas\u00edl\u00e1ny ji\u017e na nov\u00e9 \u010d\u00edslo\nbankovn\u00edho&nbsp; \u00fa\u010dtu na\u0161eho zalo\u017een\u00e9ho\nspole\u010denstv\u00ed.<\/p>\n\n\n\n<p style=\"text-align:center\"><strong>Fio banka: 59245926\/2010<\/strong><\/p>\n\n\n\n<p>Variabiln\u00ed symbol platn\u00fd\npro va\u0161i bytovou jednotku, je uveden na v\u00fdpo\u010dtov\u00e9m listu, kter\u00fd V\u00e1m byl odesl\u00e1n\npomoc\u00ed emailu. <\/p>\n\n\n\n<p>&nbsp;Platba m\u011bs\u00ed\u010dn\u00edch z\u00e1loh mus\u00ed b\u00fdt nejpozd\u011bji na\n\u00fa\u010dtu <strong>do 20.<\/strong> <strong>dne<\/strong> v ka\u017ed\u00e9m&nbsp;kalend\u00e1\u0159n\u00edm m\u011bs\u00edci, dle stanov na\u0161eho\nspole\u010denstv\u00ed. <\/p>\n\n\n\n<p>Pokud chcete d\u011blat \u00fahrady\np\u0159es syst\u00e9m &nbsp;SIPO a chcete nad\u00e1le\npokra\u010dovat touto platebn\u00ed formou, &nbsp;m\u011bjte\npros\u00edm trp\u011blivost, aktu\u00e1ln\u011b se tento \u00fa\u010det zakl\u00e1d\u00e1 &nbsp;a bude k&nbsp;dispozici a\u017e od 1.2.2020. <\/p>\n\n\n\n<p>&nbsp;Proto prvn\u00ed platbu za Leden 2020, prove\u010fte\npros\u00edm, klasick\u00fdm bankovn\u00edm p\u0159evodem. <\/p>\n\n\n\n<p>Z\u00e1v\u011brem bychom r\u00e1di\npop\u0159\u00e1li kr\u00e1sn\u00e9 pro\u017eit\u00ed v\u00e1no\u010dn\u00edch sv\u00e1tku a v\u0161e NEJ&#8230; do Nov\u00e9ho Roku 2020.<\/p>\n\n\n\n<p>S&nbsp;V\u00e1no\u010dn\u00edm\npozdravem,<\/p>\n\n\n\n<p>V\u00fdbor SVJ<\/p>\n\n\n\n<p>Stanislav Hru\u0161ka<\/p>\n\n\n\n<p>\u0160t\u011bp\u00e1n Slez\u00e1\u010dek<\/p>\n\n\n\n<p>Martin Neumann<\/p>\n\n\n\n<div class=\"wp-block-image\"><figure class=\"aligncenter\"><img loading=\"lazy\" decoding=\"async\" width=\"823\" height=\"407\" src=\"https:\/\/www.novakovych59.cz\/wp-content\/uploads\/2019\/12\/Vanoce2019-1.jpg\" alt=\"\" class=\"wp-image-867\" srcset=\"https:\/\/www.novakovych59.cz\/wp-content\/uploads\/2019\/12\/Vanoce2019-1.jpg 823w, https:\/\/www.novakovych59.cz\/wp-content\/uploads\/2019\/12\/Vanoce2019-1-150x74.jpg 150w, https:\/\/www.novakovych59.cz\/wp-content\/uploads\/2019\/12\/Vanoce2019-1-300x148.jpg 300w, https:\/\/www.novakovych59.cz\/wp-content\/uploads\/2019\/12\/Vanoce2019-1-768x380.jpg 768w\" sizes=\"auto, (max-width: 823px) 100vw, 823px\" \/><\/figure><\/div>\n","protected":false},"excerpt":{"rendered":"<p>Mil\u00ed vlastn\u00edci jednotek a soused\u00e9 Jeliko\u017e pomal\u00fdmi, ale jist\u00fdmi kroky vstupujeme do dal\u0161\u00edho roku, tak si dovolujeme V\u00e1m poslat nov\u00e9 rozpo\u010dtov\u00e9 listy k&nbsp;Va\u0161\u00ed bytov\u00e9 jednotce na p\u0159\u00ed\u0161t\u00ed rok 2020. Chceme jen upozornit, \u017ee platby na obdob\u00ed roku 2020 a d\u00e1le, &#8230; <a class=\"more-link\" href=\"https:\/\/www.novakovych59.cz\/?page_id=863\">\u010c\u00edst v\u00edce &raquo;<\/a><\/p>\n","protected":false},"author":1,"featured_media":0,"parent":0,"menu_order":0,"comment_status":"open","ping_status":"closed","template":"","meta":{"footnotes":""},"class_list":["post-863","page","type-page","status-publish","hentry"],"_links":{"self":[{"href":"https:\/\/www.novakovych59.cz\/index.php?rest_route=\/wp\/v2\/pages\/863","targetHints":{"allow":["GET"]}}],"collection":[{"href":"https:\/\/www.novakovych59.cz\/index.php?rest_route=\/wp\/v2\/pages"}],"about":[{"href":"https:\/\/www.novakovych59.cz\/index.php?rest_route=\/wp\/v2\/types\/page"}],"author":[{"embeddable":true,"href":"https:\/\/www.novakovych59.cz\/index.php?rest_route=\/wp\/v2\/users\/1"}],"replies":[{"embeddable":true,"href":"https:\/\/www.novakovych59.cz\/index.php?rest_route=%2Fwp%2Fv2%2Fcomments&post=863"}],"version-history":[{"count":3,"href":"https:\/\/www.novakovych59.cz\/index.php?rest_route=\/wp\/v2\/pages\/863\/revisions"}],"predecessor-version":[{"id":868,"href":"https:\/\/www.novakovych59.cz\/index.php?rest_route=\/wp\/v2\/pages\/863\/revisions\/868"}],"wp:attachment":[{"href":"https:\/\/www.novakovych59.cz\/index.php?rest_route=%2Fwp%2Fv2%2Fmedia&parent=863"}],"curies":[{"name":"wp","href":"https:\/\/api.w.org\/{rel}","templated":true}]}}