{"id":854,"date":"2019-12-17T17:11:20","date_gmt":"2019-12-17T15:11:20","guid":{"rendered":"https:\/\/www.novakovych59.cz\/?page_id=854"},"modified":"2019-12-17T17:13:12","modified_gmt":"2019-12-17T15:13:12","slug":"vysledky-hlasovani-2019-per-rollam","status":"publish","type":"page","link":"https:\/\/www.novakovych59.cz\/?page_id=854","title":{"rendered":"V\u00fdsledky hlasov\u00e1n\u00ed 2019-1,  per rollam"},"content":{"rendered":"\n<p>Mil\u00ed vlastn\u00edci bytov\u00fdch jednotek,<\/p>\n\n\n\n<p>Dovolte n\u00e1m abychom V\u00e1s sezn\u00e1mili s kone\u010dn\u00fdm v\u00fdsledkem  hlasov\u00e1n\u00ed  per rollam,  kter\u00e9 bylo uzav\u0159eno dne 15.12.2019<\/p>\n\n\n\n<figure class=\"wp-block-image\"><img loading=\"lazy\" decoding=\"async\" width=\"643\" height=\"900\" src=\"https:\/\/www.novakovych59.cz\/wp-content\/uploads\/2019\/12\/Vysledek-hlasovani-2019-1-per-rollam.png\" alt=\"\" class=\"wp-image-858\" srcset=\"https:\/\/www.novakovych59.cz\/wp-content\/uploads\/2019\/12\/Vysledek-hlasovani-2019-1-per-rollam.png 643w, https:\/\/www.novakovych59.cz\/wp-content\/uploads\/2019\/12\/Vysledek-hlasovani-2019-1-per-rollam-107x150.png 107w, https:\/\/www.novakovych59.cz\/wp-content\/uploads\/2019\/12\/Vysledek-hlasovani-2019-1-per-rollam-214x300.png 214w\" sizes=\"auto, (max-width: 643px) 100vw, 643px\" \/><\/figure>\n","protected":false},"excerpt":{"rendered":"<p>Mil\u00ed vlastn\u00edci bytov\u00fdch jednotek, Dovolte n\u00e1m abychom V\u00e1s sezn\u00e1mili s kone\u010dn\u00fdm v\u00fdsledkem hlasov\u00e1n\u00ed per rollam, kter\u00e9 bylo uzav\u0159eno dne 15.12.2019<\/p>\n","protected":false},"author":1,"featured_media":0,"parent":0,"menu_order":0,"comment_status":"open","ping_status":"closed","template":"","meta":{"footnotes":""},"class_list":["post-854","page","type-page","status-publish","hentry"],"_links":{"self":[{"href":"https:\/\/www.novakovych59.cz\/index.php?rest_route=\/wp\/v2\/pages\/854","targetHints":{"allow":["GET"]}}],"collection":[{"href":"https:\/\/www.novakovych59.cz\/index.php?rest_route=\/wp\/v2\/pages"}],"about":[{"href":"https:\/\/www.novakovych59.cz\/index.php?rest_route=\/wp\/v2\/types\/page"}],"author":[{"embeddable":true,"href":"https:\/\/www.novakovych59.cz\/index.php?rest_route=\/wp\/v2\/users\/1"}],"replies":[{"embeddable":true,"href":"https:\/\/www.novakovych59.cz\/index.php?rest_route=%2Fwp%2Fv2%2Fcomments&post=854"}],"version-history":[{"count":3,"href":"https:\/\/www.novakovych59.cz\/index.php?rest_route=\/wp\/v2\/pages\/854\/revisions"}],"predecessor-version":[{"id":860,"href":"https:\/\/www.novakovych59.cz\/index.php?rest_route=\/wp\/v2\/pages\/854\/revisions\/860"}],"wp:attachment":[{"href":"https:\/\/www.novakovych59.cz\/index.php?rest_route=%2Fwp%2Fv2%2Fmedia&parent=854"}],"curies":[{"name":"wp","href":"https:\/\/api.w.org\/{rel}","templated":true}]}}