{"id":76,"date":"2014-07-11T16:59:18","date_gmt":"2014-07-11T14:59:18","guid":{"rendered":"http:\/\/www.novakovych59.cz\/?page_id=76"},"modified":"2014-07-14T09:07:07","modified_gmt":"2014-07-14T07:07:07","slug":"kontrola-a-cisteni-spalovacich-cest-zpristupneni-bytu","status":"publish","type":"page","link":"https:\/\/www.novakovych59.cz\/?page_id=76","title":{"rendered":"Kontrola spalovac\u00edch cest"},"content":{"rendered":"<p><span style=\"font-size: x-large;\">Kontrola a \u010di\u0161t\u011bn\u00ed spalovac\u00edch cest &#8211; zp\u0159\u00edstupn\u011bn\u00ed byt\u016f<\/span><\/p>\n<p><a href=\"http:\/\/www.novakovych59.cz\/wp-content\/uploads\/2014\/07\/Image3.jpg\"><img loading=\"lazy\" decoding=\"async\" class=\"alignnone size-medium wp-image-77\" src=\"http:\/\/www.novakovych59.cz\/wp-content\/uploads\/2014\/07\/Image3-225x300.jpg\" alt=\"Image3\" width=\"225\" height=\"300\" srcset=\"https:\/\/www.novakovych59.cz\/wp-content\/uploads\/2014\/07\/Image3-225x300.jpg 225w, https:\/\/www.novakovych59.cz\/wp-content\/uploads\/2014\/07\/Image3.jpg 450w\" sizes=\"auto, (max-width: 225px) 100vw, 225px\" \/><\/a><\/p>\n","protected":false},"excerpt":{"rendered":"<p>Kontrola a \u010di\u0161t\u011bn\u00ed spalovac\u00edch cest &#8211; zp\u0159\u00edstupn\u011bn\u00ed byt\u016f<\/p>\n","protected":false},"author":1,"featured_media":0,"parent":20,"menu_order":1,"comment_status":"open","ping_status":"closed","template":"page-templates\/full-width.php","meta":{"footnotes":""},"class_list":["post-76","page","type-page","status-publish","hentry"],"_links":{"self":[{"href":"https:\/\/www.novakovych59.cz\/index.php?rest_route=\/wp\/v2\/pages\/76","targetHints":{"allow":["GET"]}}],"collection":[{"href":"https:\/\/www.novakovych59.cz\/index.php?rest_route=\/wp\/v2\/pages"}],"about":[{"href":"https:\/\/www.novakovych59.cz\/index.php?rest_route=\/wp\/v2\/types\/page"}],"author":[{"embeddable":true,"href":"https:\/\/www.novakovych59.cz\/index.php?rest_route=\/wp\/v2\/users\/1"}],"replies":[{"embeddable":true,"href":"https:\/\/www.novakovych59.cz\/index.php?rest_route=%2Fwp%2Fv2%2Fcomments&post=76"}],"version-history":[{"count":1,"href":"https:\/\/www.novakovych59.cz\/index.php?rest_route=\/wp\/v2\/pages\/76\/revisions"}],"predecessor-version":[{"id":78,"href":"https:\/\/www.novakovych59.cz\/index.php?rest_route=\/wp\/v2\/pages\/76\/revisions\/78"}],"up":[{"embeddable":true,"href":"https:\/\/www.novakovych59.cz\/index.php?rest_route=\/wp\/v2\/pages\/20"}],"wp:attachment":[{"href":"https:\/\/www.novakovych59.cz\/index.php?rest_route=%2Fwp%2Fv2%2Fmedia&parent=76"}],"curies":[{"name":"wp","href":"https:\/\/api.w.org\/{rel}","templated":true}]}}