{"id":745,"date":"2019-05-28T17:17:16","date_gmt":"2019-05-28T15:17:16","guid":{"rendered":"http:\/\/www.novakovych59.cz\/?page_id=745"},"modified":"2019-05-28T17:17:16","modified_gmt":"2019-05-28T15:17:16","slug":"smutecni-oznameni-o-umrti-nasi-sousedky-pani-zuzanky-simlove","status":"publish","type":"page","link":"https:\/\/www.novakovych59.cz\/?page_id=745","title":{"rendered":"Smute\u010dn\u00ed ozn\u00e1men\u00ed o \u00famrt\u00ed na\u0161\u00ed  sousedky  pan\u00ed Zuzanky \u0160imlov\u00e9"},"content":{"rendered":"\n<p>Mil\u00ed soused\u00e9,<\/p>\n\n\n\n<p>S politov\u00e1n\u00edm,  V\u00e1m oznamujeme, \u017ee dne 17.5.2018  zem\u0159ela n\u00e1\u0161e sousedka pan\u00ed Zuzanka \u0160imlov\u00e1, kter\u00fd \u017eila dlouh\u00e1 l\u00e9ta ve vchod\u011b \u010d\u00edslo 2. Poz\u016fstal\u00fdm p\u0159ejeme na\u0161i up\u0159\u00edmnou soustrast.<\/p>\n\n\n\n<p><\/p>\n\n\n\n<figure class=\"wp-block-image\"><img loading=\"lazy\" decoding=\"async\" width=\"768\" height=\"1024\" src=\"http:\/\/www.novakovych59.cz\/wp-content\/uploads\/2019\/05\/Photo-28-05-2019-07-23-48-e1559055882882-768x1024.jpg\" alt=\"\" class=\"wp-image-746\" srcset=\"https:\/\/www.novakovych59.cz\/wp-content\/uploads\/2019\/05\/Photo-28-05-2019-07-23-48-e1559055882882-768x1024.jpg 768w, https:\/\/www.novakovych59.cz\/wp-content\/uploads\/2019\/05\/Photo-28-05-2019-07-23-48-e1559055882882-113x150.jpg 113w, https:\/\/www.novakovych59.cz\/wp-content\/uploads\/2019\/05\/Photo-28-05-2019-07-23-48-e1559055882882-225x300.jpg 225w, https:\/\/www.novakovych59.cz\/wp-content\/uploads\/2019\/05\/Photo-28-05-2019-07-23-48-e1559055882882-940x1253.jpg 940w\" sizes=\"auto, (max-width: 768px) 100vw, 768px\" \/><\/figure>\n","protected":false},"excerpt":{"rendered":"<p>Mil\u00ed soused\u00e9, S politov\u00e1n\u00edm, V\u00e1m oznamujeme, \u017ee dne 17.5.2018 zem\u0159ela n\u00e1\u0161e sousedka pan\u00ed Zuzanka \u0160imlov\u00e1, kter\u00fd \u017eila dlouh\u00e1 l\u00e9ta ve vchod\u011b \u010d\u00edslo 2. Poz\u016fstal\u00fdm p\u0159ejeme na\u0161i up\u0159\u00edmnou soustrast.<\/p>\n","protected":false},"author":1,"featured_media":0,"parent":0,"menu_order":0,"comment_status":"closed","ping_status":"closed","template":"","meta":{"footnotes":""},"class_list":["post-745","page","type-page","status-publish","hentry"],"_links":{"self":[{"href":"https:\/\/www.novakovych59.cz\/index.php?rest_route=\/wp\/v2\/pages\/745","targetHints":{"allow":["GET"]}}],"collection":[{"href":"https:\/\/www.novakovych59.cz\/index.php?rest_route=\/wp\/v2\/pages"}],"about":[{"href":"https:\/\/www.novakovych59.cz\/index.php?rest_route=\/wp\/v2\/types\/page"}],"author":[{"embeddable":true,"href":"https:\/\/www.novakovych59.cz\/index.php?rest_route=\/wp\/v2\/users\/1"}],"replies":[{"embeddable":true,"href":"https:\/\/www.novakovych59.cz\/index.php?rest_route=%2Fwp%2Fv2%2Fcomments&post=745"}],"version-history":[{"count":4,"href":"https:\/\/www.novakovych59.cz\/index.php?rest_route=\/wp\/v2\/pages\/745\/revisions"}],"predecessor-version":[{"id":750,"href":"https:\/\/www.novakovych59.cz\/index.php?rest_route=\/wp\/v2\/pages\/745\/revisions\/750"}],"wp:attachment":[{"href":"https:\/\/www.novakovych59.cz\/index.php?rest_route=%2Fwp%2Fv2%2Fmedia&parent=745"}],"curies":[{"name":"wp","href":"https:\/\/api.w.org\/{rel}","templated":true}]}}