{"id":734,"date":"2019-02-28T16:05:18","date_gmt":"2019-02-28T14:05:18","guid":{"rendered":"http:\/\/www.novakovych59.cz\/?page_id=734"},"modified":"2019-02-28T16:07:46","modified_gmt":"2019-02-28T14:07:46","slug":"vymena-zamku-a-rozdani-objednanych-cipu-navic","status":"publish","type":"page","link":"https:\/\/www.novakovych59.cz\/?page_id=734","title":{"rendered":"V\u00fdm\u011bna z\u00e1mk\u016f a rozd\u00e1n\u00ed objednan\u00fdch \u010dip\u016f  nav\u00edc"},"content":{"rendered":"\n<figure class=\"wp-block-image is-resized\"><img loading=\"lazy\" decoding=\"async\" src=\"http:\/\/www.novakovych59.cz\/wp-content\/uploads\/2019\/02\/Vymena-zamku.jpg\" alt=\"\" class=\"wp-image-733\" width=\"580\" height=\"606\" srcset=\"https:\/\/www.novakovych59.cz\/wp-content\/uploads\/2019\/02\/Vymena-zamku.jpg 864w, https:\/\/www.novakovych59.cz\/wp-content\/uploads\/2019\/02\/Vymena-zamku-144x150.jpg 144w, https:\/\/www.novakovych59.cz\/wp-content\/uploads\/2019\/02\/Vymena-zamku-287x300.jpg 287w, https:\/\/www.novakovych59.cz\/wp-content\/uploads\/2019\/02\/Vymena-zamku-768x803.jpg 768w\" sizes=\"auto, (max-width: 580px) 100vw, 580px\" \/><\/figure>\n","protected":false},"excerpt":{"rendered":"","protected":false},"author":1,"featured_media":0,"parent":0,"menu_order":0,"comment_status":"open","ping_status":"closed","template":"","meta":{"footnotes":""},"class_list":["post-734","page","type-page","status-publish","hentry"],"_links":{"self":[{"href":"https:\/\/www.novakovych59.cz\/index.php?rest_route=\/wp\/v2\/pages\/734","targetHints":{"allow":["GET"]}}],"collection":[{"href":"https:\/\/www.novakovych59.cz\/index.php?rest_route=\/wp\/v2\/pages"}],"about":[{"href":"https:\/\/www.novakovych59.cz\/index.php?rest_route=\/wp\/v2\/types\/page"}],"author":[{"embeddable":true,"href":"https:\/\/www.novakovych59.cz\/index.php?rest_route=\/wp\/v2\/users\/1"}],"replies":[{"embeddable":true,"href":"https:\/\/www.novakovych59.cz\/index.php?rest_route=%2Fwp%2Fv2%2Fcomments&post=734"}],"version-history":[{"count":1,"href":"https:\/\/www.novakovych59.cz\/index.php?rest_route=\/wp\/v2\/pages\/734\/revisions"}],"predecessor-version":[{"id":735,"href":"https:\/\/www.novakovych59.cz\/index.php?rest_route=\/wp\/v2\/pages\/734\/revisions\/735"}],"wp:attachment":[{"href":"https:\/\/www.novakovych59.cz\/index.php?rest_route=%2Fwp%2Fv2%2Fmedia&parent=734"}],"curies":[{"name":"wp","href":"https:\/\/api.w.org\/{rel}","templated":true}]}}