{"id":72,"date":"2014-07-11T16:25:19","date_gmt":"2014-07-11T14:25:19","guid":{"rendered":"http:\/\/www.novakovych59.cz\/?page_id=72"},"modified":"2016-06-23T22:26:21","modified_gmt":"2016-06-23T20:26:21","slug":"vchod-cislo-4","status":"publish","type":"page","link":"https:\/\/www.novakovych59.cz\/?page_id=72","title":{"rendered":"Vchod \u010d\u00edslo 4"},"content":{"rendered":"<p>Pohled z lev\u00e9 strany domu.<\/p>\n<p>Dole p\u016fvodn\u011b pas\u00e1\u017e atd..<\/p>\n<p>Historie domu zde.<\/p>\n<p><a href=\"http:\/\/www.novakovych59.cz\/wp-content\/uploads\/2014\/07\/Historie-domu-Nov\u00e1kov\u00fdch-59.pdf\" target=\"_blank\">Historie domu Nov\u00e1kov\u00fdch 59<\/a><\/p>\n<p><a href=\"http:\/\/www.novakovych59.cz\/wp-content\/uploads\/2014\/07\/P1040927.jpg\"><img loading=\"lazy\" decoding=\"async\" class=\"wp-image-73 alignright\" src=\"http:\/\/www.novakovych59.cz\/wp-content\/uploads\/2014\/07\/P1040927-200x300.jpg\" alt=\"P1040927\" width=\"229\" height=\"344\" srcset=\"https:\/\/www.novakovych59.cz\/wp-content\/uploads\/2014\/07\/P1040927-200x300.jpg 200w, https:\/\/www.novakovych59.cz\/wp-content\/uploads\/2014\/07\/P1040927-682x1024.jpg 682w, https:\/\/www.novakovych59.cz\/wp-content\/uploads\/2014\/07\/P1040927-624x936.jpg 624w\" sizes=\"auto, (max-width: 229px) 100vw, 229px\" \/><\/a><\/p>\n","protected":false},"excerpt":{"rendered":"<p>Pohled z lev\u00e9 strany domu. Dole p\u016fvodn\u011b pas\u00e1\u017e atd.. Historie domu zde. Historie domu Nov\u00e1kov\u00fdch 59<\/p>\n","protected":false},"author":1,"featured_media":0,"parent":0,"menu_order":4,"comment_status":"open","ping_status":"closed","template":"","meta":{"footnotes":""},"class_list":["post-72","page","type-page","status-publish","hentry"],"_links":{"self":[{"href":"https:\/\/www.novakovych59.cz\/index.php?rest_route=\/wp\/v2\/pages\/72","targetHints":{"allow":["GET"]}}],"collection":[{"href":"https:\/\/www.novakovych59.cz\/index.php?rest_route=\/wp\/v2\/pages"}],"about":[{"href":"https:\/\/www.novakovych59.cz\/index.php?rest_route=\/wp\/v2\/types\/page"}],"author":[{"embeddable":true,"href":"https:\/\/www.novakovych59.cz\/index.php?rest_route=\/wp\/v2\/users\/1"}],"replies":[{"embeddable":true,"href":"https:\/\/www.novakovych59.cz\/index.php?rest_route=%2Fwp%2Fv2%2Fcomments&post=72"}],"version-history":[{"count":4,"href":"https:\/\/www.novakovych59.cz\/index.php?rest_route=\/wp\/v2\/pages\/72\/revisions"}],"predecessor-version":[{"id":573,"href":"https:\/\/www.novakovych59.cz\/index.php?rest_route=\/wp\/v2\/pages\/72\/revisions\/573"}],"wp:attachment":[{"href":"https:\/\/www.novakovych59.cz\/index.php?rest_route=%2Fwp%2Fv2%2Fmedia&parent=72"}],"curies":[{"name":"wp","href":"https:\/\/api.w.org\/{rel}","templated":true}]}}