{"id":714,"date":"2019-02-18T17:07:29","date_gmt":"2019-02-18T15:07:29","guid":{"rendered":"http:\/\/www.novakovych59.cz\/?page_id=714"},"modified":"2019-02-28T16:08:49","modified_gmt":"2019-02-28T14:08:49","slug":"vykradene-sklepy-a-byty","status":"publish","type":"page","link":"https:\/\/www.novakovych59.cz\/?page_id=714","title":{"rendered":"Vykraden\u00e9 sklepy a byty"},"content":{"rendered":"\n<p>Mil\u00ed obyvatel\u00e9 domu a soused\u00e9<\/p>\n\n\n\n<p>S l\u00edtost\u00ed V\u00e1m mus\u00edm ozn\u00e1mit,&nbsp; \u017ee dne 9.2.2018 byl vykradeny na\u0161e nov\u00e9 sklepn\u00ed koje &nbsp;a to konkr\u00e9tn\u011b tyto \u010d\u00edsla.&nbsp; Sklepy: &nbsp;45, 52, 55, 65, 75<\/p>\n\n\n\n<p>D\u00e1le byly vykradeny byty \u010d\u00edslo 42 a d\u00e1le&nbsp; \u010d\u00edslo 32 ve vchod\u011b \u010d\u00edslo 59\/2<\/p>\n\n\n\n<p>V\u0161e bylo nahl\u00e1\u0161eno na Policii \u010cR, m\u00edstn\u00ed odd\u011blen\u00ed Praha 8, Zenklova 212 pod \u010d\u00edslem spisu KRPA-63708\/T\u010c-2019-001314. <\/p>\n\n\n\n<p>Ve\u0161ker\u00e9 kamerov\u00e9 z\u00e1znamy z t\u00e9to trestn\u00e9 \u010dinnosti, byli p\u0159ed\u00e1ny Policii \u010cR k posouzen\u00ed a vyhodnocen\u00ed.. <\/p>\n\n\n\n<p>Pro nahl\u00e1\u0161en\u00ed vznikl\u00e9 \u0161kody je t\u0159eba pou\u017e\u00edt p\u0159ilo\u017een\u00fd dokument, kde je t\u0159eba uv\u00e9st seznam ukraden\u00fdch v\u011bc\u00ed s jejich hodnotou. Velmi d\u016fle\u017eit\u00e9 je s vypln\u011bn\u00fdm formul\u00e1\u0159em zaj\u00edt na Policii \u010cR v Zenklov\u011b ulici a jednu kopii nechat za\u0159adit do spisu (KRPA-63708\/T\u010c2019-001314) a druhou si nechat potvrdit pro poji\u0161tovnu.<\/p>\n\n\n\n<p>P\u0159\u00edslusn\u00fd dokument si m\u016f\u017eete st\u00e1hnout <a href=\"http:\/\/www.novakovych59.cz\/wp-content\/uploads\/2019\/02\/Policie-\u010cesk\u00e9-Republiky_doplneni_spisu.docx\">zde <\/a><\/p>\n","protected":false},"excerpt":{"rendered":"<p>Mil\u00ed obyvatel\u00e9 domu a soused\u00e9 S l\u00edtost\u00ed V\u00e1m mus\u00edm ozn\u00e1mit,&nbsp; \u017ee dne 9.2.2018 byl vykradeny na\u0161e nov\u00e9 sklepn\u00ed koje &nbsp;a to konkr\u00e9tn\u011b tyto \u010d\u00edsla.&nbsp; Sklepy: &nbsp;45, 52, 55, 65, 75 D\u00e1le byly vykradeny byty \u010d\u00edslo 42 a d\u00e1le&nbsp; \u010d\u00edslo 32 &#8230; <a class=\"more-link\" href=\"https:\/\/www.novakovych59.cz\/?page_id=714\">\u010c\u00edst v\u00edce &raquo;<\/a><\/p>\n","protected":false},"author":1,"featured_media":0,"parent":0,"menu_order":0,"comment_status":"open","ping_status":"closed","template":"","meta":{"footnotes":""},"class_list":["post-714","page","type-page","status-publish","hentry"],"_links":{"self":[{"href":"https:\/\/www.novakovych59.cz\/index.php?rest_route=\/wp\/v2\/pages\/714","targetHints":{"allow":["GET"]}}],"collection":[{"href":"https:\/\/www.novakovych59.cz\/index.php?rest_route=\/wp\/v2\/pages"}],"about":[{"href":"https:\/\/www.novakovych59.cz\/index.php?rest_route=\/wp\/v2\/types\/page"}],"author":[{"embeddable":true,"href":"https:\/\/www.novakovych59.cz\/index.php?rest_route=\/wp\/v2\/users\/1"}],"replies":[{"embeddable":true,"href":"https:\/\/www.novakovych59.cz\/index.php?rest_route=%2Fwp%2Fv2%2Fcomments&post=714"}],"version-history":[{"count":3,"href":"https:\/\/www.novakovych59.cz\/index.php?rest_route=\/wp\/v2\/pages\/714\/revisions"}],"predecessor-version":[{"id":725,"href":"https:\/\/www.novakovych59.cz\/index.php?rest_route=\/wp\/v2\/pages\/714\/revisions\/725"}],"wp:attachment":[{"href":"https:\/\/www.novakovych59.cz\/index.php?rest_route=%2Fwp%2Fv2%2Fmedia&parent=714"}],"curies":[{"name":"wp","href":"https:\/\/api.w.org\/{rel}","templated":true}]}}