{"id":709,"date":"2018-10-09T08:39:19","date_gmt":"2018-10-09T06:39:19","guid":{"rendered":"http:\/\/www.novakovych59.cz\/?page_id=709"},"modified":"2018-10-09T08:39:19","modified_gmt":"2018-10-09T06:39:19","slug":"malovani-chodeb-v-dome","status":"publish","type":"page","link":"https:\/\/www.novakovych59.cz\/?page_id=709","title":{"rendered":"Malov\u00e1n\u00ed chodeb v dom\u011b"},"content":{"rendered":"<p>Mil\u00ed obyvatel\u00e9 domu,<\/p>\n<p>Na v\u011bdomost se d\u00e1v\u00e1 \u017ee se zapo\u010dalo\u00a0malov\u00e1n\u00ed chodem od prvn\u00edho podla\u017e\u00ed a\u017e do \u0161est\u00e9ho podla\u017e\u00ed..<\/p>\n<p>&nbsp;<\/p>\n<p>S pozdravem,<\/p>\n<p>&nbsp;<\/p>\n<p>TK<\/p>\n","protected":false},"excerpt":{"rendered":"<p>Mil\u00ed obyvatel\u00e9 domu, Na v\u011bdomost se d\u00e1v\u00e1 \u017ee se zapo\u010dalo\u00a0malov\u00e1n\u00ed chodem od prvn\u00edho podla\u017e\u00ed a\u017e do \u0161est\u00e9ho podla\u017e\u00ed.. &nbsp; S pozdravem, &nbsp; TK<\/p>\n","protected":false},"author":1,"featured_media":0,"parent":0,"menu_order":0,"comment_status":"closed","ping_status":"closed","template":"","meta":{"footnotes":""},"class_list":["post-709","page","type-page","status-publish","hentry"],"_links":{"self":[{"href":"https:\/\/www.novakovych59.cz\/index.php?rest_route=\/wp\/v2\/pages\/709","targetHints":{"allow":["GET"]}}],"collection":[{"href":"https:\/\/www.novakovych59.cz\/index.php?rest_route=\/wp\/v2\/pages"}],"about":[{"href":"https:\/\/www.novakovych59.cz\/index.php?rest_route=\/wp\/v2\/types\/page"}],"author":[{"embeddable":true,"href":"https:\/\/www.novakovych59.cz\/index.php?rest_route=\/wp\/v2\/users\/1"}],"replies":[{"embeddable":true,"href":"https:\/\/www.novakovych59.cz\/index.php?rest_route=%2Fwp%2Fv2%2Fcomments&post=709"}],"version-history":[{"count":1,"href":"https:\/\/www.novakovych59.cz\/index.php?rest_route=\/wp\/v2\/pages\/709\/revisions"}],"predecessor-version":[{"id":710,"href":"https:\/\/www.novakovych59.cz\/index.php?rest_route=\/wp\/v2\/pages\/709\/revisions\/710"}],"wp:attachment":[{"href":"https:\/\/www.novakovych59.cz\/index.php?rest_route=%2Fwp%2Fv2%2Fmedia&parent=709"}],"curies":[{"name":"wp","href":"https:\/\/api.w.org\/{rel}","templated":true}]}}