{"id":700,"date":"2018-09-27T12:58:53","date_gmt":"2018-09-27T10:58:53","guid":{"rendered":"http:\/\/www.novakovych59.cz\/?page_id=700"},"modified":"2018-09-27T18:13:36","modified_gmt":"2018-09-27T16:13:36","slug":"schuze-vlastniku-bytovych-jednotek-v-dome-dne-9-6-2018-je-odlozena","status":"publish","type":"page","link":"https:\/\/www.novakovych59.cz\/?page_id=700","title":{"rendered":"Sch\u016fze vlastn\u00edku bytov\u00fdch  jednotek v dom\u011b dne  9.6.2018 je odlo\u017eena !!!"},"content":{"rendered":"<p>Mil\u00ed vlastn\u00edci bytov\u00fdch jednotek,<\/p>\n<p>V posledn\u00edch dnech jste obdr\u017eeli pozv\u00e1nku na\u00a0 shrom\u00e1\u017ed\u011bn\u00ed vlastn\u00edk\u016f jednotek na\u0161eho domu..<\/p>\n<p>Po prozkoum\u00e1n\u00ed p\u0159ilo\u017een\u00fdch stanov jsme se rozhodli tuto sch\u016fzi <strong>odlo\u017eit<\/strong> a to z t\u011bchto d\u016fvod\u016f:<\/p>\n<ol>\n<li>Term\u00edn jedn\u00e1n\u00ed nebyl dop\u0159edu s\u00a0vlastn\u00edky konzultov\u00e1n a ji\u017e nyn\u00ed je z\u0159ejm\u00e9, \u017ee se shrom\u00e1\u017ed\u011bn\u00ed nebudou moci z\u00fa\u010dastnit ti, kte\u0159\u00ed se cht\u011bj\u00ed aktivn\u011b pod\u00edlet na spr\u00e1v\u011b domu a\u00a0pracovat ve volen\u00fdch org\u00e1nech Spole\u010denstv\u00ed vlastn\u00edk\u016f jednotek.<\/li>\n<li>Pozv\u00e1nka na jedn\u00e1n\u00ed je zmate\u010dn\u00e1 (p\u0159ilo\u017een\u00e1 pln\u00e1 moc neodpov\u00edd\u00e1 podm\u00ednk\u00e1m stanoven\u00fdm platnou pr\u00e1vn\u00ed \u00fapravou na zastoupen\u00ed p\u0159i zakl\u00e1d\u00e1n\u00ed Spole\u010denstv\u00ed vlastn\u00edk\u016f jednotek).<\/li>\n<li>Sou\u010dasn\u00e1 podoba navr\u017een\u00fdch Stanov je pro n\u00e1s neakceptovateln\u00e1 a pova\u017eujeme za pot\u0159ebn\u00e9, aby byl poskytnut dostatek \u010dasu na jejich p\u0159ipom\u00ednkov\u00e1n\u00ed ze strany v\u0161ech vlastn\u00edk\u016f. Stanovy Spole\u010denstv\u00ed vlastn\u00edk\u016f jednotek nav\u00edc byly rozesl\u00e1ny v\u00a0podob\u011b, kter\u00e1 nen\u00ed editovateln\u00e1 a\u00a0jejich p\u0159ipom\u00ednkov\u00e1n\u00ed tak bylo zna\u010dn\u011b zt\u00ed\u017eeno. Pova\u017eujeme sou\u010dasn\u011b za nezodpov\u011bdn\u00e9, aby byl obsah stanov diskutov\u00e1n a\u017e na shrom\u00e1\u017ed\u011bn\u00ed.<\/li>\n<li>Na z\u00e1klad\u011b komunikace s\u00a0vlastn\u00edky byt\u016f v\u00a0na\u0161em dom\u011b je nav\u00edc z\u0159ejm\u00e9, \u017ee shrom\u00e1\u017ed\u011bn\u00ed vlastn\u00edk\u016f jednotek svolan\u00e9 na 9. \u0159\u00edjna 2018 nebude usn\u00e1\u0161en\u00edschopn\u00e9 a v\u011b\u0159\u00edme proto, \u017ee jako odpov\u011bdn\u00fd spr\u00e1vce, nebude Lidov\u00e9 bytov\u00e9 dru\u017estvo Praha 8 pl\u00fdtvat prost\u0159edky vlastn\u00edku na po\u0159\u00e1d\u00e1n\u00ed shrom\u00e1\u017ed\u011bn\u00ed, jeho\u017e ne\u00fasp\u011bch je dop\u0159edu z\u0159ejm\u00fd.Jsme p\u0159ipraveni se s\u00a0V\u00e1mi osobn\u011b setkat a osobn\u011b s\u00a0V\u00e1mi projednat vhodn\u00fd term\u00edn shrom\u00e1\u017ed\u011bn\u00ed a postup p\u0159i zakl\u00e1d\u00e1n\u00ed Spole\u010denstv\u00ed vlastn\u00edk\u016f jednotek v\u00a0na\u0161em dom\u011b.&nbsp;\n<p>Ozn\u00e1men\u00ed bylo dnes osobn\u011b odevzd\u00e1no p\u0159\u00edmo v kancel\u00e1\u0159i LBD 8.<\/p>\n<p>K nahl\u00e9dnut\u00ed <a href=\"http:\/\/www.novakovych59.cz\/wp-content\/uploads\/2018\/09\/Zruseni_schuze_potvrzeni_prijeti_LBD8.pdf\">zde<\/a><\/li>\n<\/ol>\n<p>&nbsp;<\/p>\n","protected":false},"excerpt":{"rendered":"<p>Mil\u00ed vlastn\u00edci bytov\u00fdch jednotek, V posledn\u00edch dnech jste obdr\u017eeli pozv\u00e1nku na\u00a0 shrom\u00e1\u017ed\u011bn\u00ed vlastn\u00edk\u016f jednotek na\u0161eho domu.. Po prozkoum\u00e1n\u00ed p\u0159ilo\u017een\u00fdch stanov jsme se rozhodli tuto sch\u016fzi odlo\u017eit a to z t\u011bchto d\u016fvod\u016f: Term\u00edn jedn\u00e1n\u00ed nebyl dop\u0159edu s\u00a0vlastn\u00edky konzultov\u00e1n a ji\u017e nyn\u00ed &#8230; <a class=\"more-link\" href=\"https:\/\/www.novakovych59.cz\/?page_id=700\">\u010c\u00edst v\u00edce &raquo;<\/a><\/p>\n","protected":false},"author":1,"featured_media":0,"parent":0,"menu_order":0,"comment_status":"open","ping_status":"closed","template":"","meta":{"footnotes":""},"class_list":["post-700","page","type-page","status-publish","hentry"],"_links":{"self":[{"href":"https:\/\/www.novakovych59.cz\/index.php?rest_route=\/wp\/v2\/pages\/700","targetHints":{"allow":["GET"]}}],"collection":[{"href":"https:\/\/www.novakovych59.cz\/index.php?rest_route=\/wp\/v2\/pages"}],"about":[{"href":"https:\/\/www.novakovych59.cz\/index.php?rest_route=\/wp\/v2\/types\/page"}],"author":[{"embeddable":true,"href":"https:\/\/www.novakovych59.cz\/index.php?rest_route=\/wp\/v2\/users\/1"}],"replies":[{"embeddable":true,"href":"https:\/\/www.novakovych59.cz\/index.php?rest_route=%2Fwp%2Fv2%2Fcomments&post=700"}],"version-history":[{"count":3,"href":"https:\/\/www.novakovych59.cz\/index.php?rest_route=\/wp\/v2\/pages\/700\/revisions"}],"predecessor-version":[{"id":706,"href":"https:\/\/www.novakovych59.cz\/index.php?rest_route=\/wp\/v2\/pages\/700\/revisions\/706"}],"wp:attachment":[{"href":"https:\/\/www.novakovych59.cz\/index.php?rest_route=%2Fwp%2Fv2%2Fmedia&parent=700"}],"curies":[{"name":"wp","href":"https:\/\/api.w.org\/{rel}","templated":true}]}}