{"id":69,"date":"2014-07-11T16:07:13","date_gmt":"2014-07-11T14:07:13","guid":{"rendered":"http:\/\/www.novakovych59.cz\/?page_id=69"},"modified":"2026-02-13T00:14:42","modified_gmt":"2026-02-12T22:14:42","slug":"kontakt","status":"publish","type":"page","link":"https:\/\/www.novakovych59.cz\/?page_id=69","title":{"rendered":"Kontakt"},"content":{"rendered":"<h2>\u2261\u00a0 Z\u00e1kladn\u00ed kontaktn\u00ed \u00fadaje<\/h2>\n<p><!----------------------------------------><\/p>\n<table border=\"0\" width=\"100%\" cellspacing=\"0\" cellpadding=\"0\">\n<tbody>\n<tr>\n<td width=\"20%\"><b>N\u00e1zev :<\/b><\/td>\n<td>Spole\u010denstv\u00ed vlastn\u00edk\u016f domu Nov\u00e1kov\u00fdch 59<\/td>\n<\/tr>\n<tr>\n<td width=\"20%\"><b>Spisov\u00e1 zna\u010dka :<\/b><\/td>\n<td>S 19412, veden\u00e1 u M\u011bstsk\u00e9ho soudu v Praze<\/td>\n<\/tr>\n<tr>\n<td width=\"20%\"><b>S\u00eddlo :<\/b><\/td>\n<td>Nov\u00e1kov\u00fdch\u00a0\u00a059\/2, Praha 8, PS\u010c 180 00<\/td>\n<\/tr>\n<tr>\n<td width=\"20%\"><b>I\u010cO\/DI\u010c :<\/b><\/td>\n<td>08320110\/CZ08320110<\/td>\n<\/tr>\n<tr>\n<td width=\"20%\"><strong>Bankovn\u00ed \u00fa\u010det:<\/strong><\/td>\n<td>59245926\/2010<\/td>\n<\/tr>\n<tr>\n<td width=\"20%\"><b><strong>ID datov\u00e9 schr\u00e1nky<\/strong><\/b><\/td>\n<td>4r5c725<\/td>\n<\/tr>\n<tr>\n<td width=\"20%\"><b>P\u0159edseda v\u00fdboru:<\/b><\/td>\n<td>Stanislav Hru\u0161ka\u00a0 \u00a0 \u00a0 \u00a0 \u00a0 \u00a0 \u00a0 \u00a0Tel: \u00a0724-643-938<\/td>\n<\/tr>\n<tr>\n<td width=\"20%\"><b>\u010clenov\u00e9 v\u00fdboru :<\/b><\/td>\n<td>\u0160t\u011bp\u00e1n Slez\u00e1\u010dek\u00a0 \u00a0 \u00a0 \u00a0 \u00a0 \u00a0 \u00a0 Tel: 604-254-556<\/p>\n<p>Nad\u011b\u017eda\u00a0Kahounov\u00e1\u00a0 \u00a0 \u00a0 Tel: 725-989-605<\/td>\n<\/tr>\n<tr>\n<td width=\"20%\"><b>Kontroln\u00ed komise :<\/b><\/td>\n<td>nen\u00ed z\u0159\u00edzena<\/td>\n<\/tr>\n<tr>\n<td width=\"20%\"><b>Spr\u00e1vce domu:<\/b><\/p>\n<p><strong>(technick\u00e9 z\u00e1le\u017eitosti)<\/strong><\/td>\n<td><a href=\"http:\/\/www.lbd8.cz\">LBD8, Praha<\/a><\/p>\n<p>Technik pro d\u016fm<\/p>\n<p>Stanislav Kre\u010dmer\u00a0 Tel: 603-173-349<\/td>\n<\/tr>\n<tr>\n<td width=\"20%\"><b>Informa\u010dn\u00ed web :<\/b><\/td>\n<td><a href=\"http:\/\/www.novakovych59.cz\/\">www.novakovych59.cz<\/a><\/td>\n<\/tr>\n<tr>\n<td width=\"20%\"><\/td>\n<td><\/td>\n<\/tr>\n<tr>\n<td width=\"20%\"><b>Soukrom\u00e1 Sekce pro \u010dleny\u00a0svj :<\/b><\/td>\n<td>\u00a0(vstupn\u00ed jm\u00e9no a heslo do soukrom\u00e9 sekce poskytuje v\u00fdbor)<\/td>\n<\/tr>\n<tr>\n<td width=\"20%\"><b>E-mail v\u00fdboru :<\/b><\/td>\n<td><a href=\"svj@novakovych59.cz\">svj(zavin\u00e1\u010d)novakovych59.cz<\/a><\/td>\n<\/tr>\n<\/tbody>\n<\/table>\n<p>&nbsp;<\/p>\n","protected":false},"excerpt":{"rendered":"<p>\u2261\u00a0 Z\u00e1kladn\u00ed kontaktn\u00ed \u00fadaje N\u00e1zev : Spole\u010denstv\u00ed vlastn\u00edk\u016f domu Nov\u00e1kov\u00fdch 59 Spisov\u00e1 zna\u010dka : S 19412, veden\u00e1 u M\u011bstsk\u00e9ho soudu v Praze S\u00eddlo : Nov\u00e1kov\u00fdch\u00a0\u00a059\/2, Praha 8, PS\u010c 180 00 I\u010cO\/DI\u010c : 08320110\/CZ08320110 Bankovn\u00ed \u00fa\u010det: 59245926\/2010 ID datov\u00e9 schr\u00e1nky 4r5c725 &#8230; <a class=\"more-link\" href=\"https:\/\/www.novakovych59.cz\/?page_id=69\">\u010c\u00edst v\u00edce &raquo;<\/a><\/p>\n","protected":false},"author":1,"featured_media":0,"parent":0,"menu_order":6,"comment_status":"open","ping_status":"closed","template":"","meta":{"footnotes":""},"class_list":["post-69","page","type-page","status-publish","hentry"],"_links":{"self":[{"href":"https:\/\/www.novakovych59.cz\/index.php?rest_route=\/wp\/v2\/pages\/69","targetHints":{"allow":["GET"]}}],"collection":[{"href":"https:\/\/www.novakovych59.cz\/index.php?rest_route=\/wp\/v2\/pages"}],"about":[{"href":"https:\/\/www.novakovych59.cz\/index.php?rest_route=\/wp\/v2\/types\/page"}],"author":[{"embeddable":true,"href":"https:\/\/www.novakovych59.cz\/index.php?rest_route=\/wp\/v2\/users\/1"}],"replies":[{"embeddable":true,"href":"https:\/\/www.novakovych59.cz\/index.php?rest_route=%2Fwp%2Fv2%2Fcomments&post=69"}],"version-history":[{"count":26,"href":"https:\/\/www.novakovych59.cz\/index.php?rest_route=\/wp\/v2\/pages\/69\/revisions"}],"predecessor-version":[{"id":1256,"href":"https:\/\/www.novakovych59.cz\/index.php?rest_route=\/wp\/v2\/pages\/69\/revisions\/1256"}],"wp:attachment":[{"href":"https:\/\/www.novakovych59.cz\/index.php?rest_route=%2Fwp%2Fv2%2Fmedia&parent=69"}],"curies":[{"name":"wp","href":"https:\/\/api.w.org\/{rel}","templated":true}]}}