{"id":674,"date":"2018-05-18T08:54:17","date_gmt":"2018-05-18T06:54:17","guid":{"rendered":"http:\/\/www.novakovych59.cz\/?page_id=674"},"modified":"2018-05-18T08:54:17","modified_gmt":"2018-05-18T06:54:17","slug":"montaz-pristupoveho-a-kameroveho-systemu","status":"publish","type":"page","link":"https:\/\/www.novakovych59.cz\/?page_id=674","title":{"rendered":"Mont\u00e1\u017e p\u0159\u00edstupov\u00e9ho a kamerov\u00e9ho syst\u00e9mu"},"content":{"rendered":"<p>Mil\u00ed obyvatel\u00e9 domu,<\/p>\n<p>Dne\u00a0 17.5.2018 byla\u00a0zapo\u010data mont\u00e1\u017e na\u0161eho p\u0159\u00edstupov\u00e9ho a kamerov\u00e9ho syst\u00e9mu v na\u0161em dom\u011b. \u00a0Tato instalace je prov\u00e1d\u011bna firmou Ima, kter\u00e1 byla odsouhlasena shrom\u00e1\u017ed\u011bn\u00edm na minul\u00fdch sch\u016fz\u00edch..<\/p>\n<p>Jakmile bude d\u00edlo hotovo \/p\u0159edpokl\u00e1dan\u00fd term\u00edn je 1.6.2018\/ , budete informov\u00e1n\u00ed o datu a sp\u016fsobu p\u0159evzet\u00ed p\u0159\u00edstupov\u00fdch \u010dip\u016f.<\/p>\n<p>V p\u0159\u00edpad\u011b dotazu mne nev\u00e1hejte kontaktovat na telefonn\u00edm \u010d\u00edsle 724643938<\/p>\n<p>TK<\/p>\n","protected":false},"excerpt":{"rendered":"<p>Mil\u00ed obyvatel\u00e9 domu, Dne\u00a0 17.5.2018 byla\u00a0zapo\u010data mont\u00e1\u017e na\u0161eho p\u0159\u00edstupov\u00e9ho a kamerov\u00e9ho syst\u00e9mu v na\u0161em dom\u011b. \u00a0Tato instalace je prov\u00e1d\u011bna firmou Ima, kter\u00e1 byla odsouhlasena shrom\u00e1\u017ed\u011bn\u00edm na minul\u00fdch sch\u016fz\u00edch.. Jakmile bude d\u00edlo hotovo \/p\u0159edpokl\u00e1dan\u00fd term\u00edn je 1.6.2018\/ , budete informov\u00e1n\u00ed o &#8230; <a class=\"more-link\" href=\"https:\/\/www.novakovych59.cz\/?page_id=674\">\u010c\u00edst v\u00edce &raquo;<\/a><\/p>\n","protected":false},"author":1,"featured_media":0,"parent":0,"menu_order":0,"comment_status":"closed","ping_status":"closed","template":"","meta":{"footnotes":""},"class_list":["post-674","page","type-page","status-publish","hentry"],"_links":{"self":[{"href":"https:\/\/www.novakovych59.cz\/index.php?rest_route=\/wp\/v2\/pages\/674","targetHints":{"allow":["GET"]}}],"collection":[{"href":"https:\/\/www.novakovych59.cz\/index.php?rest_route=\/wp\/v2\/pages"}],"about":[{"href":"https:\/\/www.novakovych59.cz\/index.php?rest_route=\/wp\/v2\/types\/page"}],"author":[{"embeddable":true,"href":"https:\/\/www.novakovych59.cz\/index.php?rest_route=\/wp\/v2\/users\/1"}],"replies":[{"embeddable":true,"href":"https:\/\/www.novakovych59.cz\/index.php?rest_route=%2Fwp%2Fv2%2Fcomments&post=674"}],"version-history":[{"count":1,"href":"https:\/\/www.novakovych59.cz\/index.php?rest_route=\/wp\/v2\/pages\/674\/revisions"}],"predecessor-version":[{"id":675,"href":"https:\/\/www.novakovych59.cz\/index.php?rest_route=\/wp\/v2\/pages\/674\/revisions\/675"}],"wp:attachment":[{"href":"https:\/\/www.novakovych59.cz\/index.php?rest_route=%2Fwp%2Fv2%2Fmedia&parent=674"}],"curies":[{"name":"wp","href":"https:\/\/api.w.org\/{rel}","templated":true}]}}