{"id":612,"date":"2017-09-20T21:57:45","date_gmt":"2017-09-20T19:57:45","guid":{"rendered":"http:\/\/www.novakovych59.cz\/?page_id=612"},"modified":"2017-09-20T21:58:08","modified_gmt":"2017-09-20T19:58:08","slug":"vymena-vodomeru","status":"publish","type":"page","link":"https:\/\/www.novakovych59.cz\/?page_id=612","title":{"rendered":"V\u00fdm\u011bna vodom\u011br\u016f"},"content":{"rendered":"<p>Zdrav\u00edm majitel\u00e9 bytov\u00fdch jednotek,<\/p>\n<p>Dne 2. z\u00e1\u0159\u00ed bude prob\u00edhat v\u00fdm\u011bra vodom\u011br\u016f v na\u0161em dom\u011b&#8230;V p\u0159\u00edpad\u011b nep\u0159\u00edtomnosti zavolejte na n\u00ed\u017ee uveden\u00e1 \u010d\u00edsla, viz obr\u00e1zek<\/p>\n<p><a href=\"http:\/\/www.novakovych59.cz\/?attachment_id=616\" rel=\"attachment wp-att-616\"><img loading=\"lazy\" decoding=\"async\" class=\"aligncenter size-full wp-image-616\" src=\"http:\/\/www.novakovych59.cz\/wp-content\/uploads\/2017\/09\/File-20.09.17-21-45-56-e1505937359745.jpeg\" alt=\"\" width=\"4032\" height=\"3024\" srcset=\"https:\/\/www.novakovych59.cz\/wp-content\/uploads\/2017\/09\/File-20.09.17-21-45-56-e1505937359745.jpeg 4032w, https:\/\/www.novakovych59.cz\/wp-content\/uploads\/2017\/09\/File-20.09.17-21-45-56-e1505937359745-150x113.jpeg 150w, https:\/\/www.novakovych59.cz\/wp-content\/uploads\/2017\/09\/File-20.09.17-21-45-56-e1505937359745-300x225.jpeg 300w, https:\/\/www.novakovych59.cz\/wp-content\/uploads\/2017\/09\/File-20.09.17-21-45-56-e1505937359745-768x576.jpeg 768w, https:\/\/www.novakovych59.cz\/wp-content\/uploads\/2017\/09\/File-20.09.17-21-45-56-e1505937359745-1024x768.jpeg 1024w, https:\/\/www.novakovych59.cz\/wp-content\/uploads\/2017\/09\/File-20.09.17-21-45-56-e1505937359745-940x705.jpeg 940w\" sizes=\"auto, (max-width: 4032px) 100vw, 4032px\" \/><\/a><\/p>\n<p>S pozdravem,<\/p>\n<p>Stanislav Hru\u0161ka<\/p>\n","protected":false},"excerpt":{"rendered":"<p>Zdrav\u00edm majitel\u00e9 bytov\u00fdch jednotek, Dne 2. z\u00e1\u0159\u00ed bude prob\u00edhat v\u00fdm\u011bra vodom\u011br\u016f v na\u0161em dom\u011b&#8230;V p\u0159\u00edpad\u011b nep\u0159\u00edtomnosti zavolejte na n\u00ed\u017ee uveden\u00e1 \u010d\u00edsla, viz obr\u00e1zek S pozdravem, Stanislav Hru\u0161ka<\/p>\n","protected":false},"author":1,"featured_media":0,"parent":20,"menu_order":0,"comment_status":"closed","ping_status":"closed","template":"","meta":{"footnotes":""},"class_list":["post-612","page","type-page","status-publish","hentry"],"_links":{"self":[{"href":"https:\/\/www.novakovych59.cz\/index.php?rest_route=\/wp\/v2\/pages\/612","targetHints":{"allow":["GET"]}}],"collection":[{"href":"https:\/\/www.novakovych59.cz\/index.php?rest_route=\/wp\/v2\/pages"}],"about":[{"href":"https:\/\/www.novakovych59.cz\/index.php?rest_route=\/wp\/v2\/types\/page"}],"author":[{"embeddable":true,"href":"https:\/\/www.novakovych59.cz\/index.php?rest_route=\/wp\/v2\/users\/1"}],"replies":[{"embeddable":true,"href":"https:\/\/www.novakovych59.cz\/index.php?rest_route=%2Fwp%2Fv2%2Fcomments&post=612"}],"version-history":[{"count":1,"href":"https:\/\/www.novakovych59.cz\/index.php?rest_route=\/wp\/v2\/pages\/612\/revisions"}],"predecessor-version":[{"id":617,"href":"https:\/\/www.novakovych59.cz\/index.php?rest_route=\/wp\/v2\/pages\/612\/revisions\/617"}],"up":[{"embeddable":true,"href":"https:\/\/www.novakovych59.cz\/index.php?rest_route=\/wp\/v2\/pages\/20"}],"wp:attachment":[{"href":"https:\/\/www.novakovych59.cz\/index.php?rest_route=%2Fwp%2Fv2%2Fmedia&parent=612"}],"curies":[{"name":"wp","href":"https:\/\/api.w.org\/{rel}","templated":true}]}}