{"id":606,"date":"2017-06-28T13:40:24","date_gmt":"2017-06-28T11:40:24","guid":{"rendered":"http:\/\/www.novakovych59.cz\/?page_id=606"},"modified":"2017-06-28T13:40:24","modified_gmt":"2017-06-28T11:40:24","slug":"omezeni-dodavky-vody-snizeni-tlaku","status":"publish","type":"page","link":"https:\/\/www.novakovych59.cz\/?page_id=606","title":{"rendered":"Omezen\u00ed dod\u00e1vky vody \u2013 sn\u00ed\u017een\u00ed tlaku"},"content":{"rendered":"<p>Mil\u00ed obyvatel\u00e9 domu,<\/p>\n<p>Pros\u00edm, aby jste\u00a0vzali na v\u011bdom\u00ed, \u00a0d\u016fle\u017eitou informaci ohledn\u011b pl\u00e1novan\u00e9ho sn\u00ed\u017een\u00ed tlaku vody od PVK v na\u0161em dom\u011b.<\/p>\n<p>Kompletn\u00ed informace je k nahl\u00e9dnut\u00ed <a href=\"http:\/\/www.novakovych59.cz\/?attachment_id=607\">zde<\/a><\/p>\n<p>&nbsp;<\/p>\n","protected":false},"excerpt":{"rendered":"<p>Mil\u00ed obyvatel\u00e9 domu, Pros\u00edm, aby jste\u00a0vzali na v\u011bdom\u00ed, \u00a0d\u016fle\u017eitou informaci ohledn\u011b pl\u00e1novan\u00e9ho sn\u00ed\u017een\u00ed tlaku vody od PVK v na\u0161em dom\u011b. Kompletn\u00ed informace je k nahl\u00e9dnut\u00ed zde &nbsp;<\/p>\n","protected":false},"author":1,"featured_media":0,"parent":0,"menu_order":0,"comment_status":"closed","ping_status":"closed","template":"","meta":{"footnotes":""},"class_list":["post-606","page","type-page","status-publish","hentry"],"_links":{"self":[{"href":"https:\/\/www.novakovych59.cz\/index.php?rest_route=\/wp\/v2\/pages\/606","targetHints":{"allow":["GET"]}}],"collection":[{"href":"https:\/\/www.novakovych59.cz\/index.php?rest_route=\/wp\/v2\/pages"}],"about":[{"href":"https:\/\/www.novakovych59.cz\/index.php?rest_route=\/wp\/v2\/types\/page"}],"author":[{"embeddable":true,"href":"https:\/\/www.novakovych59.cz\/index.php?rest_route=\/wp\/v2\/users\/1"}],"replies":[{"embeddable":true,"href":"https:\/\/www.novakovych59.cz\/index.php?rest_route=%2Fwp%2Fv2%2Fcomments&post=606"}],"version-history":[{"count":1,"href":"https:\/\/www.novakovych59.cz\/index.php?rest_route=\/wp\/v2\/pages\/606\/revisions"}],"predecessor-version":[{"id":608,"href":"https:\/\/www.novakovych59.cz\/index.php?rest_route=\/wp\/v2\/pages\/606\/revisions\/608"}],"wp:attachment":[{"href":"https:\/\/www.novakovych59.cz\/index.php?rest_route=%2Fwp%2Fv2%2Fmedia&parent=606"}],"curies":[{"name":"wp","href":"https:\/\/api.w.org\/{rel}","templated":true}]}}