{"id":576,"date":"2016-10-04T18:57:45","date_gmt":"2016-10-04T16:57:45","guid":{"rendered":"http:\/\/www.novakovych59.cz\/?page_id=576"},"modified":"2017-01-08T13:37:09","modified_gmt":"2017-01-08T11:37:09","slug":"schuze-vlastniku-bytovych-jednotek-32016","status":"publish","type":"page","link":"https:\/\/www.novakovych59.cz\/?page_id=576","title":{"rendered":"Sch\u016fze vlastn\u00edk\u016f bytov\u00fdch  jednotek  3\/2016"},"content":{"rendered":"<p>Mil\u00ed vlastn\u00edci bytov\u00fdch jednotek,<\/p>\n<p>Dovoluji si V\u00e1m ozn\u00e1mit, \u017ee t\u0159et\u00ed sch\u016fze vlastn\u00edk\u016f v tomto roce bude dne\u00a0<strong> 6.10.2016<\/strong>\u00a0v 18:00 v Z\u0160 Zenklova, vchod z ulice Hejdukova.<\/p>\n<p>Program k jedn\u00e1n\u00ed je zde:<\/p>\n<p><strong>Z\u00e1pis ze sch\u016fze v\u010detn\u011b prezen\u010dn\u00ed listiny k prohl\u00e9dnut\u00ed je \u00a0<\/strong><a href=\"http:\/\/www.novakovych59.cz\/wp-content\/uploads\/2017\/01\/Sch\u016fze_6_10_2016.pdf\">zde<\/a><\/p>\n<p><a href=\"http:\/\/www.novakovych59.cz\/?attachment_id=578#main\" rel=\"attachment wp-att-578\"><img loading=\"lazy\" decoding=\"async\" class=\"aligncenter size-full wp-image-578\" src=\"http:\/\/www.novakovych59.cz\/wp-content\/uploads\/2016\/10\/program-sch\u016fze_3_2016.jpg\" alt=\"program-schuze_3_2016\" width=\"2550\" height=\"3509\" srcset=\"https:\/\/www.novakovych59.cz\/wp-content\/uploads\/2016\/10\/program-sch\u016fze_3_2016.jpg 2550w, https:\/\/www.novakovych59.cz\/wp-content\/uploads\/2016\/10\/program-sch\u016fze_3_2016-109x150.jpg 109w, https:\/\/www.novakovych59.cz\/wp-content\/uploads\/2016\/10\/program-sch\u016fze_3_2016-218x300.jpg 218w, https:\/\/www.novakovych59.cz\/wp-content\/uploads\/2016\/10\/program-sch\u016fze_3_2016-744x1024.jpg 744w, https:\/\/www.novakovych59.cz\/wp-content\/uploads\/2016\/10\/program-sch\u016fze_3_2016-600x826.jpg 600w\" sizes=\"auto, (max-width: 2550px) 100vw, 2550px\" \/><\/a><\/p>\n<p>&nbsp;<\/p>\n","protected":false},"excerpt":{"rendered":"<p>Mil\u00ed vlastn\u00edci bytov\u00fdch jednotek, Dovoluji si V\u00e1m ozn\u00e1mit, \u017ee t\u0159et\u00ed sch\u016fze vlastn\u00edk\u016f v tomto roce bude dne\u00a0 6.10.2016\u00a0v 18:00 v Z\u0160 Zenklova, vchod z ulice Hejdukova. Program k jedn\u00e1n\u00ed je zde: Z\u00e1pis ze sch\u016fze v\u010detn\u011b prezen\u010dn\u00ed listiny k prohl\u00e9dnut\u00ed je &#8230; <a class=\"more-link\" href=\"https:\/\/www.novakovych59.cz\/?page_id=576\">\u010c\u00edst v\u00edce &raquo;<\/a><\/p>\n","protected":false},"author":1,"featured_media":0,"parent":0,"menu_order":0,"comment_status":"open","ping_status":"closed","template":"","meta":{"footnotes":""},"class_list":["post-576","page","type-page","status-publish","hentry"],"_links":{"self":[{"href":"https:\/\/www.novakovych59.cz\/index.php?rest_route=\/wp\/v2\/pages\/576","targetHints":{"allow":["GET"]}}],"collection":[{"href":"https:\/\/www.novakovych59.cz\/index.php?rest_route=\/wp\/v2\/pages"}],"about":[{"href":"https:\/\/www.novakovych59.cz\/index.php?rest_route=\/wp\/v2\/types\/page"}],"author":[{"embeddable":true,"href":"https:\/\/www.novakovych59.cz\/index.php?rest_route=\/wp\/v2\/users\/1"}],"replies":[{"embeddable":true,"href":"https:\/\/www.novakovych59.cz\/index.php?rest_route=%2Fwp%2Fv2%2Fcomments&post=576"}],"version-history":[{"count":5,"href":"https:\/\/www.novakovych59.cz\/index.php?rest_route=\/wp\/v2\/pages\/576\/revisions"}],"predecessor-version":[{"id":599,"href":"https:\/\/www.novakovych59.cz\/index.php?rest_route=\/wp\/v2\/pages\/576\/revisions\/599"}],"wp:attachment":[{"href":"https:\/\/www.novakovych59.cz\/index.php?rest_route=%2Fwp%2Fv2%2Fmedia&parent=576"}],"curies":[{"name":"wp","href":"https:\/\/api.w.org\/{rel}","templated":true}]}}