{"id":543,"date":"2016-05-01T22:49:22","date_gmt":"2016-05-01T20:49:22","guid":{"rendered":"http:\/\/www.novakovych59.cz\/?page_id=543"},"modified":"2016-05-01T22:52:41","modified_gmt":"2016-05-01T20:52:41","slug":"predani-sklepu-po-rekonstrukci","status":"publish","type":"page","link":"https:\/\/www.novakovych59.cz\/?page_id=543","title":{"rendered":"P\u0159ed\u00e1n\u00ed sklep\u016f po rekonstrukci"},"content":{"rendered":"<p>V\u00e1\u017een\u00ed vlastn\u00edci byt\u016f,<\/p>\n<p>p\u0159ed \u010dtrn\u00e1cti dny n\u00e1m firma Inestav p\u0159edala zrekonstruovan\u00e9 sklepy. Po oprav\u00e1ch drobn\u00fdch nedostatk\u016f jsou nov\u00e9 k\u00f3je p\u0159ipraveny k\u00a0p\u0159ed\u00e1n\u00ed.\u00a0 Vzhledem k\u00a0tomu, \u017ee nechceme s\u00a0p\u0159ed\u00e1n\u00edm sklepn\u00edch k\u00f3j\u00ed \u010dekat do dal\u0161\u00edho shrom\u00e1\u017ed\u011bn\u00ed vlastn\u00edk\u016f jednotek (SVJ), domluvili jsme se jako technick\u00e1 komise se spr\u00e1vcem, \u017ee kl\u00ed\u010de \u00a0p\u0159edb\u011b\u017en\u011b p\u0159ed\u00e1me v\u00a0dom\u011b\u00a0 sami t\u011bm, kte\u0159\u00ed o to budou m\u00edt z\u00e1jem. Vytvo\u0159ili jsme p\u0159ed\u00e1vac\u00ed protokol a oproti podpisu budou ka\u017ed\u00e9mu majiteli bytu p\u0159ed\u00e1ny kl\u00ed\u010de od samotn\u00e9 sklepn\u00ed k\u00f3je (3ks) a kl\u00ed\u010de od vchodov\u00fdch sklepn\u00edch m\u0159\u00ed\u017e\u00ed ( 2 ks), kde jsou nainstalov\u00e1ny nov\u00e9 z\u00e1mky.\u00a0 Prvn\u00ed term\u00edn p\u0159ed\u00e1n\u00ed bude v\u00a0pond\u011bl\u00ed 2. 5.2016 mezi\u00a0 18. a 19. hodinou ve\u010der p\u0159\u00edmo v\u00a0nov\u00fdch sklepech.\u00a0 Druh\u00fd term\u00edn bude na stejn\u00e9m m\u00edst\u011b ve stejn\u00fd \u010das v\u00a0\u00fater\u00fd 3. 5. 2016. Kl\u00ed\u010de, kter\u00e9 se b\u011bhem t\u011bchto dn\u00ed\u00a0 nep\u0159edaj\u00ed, budou k\u00a0dispozici na sch\u016fzi SVJ, kter\u00e1 se bude konat v\u00a0pr\u016fb\u011bhu kv\u011btna a na kter\u00e9 bude schvalov\u00e1n syst\u00e9m zabezpe\u010den\u00ed domu. <strong>Po dohod\u011b technick\u00e9 komise, se kl\u00ed\u010de budou p\u0159ed\u00e1vat pouze majitel\u016fm bytov\u00fdch jednotek, jin\u00fdm osob\u00e1m (n\u00e1jemn\u00edk\u016fm) pouze na z\u00e1klad\u011b pln\u00e9 moci podepsan\u00e9 vlastn\u00edkem bytu.<\/strong> V\u00edce informaci V\u00e1m bude poskytnuto p\u0159\u00edmo na m\u00edst\u011b p\u0159i p\u0159ed\u00e1n\u00ed sklepn\u00ed k\u00f3je.<\/p>\n<p>&nbsp;<\/p>\n<p><strong><u>Rekapitulace term\u00edn\u016f p\u0159ed\u00e1n\u00ed:<\/u><\/strong><\/p>\n<p>2.5.2016\u00a0 18:00-19:00 ve sklep\u00edch<\/p>\n<p>3.5.2016\u00a0 18:00-19:00 ve sklep\u00edch<\/p>\n<p>Na sch\u016fzi SVJ, kter\u00e1 se bude konat pravd\u011bpodobn\u011b 19.\u00a05.\u00a02016<\/p>\n<p>&nbsp;<\/p>\n<p>V\u00a0p\u0159\u00edpad\u011b dotaz\u016f se pros\u00edm obracejte na spr\u00e1vce (pan Kre\u010dmer z LBD),\u00a0 nebo \u010dleny technick\u00e9 komise.<\/p>\n<p><u>Za technickou komisi <\/u><\/p>\n<p>Martin Klouda \u2013 608172304<\/p>\n<p>Stanislav Hru\u0161ka \u2013 724643938<\/p>\n<p>Ji\u0159\u00ed Lenfeld<\/p>\n<p>Milo\u0161 Ben\u00ed\u0161ek<\/p>\n<p>Stanislav Kre\u010dmer \u2013 603173349<\/p>\n","protected":false},"excerpt":{"rendered":"<p>V\u00e1\u017een\u00ed vlastn\u00edci byt\u016f, p\u0159ed \u010dtrn\u00e1cti dny n\u00e1m firma Inestav p\u0159edala zrekonstruovan\u00e9 sklepy. Po oprav\u00e1ch drobn\u00fdch nedostatk\u016f jsou nov\u00e9 k\u00f3je p\u0159ipraveny k\u00a0p\u0159ed\u00e1n\u00ed.\u00a0 Vzhledem k\u00a0tomu, \u017ee nechceme s\u00a0p\u0159ed\u00e1n\u00edm sklepn\u00edch k\u00f3j\u00ed \u010dekat do dal\u0161\u00edho shrom\u00e1\u017ed\u011bn\u00ed vlastn\u00edk\u016f jednotek (SVJ), domluvili jsme se jako technick\u00e1 &#8230; <a class=\"more-link\" href=\"https:\/\/www.novakovych59.cz\/?page_id=543\">\u010c\u00edst v\u00edce &raquo;<\/a><\/p>\n","protected":false},"author":1,"featured_media":0,"parent":0,"menu_order":0,"comment_status":"open","ping_status":"closed","template":"","meta":{"footnotes":""},"class_list":["post-543","page","type-page","status-publish","hentry"],"_links":{"self":[{"href":"https:\/\/www.novakovych59.cz\/index.php?rest_route=\/wp\/v2\/pages\/543","targetHints":{"allow":["GET"]}}],"collection":[{"href":"https:\/\/www.novakovych59.cz\/index.php?rest_route=\/wp\/v2\/pages"}],"about":[{"href":"https:\/\/www.novakovych59.cz\/index.php?rest_route=\/wp\/v2\/types\/page"}],"author":[{"embeddable":true,"href":"https:\/\/www.novakovych59.cz\/index.php?rest_route=\/wp\/v2\/users\/1"}],"replies":[{"embeddable":true,"href":"https:\/\/www.novakovych59.cz\/index.php?rest_route=%2Fwp%2Fv2%2Fcomments&post=543"}],"version-history":[{"count":4,"href":"https:\/\/www.novakovych59.cz\/index.php?rest_route=\/wp\/v2\/pages\/543\/revisions"}],"predecessor-version":[{"id":548,"href":"https:\/\/www.novakovych59.cz\/index.php?rest_route=\/wp\/v2\/pages\/543\/revisions\/548"}],"wp:attachment":[{"href":"https:\/\/www.novakovych59.cz\/index.php?rest_route=%2Fwp%2Fv2%2Fmedia&parent=543"}],"curies":[{"name":"wp","href":"https:\/\/api.w.org\/{rel}","templated":true}]}}