{"id":511,"date":"2015-12-08T18:22:03","date_gmt":"2015-12-08T16:22:03","guid":{"rendered":"http:\/\/www.novakovych59.cz\/?page_id=511"},"modified":"2015-12-08T18:22:03","modified_gmt":"2015-12-08T16:22:03","slug":"aktualni-foto-z-rekonstrukce-nasich-sklepu","status":"publish","type":"page","link":"https:\/\/www.novakovych59.cz\/?page_id=511","title":{"rendered":"Aktu\u00e1ln\u00ed foto z rekonstrukce na\u0161ich sklep\u016f"},"content":{"rendered":"<div id='gallery-1' class='gallery galleryid-511 gallery-columns-3 gallery-size-large'><figure class='gallery-item'>\n\t\t\t<div class='gallery-icon landscape'>\n\t\t\t\t<a href='https:\/\/www.novakovych59.cz\/?attachment_id=524'><img loading=\"lazy\" decoding=\"async\" width=\"600\" height=\"450\" src=\"https:\/\/www.novakovych59.cz\/wp-content\/uploads\/2015\/12\/IMG_1362-1024x768.jpg\" class=\"attachment-large size-large\" alt=\"\" srcset=\"https:\/\/www.novakovych59.cz\/wp-content\/uploads\/2015\/12\/IMG_1362-1024x768.jpg 1024w, https:\/\/www.novakovych59.cz\/wp-content\/uploads\/2015\/12\/IMG_1362-150x113.jpg 150w, https:\/\/www.novakovych59.cz\/wp-content\/uploads\/2015\/12\/IMG_1362-300x225.jpg 300w, https:\/\/www.novakovych59.cz\/wp-content\/uploads\/2015\/12\/IMG_1362-600x450.jpg 600w\" sizes=\"auto, (max-width: 600px) 100vw, 600px\" \/><\/a>\n\t\t\t<\/div><\/figure><figure class='gallery-item'>\n\t\t\t<div class='gallery-icon landscape'>\n\t\t\t\t<a href='https:\/\/www.novakovych59.cz\/?attachment_id=523'><img loading=\"lazy\" decoding=\"async\" width=\"600\" height=\"450\" src=\"https:\/\/www.novakovych59.cz\/wp-content\/uploads\/2015\/12\/IMG_1360-1024x768.jpg\" class=\"attachment-large size-large\" alt=\"\" srcset=\"https:\/\/www.novakovych59.cz\/wp-content\/uploads\/2015\/12\/IMG_1360-1024x768.jpg 1024w, https:\/\/www.novakovych59.cz\/wp-content\/uploads\/2015\/12\/IMG_1360-150x113.jpg 150w, https:\/\/www.novakovych59.cz\/wp-content\/uploads\/2015\/12\/IMG_1360-300x225.jpg 300w, https:\/\/www.novakovych59.cz\/wp-content\/uploads\/2015\/12\/IMG_1360-600x450.jpg 600w\" sizes=\"auto, (max-width: 600px) 100vw, 600px\" \/><\/a>\n\t\t\t<\/div><\/figure><figure class='gallery-item'>\n\t\t\t<div class='gallery-icon portrait'>\n\t\t\t\t<a href='https:\/\/www.novakovych59.cz\/?attachment_id=522'><img loading=\"lazy\" decoding=\"async\" width=\"600\" height=\"800\" src=\"https:\/\/www.novakovych59.cz\/wp-content\/uploads\/2015\/12\/IMG_1359-768x1024.jpg\" class=\"attachment-large size-large\" alt=\"\" srcset=\"https:\/\/www.novakovych59.cz\/wp-content\/uploads\/2015\/12\/IMG_1359-768x1024.jpg 768w, https:\/\/www.novakovych59.cz\/wp-content\/uploads\/2015\/12\/IMG_1359-113x150.jpg 113w, https:\/\/www.novakovych59.cz\/wp-content\/uploads\/2015\/12\/IMG_1359-225x300.jpg 225w, https:\/\/www.novakovych59.cz\/wp-content\/uploads\/2015\/12\/IMG_1359-600x800.jpg 600w\" sizes=\"auto, (max-width: 600px) 100vw, 600px\" \/><\/a>\n\t\t\t<\/div><\/figure><figure class='gallery-item'>\n\t\t\t<div class='gallery-icon landscape'>\n\t\t\t\t<a href='https:\/\/www.novakovych59.cz\/?attachment_id=521'><img loading=\"lazy\" decoding=\"async\" width=\"600\" height=\"450\" src=\"https:\/\/www.novakovych59.cz\/wp-content\/uploads\/2015\/12\/IMG_1358-1024x768.jpg\" class=\"attachment-large size-large\" alt=\"\" srcset=\"https:\/\/www.novakovych59.cz\/wp-content\/uploads\/2015\/12\/IMG_1358-1024x768.jpg 1024w, https:\/\/www.novakovych59.cz\/wp-content\/uploads\/2015\/12\/IMG_1358-150x113.jpg 150w, https:\/\/www.novakovych59.cz\/wp-content\/uploads\/2015\/12\/IMG_1358-300x225.jpg 300w, https:\/\/www.novakovych59.cz\/wp-content\/uploads\/2015\/12\/IMG_1358-600x450.jpg 600w\" sizes=\"auto, (max-width: 600px) 100vw, 600px\" \/><\/a>\n\t\t\t<\/div><\/figure><figure class='gallery-item'>\n\t\t\t<div class='gallery-icon portrait'>\n\t\t\t\t<a href='https:\/\/www.novakovych59.cz\/?attachment_id=520'><img loading=\"lazy\" decoding=\"async\" width=\"600\" height=\"800\" src=\"https:\/\/www.novakovych59.cz\/wp-content\/uploads\/2015\/12\/IMG_1357-768x1024.jpg\" class=\"attachment-large size-large\" alt=\"\" srcset=\"https:\/\/www.novakovych59.cz\/wp-content\/uploads\/2015\/12\/IMG_1357-768x1024.jpg 768w, https:\/\/www.novakovych59.cz\/wp-content\/uploads\/2015\/12\/IMG_1357-113x150.jpg 113w, https:\/\/www.novakovych59.cz\/wp-content\/uploads\/2015\/12\/IMG_1357-225x300.jpg 225w, https:\/\/www.novakovych59.cz\/wp-content\/uploads\/2015\/12\/IMG_1357-600x800.jpg 600w\" sizes=\"auto, (max-width: 600px) 100vw, 600px\" \/><\/a>\n\t\t\t<\/div><\/figure><figure class='gallery-item'>\n\t\t\t<div class='gallery-icon landscape'>\n\t\t\t\t<a href='https:\/\/www.novakovych59.cz\/?attachment_id=519'><img loading=\"lazy\" decoding=\"async\" width=\"600\" height=\"450\" src=\"https:\/\/www.novakovych59.cz\/wp-content\/uploads\/2015\/12\/IMG_1356-1024x768.jpg\" class=\"attachment-large size-large\" alt=\"\" srcset=\"https:\/\/www.novakovych59.cz\/wp-content\/uploads\/2015\/12\/IMG_1356-1024x768.jpg 1024w, https:\/\/www.novakovych59.cz\/wp-content\/uploads\/2015\/12\/IMG_1356-150x113.jpg 150w, https:\/\/www.novakovych59.cz\/wp-content\/uploads\/2015\/12\/IMG_1356-300x225.jpg 300w, https:\/\/www.novakovych59.cz\/wp-content\/uploads\/2015\/12\/IMG_1356-600x450.jpg 600w\" sizes=\"auto, (max-width: 600px) 100vw, 600px\" \/><\/a>\n\t\t\t<\/div><\/figure><figure class='gallery-item'>\n\t\t\t<div class='gallery-icon landscape'>\n\t\t\t\t<a href='https:\/\/www.novakovych59.cz\/?attachment_id=518'><img loading=\"lazy\" decoding=\"async\" width=\"600\" height=\"450\" src=\"https:\/\/www.novakovych59.cz\/wp-content\/uploads\/2015\/12\/IMG_1355-1024x768.jpg\" class=\"attachment-large size-large\" alt=\"\" srcset=\"https:\/\/www.novakovych59.cz\/wp-content\/uploads\/2015\/12\/IMG_1355-1024x768.jpg 1024w, https:\/\/www.novakovych59.cz\/wp-content\/uploads\/2015\/12\/IMG_1355-150x113.jpg 150w, https:\/\/www.novakovych59.cz\/wp-content\/uploads\/2015\/12\/IMG_1355-300x225.jpg 300w, https:\/\/www.novakovych59.cz\/wp-content\/uploads\/2015\/12\/IMG_1355-600x450.jpg 600w\" sizes=\"auto, (max-width: 600px) 100vw, 600px\" \/><\/a>\n\t\t\t<\/div><\/figure><figure class='gallery-item'>\n\t\t\t<div class='gallery-icon landscape'>\n\t\t\t\t<a href='https:\/\/www.novakovych59.cz\/?attachment_id=517'><img loading=\"lazy\" decoding=\"async\" width=\"600\" height=\"450\" src=\"https:\/\/www.novakovych59.cz\/wp-content\/uploads\/2015\/12\/IMG_1354-1024x768.jpg\" class=\"attachment-large size-large\" alt=\"\" srcset=\"https:\/\/www.novakovych59.cz\/wp-content\/uploads\/2015\/12\/IMG_1354-1024x768.jpg 1024w, https:\/\/www.novakovych59.cz\/wp-content\/uploads\/2015\/12\/IMG_1354-150x113.jpg 150w, https:\/\/www.novakovych59.cz\/wp-content\/uploads\/2015\/12\/IMG_1354-300x225.jpg 300w, https:\/\/www.novakovych59.cz\/wp-content\/uploads\/2015\/12\/IMG_1354-600x450.jpg 600w\" sizes=\"auto, (max-width: 600px) 100vw, 600px\" \/><\/a>\n\t\t\t<\/div><\/figure><figure class='gallery-item'>\n\t\t\t<div class='gallery-icon landscape'>\n\t\t\t\t<a href='https:\/\/www.novakovych59.cz\/?attachment_id=516'><img loading=\"lazy\" decoding=\"async\" width=\"600\" height=\"450\" src=\"https:\/\/www.novakovych59.cz\/wp-content\/uploads\/2015\/12\/IMG_1353-1024x768.jpg\" class=\"attachment-large size-large\" alt=\"\" srcset=\"https:\/\/www.novakovych59.cz\/wp-content\/uploads\/2015\/12\/IMG_1353-1024x768.jpg 1024w, https:\/\/www.novakovych59.cz\/wp-content\/uploads\/2015\/12\/IMG_1353-150x113.jpg 150w, https:\/\/www.novakovych59.cz\/wp-content\/uploads\/2015\/12\/IMG_1353-300x225.jpg 300w, https:\/\/www.novakovych59.cz\/wp-content\/uploads\/2015\/12\/IMG_1353-600x450.jpg 600w\" sizes=\"auto, (max-width: 600px) 100vw, 600px\" \/><\/a>\n\t\t\t<\/div><\/figure><figure class='gallery-item'>\n\t\t\t<div class='gallery-icon landscape'>\n\t\t\t\t<a href='https:\/\/www.novakovych59.cz\/?attachment_id=515'><img loading=\"lazy\" decoding=\"async\" width=\"600\" height=\"450\" src=\"https:\/\/www.novakovych59.cz\/wp-content\/uploads\/2015\/12\/IMG_1352-1024x768.jpg\" class=\"attachment-large size-large\" alt=\"\" srcset=\"https:\/\/www.novakovych59.cz\/wp-content\/uploads\/2015\/12\/IMG_1352-1024x768.jpg 1024w, https:\/\/www.novakovych59.cz\/wp-content\/uploads\/2015\/12\/IMG_1352-150x113.jpg 150w, https:\/\/www.novakovych59.cz\/wp-content\/uploads\/2015\/12\/IMG_1352-300x225.jpg 300w, https:\/\/www.novakovych59.cz\/wp-content\/uploads\/2015\/12\/IMG_1352-600x450.jpg 600w\" sizes=\"auto, (max-width: 600px) 100vw, 600px\" \/><\/a>\n\t\t\t<\/div><\/figure><figure class='gallery-item'>\n\t\t\t<div class='gallery-icon landscape'>\n\t\t\t\t<a href='https:\/\/www.novakovych59.cz\/?attachment_id=514'><img loading=\"lazy\" decoding=\"async\" width=\"600\" height=\"450\" src=\"https:\/\/www.novakovych59.cz\/wp-content\/uploads\/2015\/12\/IMG_1351-1024x768.jpg\" class=\"attachment-large size-large\" alt=\"\" srcset=\"https:\/\/www.novakovych59.cz\/wp-content\/uploads\/2015\/12\/IMG_1351-1024x768.jpg 1024w, https:\/\/www.novakovych59.cz\/wp-content\/uploads\/2015\/12\/IMG_1351-150x113.jpg 150w, https:\/\/www.novakovych59.cz\/wp-content\/uploads\/2015\/12\/IMG_1351-300x225.jpg 300w, https:\/\/www.novakovych59.cz\/wp-content\/uploads\/2015\/12\/IMG_1351-600x450.jpg 600w\" sizes=\"auto, (max-width: 600px) 100vw, 600px\" \/><\/a>\n\t\t\t<\/div><\/figure><figure class='gallery-item'>\n\t\t\t<div class='gallery-icon portrait'>\n\t\t\t\t<a href='https:\/\/www.novakovych59.cz\/?attachment_id=513'><img loading=\"lazy\" decoding=\"async\" width=\"600\" height=\"800\" src=\"https:\/\/www.novakovych59.cz\/wp-content\/uploads\/2015\/12\/IMG_1350-768x1024.jpg\" class=\"attachment-large size-large\" alt=\"\" srcset=\"https:\/\/www.novakovych59.cz\/wp-content\/uploads\/2015\/12\/IMG_1350-768x1024.jpg 768w, https:\/\/www.novakovych59.cz\/wp-content\/uploads\/2015\/12\/IMG_1350-113x150.jpg 113w, https:\/\/www.novakovych59.cz\/wp-content\/uploads\/2015\/12\/IMG_1350-225x300.jpg 225w, https:\/\/www.novakovych59.cz\/wp-content\/uploads\/2015\/12\/IMG_1350-600x800.jpg 600w\" sizes=\"auto, (max-width: 600px) 100vw, 600px\" \/><\/a>\n\t\t\t<\/div><\/figure><figure class='gallery-item'>\n\t\t\t<div class='gallery-icon landscape'>\n\t\t\t\t<a href='https:\/\/www.novakovych59.cz\/?attachment_id=512'><img loading=\"lazy\" decoding=\"async\" width=\"600\" height=\"450\" src=\"https:\/\/www.novakovych59.cz\/wp-content\/uploads\/2015\/12\/IMG_1349-1024x768.jpg\" class=\"attachment-large size-large\" alt=\"\" srcset=\"https:\/\/www.novakovych59.cz\/wp-content\/uploads\/2015\/12\/IMG_1349-1024x768.jpg 1024w, https:\/\/www.novakovych59.cz\/wp-content\/uploads\/2015\/12\/IMG_1349-150x113.jpg 150w, https:\/\/www.novakovych59.cz\/wp-content\/uploads\/2015\/12\/IMG_1349-300x225.jpg 300w, https:\/\/www.novakovych59.cz\/wp-content\/uploads\/2015\/12\/IMG_1349-600x450.jpg 600w\" sizes=\"auto, (max-width: 600px) 100vw, 600px\" \/><\/a>\n\t\t\t<\/div><\/figure>\n\t\t<\/div>\n\n","protected":false},"excerpt":{"rendered":"","protected":false},"author":1,"featured_media":0,"parent":0,"menu_order":0,"comment_status":"closed","ping_status":"closed","template":"","meta":{"footnotes":""},"class_list":["post-511","page","type-page","status-publish","hentry"],"_links":{"self":[{"href":"https:\/\/www.novakovych59.cz\/index.php?rest_route=\/wp\/v2\/pages\/511","targetHints":{"allow":["GET"]}}],"collection":[{"href":"https:\/\/www.novakovych59.cz\/index.php?rest_route=\/wp\/v2\/pages"}],"about":[{"href":"https:\/\/www.novakovych59.cz\/index.php?rest_route=\/wp\/v2\/types\/page"}],"author":[{"embeddable":true,"href":"https:\/\/www.novakovych59.cz\/index.php?rest_route=\/wp\/v2\/users\/1"}],"replies":[{"embeddable":true,"href":"https:\/\/www.novakovych59.cz\/index.php?rest_route=%2Fwp%2Fv2%2Fcomments&post=511"}],"version-history":[{"count":1,"href":"https:\/\/www.novakovych59.cz\/index.php?rest_route=\/wp\/v2\/pages\/511\/revisions"}],"predecessor-version":[{"id":525,"href":"https:\/\/www.novakovych59.cz\/index.php?rest_route=\/wp\/v2\/pages\/511\/revisions\/525"}],"wp:attachment":[{"href":"https:\/\/www.novakovych59.cz\/index.php?rest_route=%2Fwp%2Fv2%2Fmedia&parent=511"}],"curies":[{"name":"wp","href":"https:\/\/api.w.org\/{rel}","templated":true}]}}