{"id":498,"date":"2015-11-29T14:59:18","date_gmt":"2015-11-29T12:59:18","guid":{"rendered":"http:\/\/www.novakovych59.cz\/?page_id=498"},"modified":"2015-11-29T15:05:30","modified_gmt":"2015-11-29T13:05:30","slug":"19-11-2015-schuze-vlastniku-bytovych-jednotek-4-2015","status":"publish","type":"page","link":"https:\/\/www.novakovych59.cz\/?page_id=498","title":{"rendered":"Sch\u016fze vlastn\u00edk\u016f bytov\u00fdch  jednotek  4 \/2015"},"content":{"rendered":"<p>Z\u00e1pis\u00a0 ze sch\u016fze\u00a0 majitel\u016f a dru\u017estevn\u00edk\u016f, naleznete <a href=\"http:\/\/www.novakovych59.cz\/wp-content\/uploads\/2015\/11\/19.11.2015.pdf\">zde<\/a><\/p>\n","protected":false},"excerpt":{"rendered":"<p>Z\u00e1pis\u00a0 ze sch\u016fze\u00a0 majitel\u016f a dru\u017estevn\u00edk\u016f, naleznete zde<\/p>\n","protected":false},"author":1,"featured_media":0,"parent":20,"menu_order":0,"comment_status":"open","ping_status":"closed","template":"","meta":{"footnotes":""},"class_list":["post-498","page","type-page","status-publish","hentry"],"_links":{"self":[{"href":"https:\/\/www.novakovych59.cz\/index.php?rest_route=\/wp\/v2\/pages\/498","targetHints":{"allow":["GET"]}}],"collection":[{"href":"https:\/\/www.novakovych59.cz\/index.php?rest_route=\/wp\/v2\/pages"}],"about":[{"href":"https:\/\/www.novakovych59.cz\/index.php?rest_route=\/wp\/v2\/types\/page"}],"author":[{"embeddable":true,"href":"https:\/\/www.novakovych59.cz\/index.php?rest_route=\/wp\/v2\/users\/1"}],"replies":[{"embeddable":true,"href":"https:\/\/www.novakovych59.cz\/index.php?rest_route=%2Fwp%2Fv2%2Fcomments&post=498"}],"version-history":[{"count":3,"href":"https:\/\/www.novakovych59.cz\/index.php?rest_route=\/wp\/v2\/pages\/498\/revisions"}],"predecessor-version":[{"id":502,"href":"https:\/\/www.novakovych59.cz\/index.php?rest_route=\/wp\/v2\/pages\/498\/revisions\/502"}],"up":[{"embeddable":true,"href":"https:\/\/www.novakovych59.cz\/index.php?rest_route=\/wp\/v2\/pages\/20"}],"wp:attachment":[{"href":"https:\/\/www.novakovych59.cz\/index.php?rest_route=%2Fwp%2Fv2%2Fmedia&parent=498"}],"curies":[{"name":"wp","href":"https:\/\/api.w.org\/{rel}","templated":true}]}}