{"id":490,"date":"2015-06-30T14:26:54","date_gmt":"2015-06-30T12:26:54","guid":{"rendered":"http:\/\/www.novakovych59.cz\/?page_id=490"},"modified":"2015-06-30T14:26:54","modified_gmt":"2015-06-30T12:26:54","slug":"rekonstrukce-sklepnich-prostoru","status":"publish","type":"page","link":"https:\/\/www.novakovych59.cz\/?page_id=490","title":{"rendered":"Rekonstrukce  sklepn\u00edch prostor\u016f"},"content":{"rendered":"<p>Mil\u00ed soused\u00e9 a \u00a0majitel\u00e9 bytov\u00fdch jednotek,<\/p>\n<p>Na posledn\u00ed sch\u016fzi, kter\u00e1 byla dne 25.6.2015 bylo ve\u0159ejn\u00fdm shrom\u00e1\u017ed\u011bn\u00edm odsouhlasen projekt a\u00a0\u00a0na\u0161e rekonstrukce\u00a0 sklep\u016f.<\/p>\n<p><strong><span style=\"color: #ff0000;\">Term\u00edn \u00a0na vykl\u00edzen\u00ed Va\u0161ich osobn\u00edch v\u011bc\u00ed z\u00a0t\u011bchto sklep\u016f je stanoven \u00a0do 31.7.2015, proto\u017ee bychom r\u00e1di za\u010dali s\u00a0demolic\u00ed a n\u00e1slednou \u00a0rekonstrukc\u00ed ji\u017e 1.8.2015.<\/span><\/strong><\/p>\n<p><span style=\"color: #0000ff;\"><strong>Ukon\u010den\u00ed celkov\u00e9 rekonstrukce je pl\u00e1nov\u00e1no\u00a0 do konce leto\u0161n\u00edho roku 2015<\/strong><\/span><\/p>\n<p>V\u011b\u0159\u00edme, \u017ee p\u0159es tyto mal\u00e9 komplikace budeme m\u00edt kr\u00e1sn\u00e9 a nov\u00e9 sklepy, v\u00a0kter\u00e9 n\u00e1m budou v\u011brn\u011b slou\u017eit do budoucna.<\/p>\n<p>D\u011bkujeme moc za pochopen\u00ed a v\u00a0p\u0159\u00edpad\u011b\u00a0 dotaz\u016f, n\u00e1s nev\u00e1hejte\u00a0 kontaktovat.<\/p>\n<p>Za technickou komisi<\/p>\n<p>Ji\u0159\u00ed Lenfeld<\/p>\n<p>Martin Klouda<\/p>\n<p>Milo\u0161 Ben\u00ed\u0161ek<\/p>\n<p>Stanislav Hru\u0161ka<\/p>\n","protected":false},"excerpt":{"rendered":"<p>Mil\u00ed soused\u00e9 a \u00a0majitel\u00e9 bytov\u00fdch jednotek, Na posledn\u00ed sch\u016fzi, kter\u00e1 byla dne 25.6.2015 bylo ve\u0159ejn\u00fdm shrom\u00e1\u017ed\u011bn\u00edm odsouhlasen projekt a\u00a0\u00a0na\u0161e rekonstrukce\u00a0 sklep\u016f. Term\u00edn \u00a0na vykl\u00edzen\u00ed Va\u0161ich osobn\u00edch v\u011bc\u00ed z\u00a0t\u011bchto sklep\u016f je stanoven \u00a0do 31.7.2015, proto\u017ee bychom r\u00e1di za\u010dali s\u00a0demolic\u00ed a n\u00e1slednou &#8230; <a class=\"more-link\" href=\"https:\/\/www.novakovych59.cz\/?page_id=490\">\u010c\u00edst v\u00edce &raquo;<\/a><\/p>\n","protected":false},"author":1,"featured_media":0,"parent":20,"menu_order":0,"comment_status":"open","ping_status":"closed","template":"","meta":{"footnotes":""},"class_list":["post-490","page","type-page","status-publish","hentry"],"_links":{"self":[{"href":"https:\/\/www.novakovych59.cz\/index.php?rest_route=\/wp\/v2\/pages\/490","targetHints":{"allow":["GET"]}}],"collection":[{"href":"https:\/\/www.novakovych59.cz\/index.php?rest_route=\/wp\/v2\/pages"}],"about":[{"href":"https:\/\/www.novakovych59.cz\/index.php?rest_route=\/wp\/v2\/types\/page"}],"author":[{"embeddable":true,"href":"https:\/\/www.novakovych59.cz\/index.php?rest_route=\/wp\/v2\/users\/1"}],"replies":[{"embeddable":true,"href":"https:\/\/www.novakovych59.cz\/index.php?rest_route=%2Fwp%2Fv2%2Fcomments&post=490"}],"version-history":[{"count":2,"href":"https:\/\/www.novakovych59.cz\/index.php?rest_route=\/wp\/v2\/pages\/490\/revisions"}],"predecessor-version":[{"id":492,"href":"https:\/\/www.novakovych59.cz\/index.php?rest_route=\/wp\/v2\/pages\/490\/revisions\/492"}],"up":[{"embeddable":true,"href":"https:\/\/www.novakovych59.cz\/index.php?rest_route=\/wp\/v2\/pages\/20"}],"wp:attachment":[{"href":"https:\/\/www.novakovych59.cz\/index.php?rest_route=%2Fwp%2Fv2%2Fmedia&parent=490"}],"curies":[{"name":"wp","href":"https:\/\/api.w.org\/{rel}","templated":true}]}}