{"id":49,"date":"2014-07-10T21:08:41","date_gmt":"2014-07-10T19:08:41","guid":{"rendered":"http:\/\/www.novakovych59.cz\/?page_id=49"},"modified":"2014-07-14T13:54:24","modified_gmt":"2014-07-14T11:54:24","slug":"stavba-fasady-povolena","status":"publish","type":"page","link":"https:\/\/www.novakovych59.cz\/?page_id=49","title":{"rendered":"Stavba vnit\u0159n\u00ed fas\u00e1dy povolena"},"content":{"rendered":"<div style=\"text-align: left;\"><\/div>\n<div style=\"text-align: left;\"><span style=\"color: #000000;\"><b>Povolen\u00ed rekonstrukce dvorn\u00ed \/vnit\u0159n\u00ed fas\u00e1dy na\u0161eho domu, <\/b><\/span><\/div>\n<div style=\"text-align: left;\"><\/div>\n<div style=\"text-align: left;\"><span style=\"color: #000000;\"><b>kter\u00e9 nabylo pr\u00e1vn\u00ed moci dne 11.1.20014 a stavba byla zah\u00e1jena <\/b><\/span><\/div>\n<div style=\"text-align: left;\"><\/div>\n<div style=\"text-align: left;\"><span style=\"color: #000000;\"><b>dne 3.3.2014 a je pl\u00e1novan\u00e1 do 30.6.2014<\/b><\/span><\/div>\n<div style=\"text-align: left;\"><\/div>\n<div style=\"text-align: left;\"><\/div>\n<div style=\"text-align: left;\"><\/div>\n<div style=\"text-align: left;\"><a href=\"http:\/\/www.novakovych59.cz\/wp-content\/uploads\/2014\/07\/Photo-04.04.14-16-54-26.jpg\"><img loading=\"lazy\" decoding=\"async\" class=\"alignnone wp-image-51 size-medium\" src=\"http:\/\/www.novakovych59.cz\/wp-content\/uploads\/2014\/07\/Photo-04.04.14-16-54-26-225x300.jpg\" alt=\"Photo 04.04.14 16 54 26\" width=\"225\" height=\"300\" srcset=\"https:\/\/www.novakovych59.cz\/wp-content\/uploads\/2014\/07\/Photo-04.04.14-16-54-26-225x300.jpg 225w, https:\/\/www.novakovych59.cz\/wp-content\/uploads\/2014\/07\/Photo-04.04.14-16-54-26-768x1024.jpg 768w, https:\/\/www.novakovych59.cz\/wp-content\/uploads\/2014\/07\/Photo-04.04.14-16-54-26-624x832.jpg 624w\" sizes=\"auto, (max-width: 225px) 100vw, 225px\" \/><span style=\"color: #ffffff;\">\u00a0\u00a0 <\/span><\/a><a href=\"http:\/\/www.novakovych59.cz\/wp-content\/uploads\/2014\/07\/Photo-04.04.14-16-53-48.jpg\"><img loading=\"lazy\" decoding=\"async\" class=\"alignnone  wp-image-50\" src=\"http:\/\/www.novakovych59.cz\/wp-content\/uploads\/2014\/07\/Photo-04.04.14-16-53-48-300x225.jpg\" alt=\"Photo 04.04.14 16 53 48\" width=\"211\" height=\"158\" srcset=\"https:\/\/www.novakovych59.cz\/wp-content\/uploads\/2014\/07\/Photo-04.04.14-16-53-48-300x225.jpg 300w, https:\/\/www.novakovych59.cz\/wp-content\/uploads\/2014\/07\/Photo-04.04.14-16-53-48-1024x768.jpg 1024w, https:\/\/www.novakovych59.cz\/wp-content\/uploads\/2014\/07\/Photo-04.04.14-16-53-48-624x467.jpg 624w\" sizes=\"auto, (max-width: 211px) 100vw, 211px\" \/><\/a><a href=\"http:\/\/www.novakovych59.cz\/wp-content\/uploads\/2014\/07\/Photo-04.04.14-16-54-26.jpg\"><br \/>\n<\/a><\/div>\n<div style=\"text-align: left;\"><\/div>\n<div style=\"text-align: left;\"><\/div>\n<div style=\"text-align: left;\"><\/div>\n<div style=\"text-align: left;\"><\/div>\n<div style=\"text-align: left;\"><\/div>\n","protected":false},"excerpt":{"rendered":"<p>Povolen\u00ed rekonstrukce dvorn\u00ed \/vnit\u0159n\u00ed fas\u00e1dy na\u0161eho domu, kter\u00e9 nabylo pr\u00e1vn\u00ed moci dne 11.1.20014 a stavba byla zah\u00e1jena dne 3.3.2014 a je pl\u00e1novan\u00e1 do 30.6.2014 \u00a0\u00a0<\/p>\n","protected":false},"author":1,"featured_media":0,"parent":20,"menu_order":1,"comment_status":"open","ping_status":"closed","template":"","meta":{"footnotes":""},"class_list":["post-49","page","type-page","status-publish","hentry"],"_links":{"self":[{"href":"https:\/\/www.novakovych59.cz\/index.php?rest_route=\/wp\/v2\/pages\/49","targetHints":{"allow":["GET"]}}],"collection":[{"href":"https:\/\/www.novakovych59.cz\/index.php?rest_route=\/wp\/v2\/pages"}],"about":[{"href":"https:\/\/www.novakovych59.cz\/index.php?rest_route=\/wp\/v2\/types\/page"}],"author":[{"embeddable":true,"href":"https:\/\/www.novakovych59.cz\/index.php?rest_route=\/wp\/v2\/users\/1"}],"replies":[{"embeddable":true,"href":"https:\/\/www.novakovych59.cz\/index.php?rest_route=%2Fwp%2Fv2%2Fcomments&post=49"}],"version-history":[{"count":3,"href":"https:\/\/www.novakovych59.cz\/index.php?rest_route=\/wp\/v2\/pages\/49\/revisions"}],"predecessor-version":[{"id":60,"href":"https:\/\/www.novakovych59.cz\/index.php?rest_route=\/wp\/v2\/pages\/49\/revisions\/60"}],"up":[{"embeddable":true,"href":"https:\/\/www.novakovych59.cz\/index.php?rest_route=\/wp\/v2\/pages\/20"}],"wp:attachment":[{"href":"https:\/\/www.novakovych59.cz\/index.php?rest_route=%2Fwp%2Fv2%2Fmedia&parent=49"}],"curies":[{"name":"wp","href":"https:\/\/api.w.org\/{rel}","templated":true}]}}