{"id":478,"date":"2015-06-18T21:30:55","date_gmt":"2015-06-18T19:30:55","guid":{"rendered":"http:\/\/www.novakovych59.cz\/?page_id=478"},"modified":"2015-06-18T21:30:55","modified_gmt":"2015-06-18T19:30:55","slug":"predani-hotoveho-projektu-k-nasim-sklepum-od-architekta-milose-munzara","status":"publish","type":"page","link":"https:\/\/www.novakovych59.cz\/?page_id=478","title":{"rendered":"P\u0159ed\u00e1n\u00ed hotov\u00e9ho projektu k na\u0161\u00edm sklep\u016fm  od  architekta Milo\u0161e Munzara"},"content":{"rendered":"<p>V\u00e1\u017een\u00ed spolubydl\u00edc\u00ed,<\/p>\n<p>dnes, 12. 06. 2015 do\u0161lo k p\u0159ed\u00e1n\u00ed objednan\u00e9ho projektu pl\u00e1novan\u00e9 rekonstrukce sklep\u016f. Na jeho z\u00e1klad\u011b by m\u011bl v nejbli\u017e\u0161\u00ed dob\u011b n\u00e1\u0161 spr\u00e1vce oslovit stavebn\u00ed firmy, kter\u00e9 se budou o zhotoven\u00ed uch\u00e1zet sv\u00fdmi cenov\u00fdmi nab\u00eddkami. Projekt obsahuje i slep\u00fd rozpo\u010det, co\u017e by m\u011blo usnadnit n\u00e1\u0161 v\u00fdb\u011br. Je v pap\u00edrov\u00e9 podob\u011b k nahl\u00e9dnut\u00ed u Martina Kloudy ve vchodu \u010d\u00edslo 4. Stejn\u00fd dokument v elektronick\u00e9 podob\u011b bude zve\u0159ejn\u011bn na na\u0161ich internetov\u00fdch str\u00e1nk\u00e1ch <a href=\"http:\/\/www.novakovych59.cz\/\">http:\/\/www.novakovych59.cz\/<\/a> .<\/p>\n<p>R\u00e1di bychom pr\u00e1ce na rekonstrukci zah\u00e1jili co nejd\u0159\u00edve, a proto se chyst\u00e1me svolat sch\u016fzi, kde bychom si mohli odhlasovat dal\u0161\u00ed postup, a pakli\u017ee se n\u00e1m do t\u00e9 doby poda\u0159\u00ed sehnat ide\u00e1ln\u00edho zhotovitele, m\u016f\u017ee se hlasovat i o konkr\u00e9tn\u00ed firm\u011b.<\/p>\n<p>Pros\u00edme, abyste vzali na v\u011bdom\u00ed, \u017ee s vykl\u00edzen\u00edm sklep\u016f nen\u00ed na co \u010dekat. Abychom stihli tuto n\u00e1ro\u010dnou rekonstrukci, m\u011bli bychom za\u010d\u00edt co nejd\u0159\u00edve a vyu\u017e\u00edt co nejv\u00edce tepl\u00fdch dn\u016f.<\/p>\n<p>Bli\u017e\u0161\u00ed informace obdr\u017e\u00edte na spole\u010dn\u00e9 sch\u016fzi, kter\u00e1 se bude konat 25. 6. 2015 od 18.00 hodin, tentokr\u00e1t ne, jak jsme zvykl\u00ed, ve \u0161kole v Heydukov\u011b ulici, ale v <strong>Z\u00e1kladn\u00ed \u0161kole Bohumila Hrabala, Zenklova 52, Praha 8<\/strong>. V pond\u011bl\u00ed bude LBD rozes\u00edlat pozv\u00e1nky.<\/p>\n<p>&nbsp;<\/p>\n<p>\u010dlenov\u00e9 TK SVJ &#8211; vchod \u010d\u00edslo 2 a 4<\/p>\n<p>Stanislav Hru\u0161ka &#8211; 724643938<\/p>\n<p>Martin Klouda &#8211; 608172304<\/p>\n<p>Ji\u0159\u00ed Lenfeld<\/p>\n<p>Milo\u0161 Ben\u00ed\u0161ek<\/p>\n","protected":false},"excerpt":{"rendered":"<p>V\u00e1\u017een\u00ed spolubydl\u00edc\u00ed, dnes, 12. 06. 2015 do\u0161lo k p\u0159ed\u00e1n\u00ed objednan\u00e9ho projektu pl\u00e1novan\u00e9 rekonstrukce sklep\u016f. Na jeho z\u00e1klad\u011b by m\u011bl v nejbli\u017e\u0161\u00ed dob\u011b n\u00e1\u0161 spr\u00e1vce oslovit stavebn\u00ed firmy, kter\u00e9 se budou o zhotoven\u00ed uch\u00e1zet sv\u00fdmi cenov\u00fdmi nab\u00eddkami. Projekt obsahuje i slep\u00fd &#8230; <a class=\"more-link\" href=\"https:\/\/www.novakovych59.cz\/?page_id=478\">\u010c\u00edst v\u00edce &raquo;<\/a><\/p>\n","protected":false},"author":1,"featured_media":0,"parent":20,"menu_order":0,"comment_status":"open","ping_status":"closed","template":"","meta":{"footnotes":""},"class_list":["post-478","page","type-page","status-publish","hentry"],"_links":{"self":[{"href":"https:\/\/www.novakovych59.cz\/index.php?rest_route=\/wp\/v2\/pages\/478","targetHints":{"allow":["GET"]}}],"collection":[{"href":"https:\/\/www.novakovych59.cz\/index.php?rest_route=\/wp\/v2\/pages"}],"about":[{"href":"https:\/\/www.novakovych59.cz\/index.php?rest_route=\/wp\/v2\/types\/page"}],"author":[{"embeddable":true,"href":"https:\/\/www.novakovych59.cz\/index.php?rest_route=\/wp\/v2\/users\/1"}],"replies":[{"embeddable":true,"href":"https:\/\/www.novakovych59.cz\/index.php?rest_route=%2Fwp%2Fv2%2Fcomments&post=478"}],"version-history":[{"count":1,"href":"https:\/\/www.novakovych59.cz\/index.php?rest_route=\/wp\/v2\/pages\/478\/revisions"}],"predecessor-version":[{"id":479,"href":"https:\/\/www.novakovych59.cz\/index.php?rest_route=\/wp\/v2\/pages\/478\/revisions\/479"}],"up":[{"embeddable":true,"href":"https:\/\/www.novakovych59.cz\/index.php?rest_route=\/wp\/v2\/pages\/20"}],"wp:attachment":[{"href":"https:\/\/www.novakovych59.cz\/index.php?rest_route=%2Fwp%2Fv2%2Fmedia&parent=478"}],"curies":[{"name":"wp","href":"https:\/\/api.w.org\/{rel}","templated":true}]}}