{"id":455,"date":"2015-06-16T21:05:21","date_gmt":"2015-06-16T19:05:21","guid":{"rendered":"http:\/\/www.novakovych59.cz\/?page_id=455"},"modified":"2015-06-28T12:19:00","modified_gmt":"2015-06-28T10:19:00","slug":"schuze-vlastniku-bytovych-jednotek-dne-25-6-2015","status":"publish","type":"page","link":"https:\/\/www.novakovych59.cz\/?page_id=455","title":{"rendered":"Sch\u016fze vlastn\u00edk\u016f bytov\u00fdch  jednotek dne 25.6.2015-aktualizov\u00e1no"},"content":{"rendered":"<p>Mil\u00ed soused\u00e9 a majitel\u00e9 domu,<\/p>\n<p>Dovolujeme si V\u00e1s upozornit a z\u00e1rove\u0148\u00a0 pozvat\u00a0 na n\u00e1st\u00e1vaj\u00edc\u00ed sch\u016fzi\u00a0 SVJ \/no \/Sdru\u017een\u00ed vlastn\u00edku jednotek-neregistrovano v Obchodn\u00edm rejst\u0159\u00edku\/ kter\u00e1 se bude konat ve<span style=\"color: #008080;\"><span style=\"color: #0000ff;\"><strong> \u010dtvrtek\u00a0 25.6.2015 v 18:00<\/strong> <\/span><\/span><\/p>\n<p>Origin\u00e1ln\u00ed pozv\u00e1nka od spr\u00e1vce domu, je k nahl\u00e9dnut\u00ed\u00a0 <a href=\"http:\/\/www.novakovych59.cz\/wp-content\/uploads\/2015\/06\/1001_001.pdf\" target=\"_blank\">zde<\/a><\/p>\n<p><span style=\"color: #0000ff;\">Origin\u00e1ln\u00ed z\u00e1pis z jedn\u00e1n\u00ed sch\u016fze je k dispozici\u00a0 <a href=\"http:\/\/www.novakovych59.cz\/wp-content\/uploads\/2015\/06\/Schuze_25_6_2015-.pdf\" target=\"_blank\">zde<\/a><\/span><\/p>\n<p style=\"text-align: center;\"><span style=\"color: #ff0000;\"><strong>UPOZORN\u011aN\u00cd !!! <\/strong><\/span><\/p>\n<p><strong><span style=\"color: #ff0000;\"> Mimo\u0159\u00e1dn\u011b bude tato sch\u016fze v jin\u00e9 \u0161kole a to\u00a0 v<\/span>\u00a0 <\/strong><strong><span style=\"color: #ff0000;\">Z\u0160 Bohumila Hrabala, ulice Zenklova 52\/26, Praha 8.<br \/>\n<\/span><\/strong><\/p>\n<p>Zm\u011bna m\u00edsta sch\u016fze je z d\u016fvodu \u017ee z\u00e1kladn\u00ed \u0161kola Palmovka, n\u00e1m\u00a0 nedovolila tuto sch\u016fzi u\u010dinit ve sv\u00e9m prostoru a to z d\u016fvodu p\u0159\u00edpravy u\u010deben na p\u0159ed\u00e1v\u00e1n\u00ed z\u00e1vere\u010dn\u00e9ho \u0161koln\u00edho vysv\u011bd\u010den\u00ed. Tato nov\u00e1 \u0161kola, kde se sch\u016fze bude konat,\u00a0 je naproti Libe\u0148sk\u00e9mu z\u00e1me\u010dku.<\/p>\n<p style=\"text-align: left;\">Pro lep\u0161\u00ed orientaci, zde p\u0159ikl\u00e1d\u00e1me i mapu, ve v\u011bt\u0161\u00ed velikosti po\u00a0 kliknut\u00ed \ud83d\ude42<\/p>\n<p><a href=\"http:\/\/www.novakovych59.cz\/wp-content\/uploads\/2015\/06\/Zs-Hrabala.jpg\" rel=\"attachment wp-att-461\"><img loading=\"lazy\" decoding=\"async\" class=\"  alignright wp-image-461 size-full\" src=\"http:\/\/www.novakovych59.cz\/wp-content\/uploads\/2015\/06\/Zs-Hrabala.jpg\" alt=\"Zs Hrabala\" width=\"1280\" height=\"861\" srcset=\"https:\/\/www.novakovych59.cz\/wp-content\/uploads\/2015\/06\/Zs-Hrabala.jpg 1280w, https:\/\/www.novakovych59.cz\/wp-content\/uploads\/2015\/06\/Zs-Hrabala-150x101.jpg 150w, https:\/\/www.novakovych59.cz\/wp-content\/uploads\/2015\/06\/Zs-Hrabala-300x202.jpg 300w, https:\/\/www.novakovych59.cz\/wp-content\/uploads\/2015\/06\/Zs-Hrabala-1024x689.jpg 1024w, https:\/\/www.novakovych59.cz\/wp-content\/uploads\/2015\/06\/Zs-Hrabala-600x404.jpg 600w\" sizes=\"auto, (max-width: 1280px) 100vw, 1280px\" \/><\/a><\/p>\n<p style=\"text-align: center;\">Street view<\/p>\n<p style=\"text-align: center;\"><a href=\"http:\/\/www.novakovych59.cz\/wp-content\/uploads\/2015\/06\/Street-view2.jpg\"><img loading=\"lazy\" decoding=\"async\" class=\"aligncenter size-full wp-image-472\" src=\"http:\/\/www.novakovych59.cz\/wp-content\/uploads\/2015\/06\/Street-view2.jpg\" alt=\"Street view2\" width=\"1102\" height=\"752\" srcset=\"https:\/\/www.novakovych59.cz\/wp-content\/uploads\/2015\/06\/Street-view2.jpg 1102w, https:\/\/www.novakovych59.cz\/wp-content\/uploads\/2015\/06\/Street-view2-150x102.jpg 150w, https:\/\/www.novakovych59.cz\/wp-content\/uploads\/2015\/06\/Street-view2-300x205.jpg 300w, https:\/\/www.novakovych59.cz\/wp-content\/uploads\/2015\/06\/Street-view2-1024x699.jpg 1024w, https:\/\/www.novakovych59.cz\/wp-content\/uploads\/2015\/06\/Street-view2-600x409.jpg 600w\" sizes=\"auto, (max-width: 1102px) 100vw, 1102px\" \/><\/a><\/p>\n<p>&nbsp;<\/p>\n<p>Na t\u00e9to sch\u016fzi by v\u00e1m r\u00e1da\u00a0 na\u0161e technick\u00e1 komise p\u0159edstavila n\u00e1vrh a \u0159e\u0161en\u00ed na\u0161ich spole\u010dn\u00fdch sklep\u016f od\u00a0 vybran\u00e9ho architekta pana Munzara,\u00a0 kterou jsme spole\u010dn\u011b vybrali.<\/p>\n<p>Dal\u0161\u00edm\u00a0 d\u016fle\u017eit\u00fdm bodem programu budou CO kryty,\u00a0 nebytov\u00fd prostor \u010d\u00edslo 87, kde jsme zjistili nov\u00e9 informace.<\/p>\n<p>D\u011bkujeme\u00a0 za Va\u0161i \u00fa\u010dast\u00a0 na sch\u016fzi\u00a0 \ud83d\ude42<\/p>\n<p>TK\u00a0 \/Technick\u00e1 komise\/<\/p>\n","protected":false},"excerpt":{"rendered":"<p>Mil\u00ed soused\u00e9 a majitel\u00e9 domu, Dovolujeme si V\u00e1s upozornit a z\u00e1rove\u0148\u00a0 pozvat\u00a0 na n\u00e1st\u00e1vaj\u00edc\u00ed sch\u016fzi\u00a0 SVJ \/no \/Sdru\u017een\u00ed vlastn\u00edku jednotek-neregistrovano v Obchodn\u00edm rejst\u0159\u00edku\/ kter\u00e1 se bude konat ve \u010dtvrtek\u00a0 25.6.2015 v 18:00 Origin\u00e1ln\u00ed pozv\u00e1nka od spr\u00e1vce domu, je k nahl\u00e9dnut\u00ed\u00a0 &#8230; <a class=\"more-link\" href=\"https:\/\/www.novakovych59.cz\/?page_id=455\">\u010c\u00edst v\u00edce &raquo;<\/a><\/p>\n","protected":false},"author":1,"featured_media":0,"parent":20,"menu_order":0,"comment_status":"open","ping_status":"closed","template":"","meta":{"footnotes":""},"class_list":["post-455","page","type-page","status-publish","hentry"],"_links":{"self":[{"href":"https:\/\/www.novakovych59.cz\/index.php?rest_route=\/wp\/v2\/pages\/455","targetHints":{"allow":["GET"]}}],"collection":[{"href":"https:\/\/www.novakovych59.cz\/index.php?rest_route=\/wp\/v2\/pages"}],"about":[{"href":"https:\/\/www.novakovych59.cz\/index.php?rest_route=\/wp\/v2\/types\/page"}],"author":[{"embeddable":true,"href":"https:\/\/www.novakovych59.cz\/index.php?rest_route=\/wp\/v2\/users\/1"}],"replies":[{"embeddable":true,"href":"https:\/\/www.novakovych59.cz\/index.php?rest_route=%2Fwp%2Fv2%2Fcomments&post=455"}],"version-history":[{"count":16,"href":"https:\/\/www.novakovych59.cz\/index.php?rest_route=\/wp\/v2\/pages\/455\/revisions"}],"predecessor-version":[{"id":488,"href":"https:\/\/www.novakovych59.cz\/index.php?rest_route=\/wp\/v2\/pages\/455\/revisions\/488"}],"up":[{"embeddable":true,"href":"https:\/\/www.novakovych59.cz\/index.php?rest_route=\/wp\/v2\/pages\/20"}],"wp:attachment":[{"href":"https:\/\/www.novakovych59.cz\/index.php?rest_route=%2Fwp%2Fv2%2Fmedia&parent=455"}],"curies":[{"name":"wp","href":"https:\/\/api.w.org\/{rel}","templated":true}]}}