{"id":435,"date":"2015-05-13T19:21:46","date_gmt":"2015-05-13T17:21:46","guid":{"rendered":"http:\/\/www.novakovych59.cz\/?page_id=435"},"modified":"2015-06-16T19:54:18","modified_gmt":"2015-06-16T17:54:18","slug":"schuze-vlastniku-a-druzstevniku-dne-15-4-2015-v-1800-v-zs-palmovka","status":"publish","type":"page","link":"https:\/\/www.novakovych59.cz\/?page_id=435","title":{"rendered":"Sch\u016fze vlastn\u00edk\u016f bytov\u00fdch  jednotek  2 \/2015"},"content":{"rendered":"<p>Z\u00e1pis\u00a0 ze sch\u016fze\u00a0 majitel\u016f a dru\u017estevn\u00edk\u016f, naleznete<a href=\"http:\/\/www.novakovych59.cz\/wp-content\/uploads\/2015\/05\/Zapis-schuze_15_4_15.pdf\"> zde<\/a><\/p>\n","protected":false},"excerpt":{"rendered":"<p>Z\u00e1pis\u00a0 ze sch\u016fze\u00a0 majitel\u016f a dru\u017estevn\u00edk\u016f, naleznete zde<\/p>\n","protected":false},"author":1,"featured_media":0,"parent":0,"menu_order":0,"comment_status":"open","ping_status":"closed","template":"","meta":{"footnotes":""},"class_list":["post-435","page","type-page","status-publish","hentry"],"_links":{"self":[{"href":"https:\/\/www.novakovych59.cz\/index.php?rest_route=\/wp\/v2\/pages\/435","targetHints":{"allow":["GET"]}}],"collection":[{"href":"https:\/\/www.novakovych59.cz\/index.php?rest_route=\/wp\/v2\/pages"}],"about":[{"href":"https:\/\/www.novakovych59.cz\/index.php?rest_route=\/wp\/v2\/types\/page"}],"author":[{"embeddable":true,"href":"https:\/\/www.novakovych59.cz\/index.php?rest_route=\/wp\/v2\/users\/1"}],"replies":[{"embeddable":true,"href":"https:\/\/www.novakovych59.cz\/index.php?rest_route=%2Fwp%2Fv2%2Fcomments&post=435"}],"version-history":[{"count":3,"href":"https:\/\/www.novakovych59.cz\/index.php?rest_route=\/wp\/v2\/pages\/435\/revisions"}],"predecessor-version":[{"id":452,"href":"https:\/\/www.novakovych59.cz\/index.php?rest_route=\/wp\/v2\/pages\/435\/revisions\/452"}],"wp:attachment":[{"href":"https:\/\/www.novakovych59.cz\/index.php?rest_route=%2Fwp%2Fv2%2Fmedia&parent=435"}],"curies":[{"name":"wp","href":"https:\/\/api.w.org\/{rel}","templated":true}]}}