{"id":422,"date":"2015-04-10T15:41:55","date_gmt":"2015-04-10T13:41:55","guid":{"rendered":"http:\/\/www.novakovych59.cz\/?page_id=422"},"modified":"2015-04-10T15:41:55","modified_gmt":"2015-04-10T13:41:55","slug":"zapis-z-jednani-komise-ohledne-sklepu-3-cast","status":"publish","type":"page","link":"https:\/\/www.novakovych59.cz\/?page_id=422","title":{"rendered":"Z\u00e1pis z jedn\u00e1n\u00ed komise ohledn\u011b sklep\u016f -3.\u010d\u00e1st"},"content":{"rendered":"<p>Mil\u00ed soused\u00e9 a vlastn\u00edci jednotek,<\/p>\n<p>Dne 25.03.2015 se se\u0161la komise v tomto slo\u017een\u00ed: \/Stanislav Hru\u0161ka, Mgr.Ji\u0159\u00ed Lenfeld, Milo\u0161 Ben\u00ed\u0161ek, Martin Klouda a za LBD8 Tom\u00e1\u0161 Sas\u00e1k, kter\u00fdve funkci technika\u00a0 v LBD8 kon\u010d\u00ed.<\/p>\n<p>Jeho nov\u00fdm z\u00e1stupcem a technikem\u00a0 pro n\u00e1\u0161 d\u016fm je pan Stanislav Kre\u010dmer a telefonick\u00fd\u00a0 kontakt z\u016fst\u00e1va beze zm\u011bny: <strong>603 173 349<\/strong><\/p>\n<p>Komise rozhodla o v\u00fdb\u011bru architekta pana Milo\u0161e Munzara, kter\u00e9 je pro n\u00e1s nejlep\u0161\u00ed.<\/p>\n<p>Origin\u00e1ln\u00ed\u00a0 z\u00e1pis z tohoto jedn\u00e1n\u00ed je k dispozici <a title=\"z\u00e1pis 3_15\" href=\"http:\/\/www.novakovych59.cz\/wp-content\/uploads\/2015\/04\/03-2015-z-z\u00e1pis.pdf\" target=\"_blank\">zde<\/a>.<\/p>\n<p>P\u0159epis z tohoto jedn\u00e1n\u00ed pro snadn\u011bj\u0161\u00ed \u010dten\u00ed je <a title=\"prepis 3_15\" href=\"http:\/\/www.novakovych59.cz\/wp-content\/uploads\/2015\/04\/prepis.docx\">zde<\/a>.<\/p>\n<p>&nbsp;<\/p>\n<p>&nbsp;<\/p>\n","protected":false},"excerpt":{"rendered":"<p>Mil\u00ed soused\u00e9 a vlastn\u00edci jednotek, Dne 25.03.2015 se se\u0161la komise v tomto slo\u017een\u00ed: \/Stanislav Hru\u0161ka, Mgr.Ji\u0159\u00ed Lenfeld, Milo\u0161 Ben\u00ed\u0161ek, Martin Klouda a za LBD8 Tom\u00e1\u0161 Sas\u00e1k, kter\u00fdve funkci technika\u00a0 v LBD8 kon\u010d\u00ed. Jeho nov\u00fdm z\u00e1stupcem a technikem\u00a0 pro n\u00e1\u0161 d\u016fm &#8230; <a class=\"more-link\" href=\"https:\/\/www.novakovych59.cz\/?page_id=422\">\u010c\u00edst v\u00edce &raquo;<\/a><\/p>\n","protected":false},"author":1,"featured_media":0,"parent":0,"menu_order":0,"comment_status":"open","ping_status":"closed","template":"","meta":{"footnotes":""},"class_list":["post-422","page","type-page","status-publish","hentry"],"_links":{"self":[{"href":"https:\/\/www.novakovych59.cz\/index.php?rest_route=\/wp\/v2\/pages\/422","targetHints":{"allow":["GET"]}}],"collection":[{"href":"https:\/\/www.novakovych59.cz\/index.php?rest_route=\/wp\/v2\/pages"}],"about":[{"href":"https:\/\/www.novakovych59.cz\/index.php?rest_route=\/wp\/v2\/types\/page"}],"author":[{"embeddable":true,"href":"https:\/\/www.novakovych59.cz\/index.php?rest_route=\/wp\/v2\/users\/1"}],"replies":[{"embeddable":true,"href":"https:\/\/www.novakovych59.cz\/index.php?rest_route=%2Fwp%2Fv2%2Fcomments&post=422"}],"version-history":[{"count":3,"href":"https:\/\/www.novakovych59.cz\/index.php?rest_route=\/wp\/v2\/pages\/422\/revisions"}],"predecessor-version":[{"id":428,"href":"https:\/\/www.novakovych59.cz\/index.php?rest_route=\/wp\/v2\/pages\/422\/revisions\/428"}],"wp:attachment":[{"href":"https:\/\/www.novakovych59.cz\/index.php?rest_route=%2Fwp%2Fv2%2Fmedia&parent=422"}],"curies":[{"name":"wp","href":"https:\/\/api.w.org\/{rel}","templated":true}]}}