{"id":414,"date":"2015-03-17T19:10:34","date_gmt":"2015-03-17T17:10:34","guid":{"rendered":"http:\/\/www.novakovych59.cz\/?page_id=414"},"modified":"2015-03-17T19:13:21","modified_gmt":"2015-03-17T17:13:21","slug":"smutecni-oznameni-o-umrti-souseda-pana-porubskeho-jindricha","status":"publish","type":"page","link":"https:\/\/www.novakovych59.cz\/?page_id=414","title":{"rendered":"Smute\u010dn\u00ed ozn\u00e1men\u00ed o \u00famrt\u00ed souseda pana Porubsk\u00e9ho Jind\u0159icha"},"content":{"rendered":"<p>Mil\u00ed soused\u00e9,<\/p>\n<p>S politov\u00e1n\u00edm,\u00a0 V\u00e1m oznamujeme, \u017ee dne 10.3.2015\u00a0 zem\u0159el n\u00e1\u0161 soused pan Porubsk\u00fd Jind\u0159ich, kter\u00fd \u017eil dlouh\u00e1 l\u00e9ta vchod\u011b \u010d\u00edslo 4.<\/p>\n<p>Poz\u016fstal\u00fdm p\u0159ejeme na\u0161i up\u0159\u00edmnou soustrast.<\/p>\n<p><a href=\"http:\/\/www.novakovych59.cz\/?attachment_id=416#main\" rel=\"attachment wp-att-416\"><img loading=\"lazy\" decoding=\"async\" class=\"alignleft size-thumbnail wp-image-416\" src=\"http:\/\/www.novakovych59.cz\/wp-content\/uploads\/2015\/03\/Porubsky-Jindrich_umrti-112x150.jpg\" alt=\"Porubsky Jindrich_umrti\" width=\"112\" height=\"150\" srcset=\"https:\/\/www.novakovych59.cz\/wp-content\/uploads\/2015\/03\/Porubsky-Jindrich_umrti-112x150.jpg 112w, https:\/\/www.novakovych59.cz\/wp-content\/uploads\/2015\/03\/Porubsky-Jindrich_umrti-225x300.jpg 225w, https:\/\/www.novakovych59.cz\/wp-content\/uploads\/2015\/03\/Porubsky-Jindrich_umrti-768x1024.jpg 768w, https:\/\/www.novakovych59.cz\/wp-content\/uploads\/2015\/03\/Porubsky-Jindrich_umrti-600x800.jpg 600w\" sizes=\"auto, (max-width: 112px) 100vw, 112px\" \/><\/a><\/p>\n","protected":false},"excerpt":{"rendered":"<p>Mil\u00ed soused\u00e9, S politov\u00e1n\u00edm,\u00a0 V\u00e1m oznamujeme, \u017ee dne 10.3.2015\u00a0 zem\u0159el n\u00e1\u0161 soused pan Porubsk\u00fd Jind\u0159ich, kter\u00fd \u017eil dlouh\u00e1 l\u00e9ta vchod\u011b \u010d\u00edslo 4. Poz\u016fstal\u00fdm p\u0159ejeme na\u0161i up\u0159\u00edmnou soustrast.<\/p>\n","protected":false},"author":1,"featured_media":0,"parent":20,"menu_order":0,"comment_status":"open","ping_status":"closed","template":"","meta":{"footnotes":""},"class_list":["post-414","page","type-page","status-publish","hentry"],"_links":{"self":[{"href":"https:\/\/www.novakovych59.cz\/index.php?rest_route=\/wp\/v2\/pages\/414","targetHints":{"allow":["GET"]}}],"collection":[{"href":"https:\/\/www.novakovych59.cz\/index.php?rest_route=\/wp\/v2\/pages"}],"about":[{"href":"https:\/\/www.novakovych59.cz\/index.php?rest_route=\/wp\/v2\/types\/page"}],"author":[{"embeddable":true,"href":"https:\/\/www.novakovych59.cz\/index.php?rest_route=\/wp\/v2\/users\/1"}],"replies":[{"embeddable":true,"href":"https:\/\/www.novakovych59.cz\/index.php?rest_route=%2Fwp%2Fv2%2Fcomments&post=414"}],"version-history":[{"count":3,"href":"https:\/\/www.novakovych59.cz\/index.php?rest_route=\/wp\/v2\/pages\/414\/revisions"}],"predecessor-version":[{"id":419,"href":"https:\/\/www.novakovych59.cz\/index.php?rest_route=\/wp\/v2\/pages\/414\/revisions\/419"}],"up":[{"embeddable":true,"href":"https:\/\/www.novakovych59.cz\/index.php?rest_route=\/wp\/v2\/pages\/20"}],"wp:attachment":[{"href":"https:\/\/www.novakovych59.cz\/index.php?rest_route=%2Fwp%2Fv2%2Fmedia&parent=414"}],"curies":[{"name":"wp","href":"https:\/\/api.w.org\/{rel}","templated":true}]}}