{"id":402,"date":"2015-03-03T11:04:51","date_gmt":"2015-03-03T09:04:51","guid":{"rendered":"http:\/\/www.novakovych59.cz\/?page_id=402"},"modified":"2015-03-03T11:35:18","modified_gmt":"2015-03-03T09:35:18","slug":"neporadek-ve-spolecnych-prostorech-domu","status":"publish","type":"page","link":"https:\/\/www.novakovych59.cz\/?page_id=402","title":{"rendered":"Nepo\u0159\u00e1dek ve spole\u010dn\u00fdch prostorech domu"},"content":{"rendered":"<p><strong>V\u00e1\u017een\u00e1 pan\u00ed, v\u00e1\u017een\u00fd pane,<\/strong><\/p>\n<p>st\u00e1le doch\u00e1z\u00ed k\u00a0ukl\u00e1d\u00e1n\u00ed nepot\u0159ebn\u00fdch p\u0159edm\u011bt\u016f ve spole\u010dn\u00fdch prostor\u00e1ch, zejm\u00e9na na chodb\u00e1ch domu a v\u00a0uli\u010dk\u00e1ch sklep\u016f domu.<\/p>\n<p><strong>Spole\u010dn\u00e9 prostory jsou spole\u010dn\u00e9 a nelze v\u00a0nich usklad\u0148ovat \u017e\u00e1dn\u00e9 p\u0159edm\u011bty<\/strong>. Um\u00edst\u011bn\u00edm p\u0159edm\u011bt\u016f ve spole\u010dn\u00fdch prostor\u00e1ch doch\u00e1z\u00ed:<\/p>\n<ol>\n<li>K\u00a0poru\u0161ov\u00e1n\u00ed z\u00e1kona o po\u017e\u00e1rn\u00ed ochran\u011b \u010d. 133\/85 Sb. (mo\u017en\u00e9 finan\u010dn\u00ed sankce).<\/li>\n<li>K\u00a0naru\u0161ov\u00e1n\u00ed vlastnick\u00fdch pr\u00e1v soused\u016f.<\/li>\n<li>K\u00a0poru\u0161ov\u00e1n\u00ed dobr\u00fdch mrav\u016f.<\/li>\n<\/ol>\n<p>\u017d\u00e1d\u00e1me V\u00e1s jako spr\u00e1vce domu o odstran\u011bn\u00ed neopr\u00e1vn\u011bn\u011b um\u00edst\u011bn\u00fdch p\u0159edm\u011bt\u016fm spole\u010dn\u00fdch prostorech. <strong>V\u00a0p\u0159\u00edpad\u011b, \u017ee se tak nastane nejpozd\u011bji do konce b\u0159ezna 2015, budeme tyto neopr\u00e1vn\u011bn\u00e9 p\u0159edm\u011bty pova\u017eovat za opu\u0161t\u011bn\u00e9<\/strong> a je nebezpe\u010d\u00ed, \u017ee je po souhlasu shrom\u00e1\u017ed\u011bn\u00ed vlastn\u00edk\u016f, \u00a0nech\u00e1me na\u00a0 n\u00e1klady domu odv\u00e9st na skl\u00e1dku.<\/p>\n<p><strong>S pozdravem a s pod\u011bkov\u00e1n\u00edm<\/strong><\/p>\n<p>&nbsp;<\/p>\n<p>Ing. Petr Pap\u00edrn\u00edk<\/p>\n<p>\u0159editel \u00a0LBD Praha 8<\/p>\n<p>Origin\u00e1ln\u00ed v\u00fdv\u011bsky\u00a0jsou k nahlednut\u00ed\u00a0\u00a0\u00a0a dopis majitel\u016fm bytov\u00fdch jednotek je ke sta\u017een\u00ed <a href=\"http:\/\/www.novakovych59.cz\/wp-content\/uploads\/2015\/03\/P\u0159edm\u011bty-ve-spole\u010dn\u00fdch-prostor\u00e1ch.docx\">zde<\/a><\/p>\n<p>&nbsp;<\/p>\n<p>&nbsp;<\/p>\n<p><a href=\"http:\/\/www.novakovych59.cz\/?attachment_id=407#main\" rel=\"attachment wp-att-407\"><img loading=\"lazy\" decoding=\"async\" class=\"alignleft size-thumbnail wp-image-407\" src=\"http:\/\/www.novakovych59.cz\/wp-content\/uploads\/2015\/03\/IMG_20150204_114024-112x150.jpg\" alt=\"IMG_20150204_114024\" width=\"112\" height=\"150\" srcset=\"https:\/\/www.novakovych59.cz\/wp-content\/uploads\/2015\/03\/IMG_20150204_114024-112x150.jpg 112w, https:\/\/www.novakovych59.cz\/wp-content\/uploads\/2015\/03\/IMG_20150204_114024-225x300.jpg 225w, https:\/\/www.novakovych59.cz\/wp-content\/uploads\/2015\/03\/IMG_20150204_114024-600x800.jpg 600w, https:\/\/www.novakovych59.cz\/wp-content\/uploads\/2015\/03\/IMG_20150204_114024.jpg 768w\" sizes=\"auto, (max-width: 112px) 100vw, 112px\" \/><\/a> <a href=\"http:\/\/www.novakovych59.cz\/?attachment_id=406#main\" rel=\"attachment wp-att-406\"><img loading=\"lazy\" decoding=\"async\" class=\"alignleft size-thumbnail wp-image-406\" src=\"http:\/\/www.novakovych59.cz\/wp-content\/uploads\/2015\/03\/IMG_20150204_114011-112x150.jpg\" alt=\"IMG_20150204_114011\" width=\"112\" height=\"150\" srcset=\"https:\/\/www.novakovych59.cz\/wp-content\/uploads\/2015\/03\/IMG_20150204_114011-112x150.jpg 112w, https:\/\/www.novakovych59.cz\/wp-content\/uploads\/2015\/03\/IMG_20150204_114011-225x300.jpg 225w, https:\/\/www.novakovych59.cz\/wp-content\/uploads\/2015\/03\/IMG_20150204_114011-600x800.jpg 600w, https:\/\/www.novakovych59.cz\/wp-content\/uploads\/2015\/03\/IMG_20150204_114011.jpg 768w\" sizes=\"auto, (max-width: 112px) 100vw, 112px\" \/><\/a> <a href=\"http:\/\/www.novakovych59.cz\/?attachment_id=405#main\" rel=\"attachment wp-att-405\"><img loading=\"lazy\" decoding=\"async\" class=\"alignleft size-thumbnail wp-image-405\" src=\"http:\/\/www.novakovych59.cz\/wp-content\/uploads\/2015\/03\/IMG_20150204_113833-112x150.jpg\" alt=\"IMG_20150204_113833\" width=\"112\" height=\"150\" srcset=\"https:\/\/www.novakovych59.cz\/wp-content\/uploads\/2015\/03\/IMG_20150204_113833-112x150.jpg 112w, https:\/\/www.novakovych59.cz\/wp-content\/uploads\/2015\/03\/IMG_20150204_113833-225x300.jpg 225w, https:\/\/www.novakovych59.cz\/wp-content\/uploads\/2015\/03\/IMG_20150204_113833-600x800.jpg 600w, https:\/\/www.novakovych59.cz\/wp-content\/uploads\/2015\/03\/IMG_20150204_113833.jpg 768w\" sizes=\"auto, (max-width: 112px) 100vw, 112px\" \/><\/a><\/p>\n<p>&nbsp;<\/p>\n","protected":false},"excerpt":{"rendered":"<p>V\u00e1\u017een\u00e1 pan\u00ed, v\u00e1\u017een\u00fd pane, st\u00e1le doch\u00e1z\u00ed k\u00a0ukl\u00e1d\u00e1n\u00ed nepot\u0159ebn\u00fdch p\u0159edm\u011bt\u016f ve spole\u010dn\u00fdch prostor\u00e1ch, zejm\u00e9na na chodb\u00e1ch domu a v\u00a0uli\u010dk\u00e1ch sklep\u016f domu. Spole\u010dn\u00e9 prostory jsou spole\u010dn\u00e9 a nelze v\u00a0nich usklad\u0148ovat \u017e\u00e1dn\u00e9 p\u0159edm\u011bty. Um\u00edst\u011bn\u00edm p\u0159edm\u011bt\u016f ve spole\u010dn\u00fdch prostor\u00e1ch doch\u00e1z\u00ed: K\u00a0poru\u0161ov\u00e1n\u00ed z\u00e1kona o po\u017e\u00e1rn\u00ed &#8230; <a class=\"more-link\" href=\"https:\/\/www.novakovych59.cz\/?page_id=402\">\u010c\u00edst v\u00edce &raquo;<\/a><\/p>\n","protected":false},"author":1,"featured_media":0,"parent":20,"menu_order":0,"comment_status":"open","ping_status":"closed","template":"","meta":{"footnotes":""},"class_list":["post-402","page","type-page","status-publish","hentry"],"_links":{"self":[{"href":"https:\/\/www.novakovych59.cz\/index.php?rest_route=\/wp\/v2\/pages\/402","targetHints":{"allow":["GET"]}}],"collection":[{"href":"https:\/\/www.novakovych59.cz\/index.php?rest_route=\/wp\/v2\/pages"}],"about":[{"href":"https:\/\/www.novakovych59.cz\/index.php?rest_route=\/wp\/v2\/types\/page"}],"author":[{"embeddable":true,"href":"https:\/\/www.novakovych59.cz\/index.php?rest_route=\/wp\/v2\/users\/1"}],"replies":[{"embeddable":true,"href":"https:\/\/www.novakovych59.cz\/index.php?rest_route=%2Fwp%2Fv2%2Fcomments&post=402"}],"version-history":[{"count":5,"href":"https:\/\/www.novakovych59.cz\/index.php?rest_route=\/wp\/v2\/pages\/402\/revisions"}],"predecessor-version":[{"id":412,"href":"https:\/\/www.novakovych59.cz\/index.php?rest_route=\/wp\/v2\/pages\/402\/revisions\/412"}],"up":[{"embeddable":true,"href":"https:\/\/www.novakovych59.cz\/index.php?rest_route=\/wp\/v2\/pages\/20"}],"wp:attachment":[{"href":"https:\/\/www.novakovych59.cz\/index.php?rest_route=%2Fwp%2Fv2%2Fmedia&parent=402"}],"curies":[{"name":"wp","href":"https:\/\/api.w.org\/{rel}","templated":true}]}}