{"id":381,"date":"2015-01-26T15:27:24","date_gmt":"2015-01-26T13:27:24","guid":{"rendered":"http:\/\/www.novakovych59.cz\/?page_id=381"},"modified":"2015-03-03T10:34:45","modified_gmt":"2015-03-03T08:34:45","slug":"zapis-z-jednani-komise-ohledne-sklepu","status":"publish","type":"page","link":"https:\/\/www.novakovych59.cz\/?page_id=381","title":{"rendered":"Z\u00e1pis z jedn\u00e1n\u00ed komise ohledn\u011b sklep\u016f, \u010d\u00e1st 1"},"content":{"rendered":"<p>Mil\u00ed soused\u00e9 a vlastn\u00edci jednotek,<\/p>\n<p>Dne 21.01.2015 se se\u0161la komise v tomto slo\u017een\u00ed:\u00a0\/Stanislav Hru\u0161ka, Mgr.Ji\u0159\u00ed Lenfeld, Milo\u0161 Ben\u00ed\u0161ek, Martin Klouda a za LBD8 Tom\u00e1\u0161 Sas\u00e1k,\/\u00a0kter\u00e1 byla pov\u011b\u0159ena s\u00a0p\u0159\u00edpravou a v\u00fdb\u011brem stavebn\u00ed firmy na rekonstrukci na\u0161ich sklepn\u00edch prostor\u016f a dal\u0161\u00edch spole\u010dn\u00fdch \u010d\u00e1st\u00ed v na\u0161em dome.<\/p>\n<p>Origin\u00e1ln\u00ed\u00a0\u00a0z\u00e1pis z tohoto jedn\u00e1n\u00ed je k dispozici <a href=\"http:\/\/www.novakovych59.cz\/wp-content\/uploads\/2015\/01\/originaln\u00ed-z\u00e1pis_21_01_15.pdf\">zde<\/a>.<\/p>\n<p>P\u0159epis z tohoto jedn\u00e1n\u00ed pro snadn\u011bj\u0161\u00ed \u010dten\u00ed je <a href=\"http:\/\/www.novakovych59.cz\/wp-content\/uploads\/2015\/01\/prepis-ze-z\u00e1pisu-21_01_15.docx\">zde<\/a>.<\/p>\n","protected":false},"excerpt":{"rendered":"<p>Mil\u00ed soused\u00e9 a vlastn\u00edci jednotek, Dne 21.01.2015 se se\u0161la komise v tomto slo\u017een\u00ed:\u00a0\/Stanislav Hru\u0161ka, Mgr.Ji\u0159\u00ed Lenfeld, Milo\u0161 Ben\u00ed\u0161ek, Martin Klouda a za LBD8 Tom\u00e1\u0161 Sas\u00e1k,\/\u00a0kter\u00e1 byla pov\u011b\u0159ena s\u00a0p\u0159\u00edpravou a v\u00fdb\u011brem stavebn\u00ed firmy na rekonstrukci na\u0161ich sklepn\u00edch prostor\u016f a dal\u0161\u00edch spole\u010dn\u00fdch &#8230; <a class=\"more-link\" href=\"https:\/\/www.novakovych59.cz\/?page_id=381\">\u010c\u00edst v\u00edce &raquo;<\/a><\/p>\n","protected":false},"author":1,"featured_media":0,"parent":0,"menu_order":0,"comment_status":"open","ping_status":"closed","template":"","meta":{"footnotes":""},"class_list":["post-381","page","type-page","status-publish","hentry"],"_links":{"self":[{"href":"https:\/\/www.novakovych59.cz\/index.php?rest_route=\/wp\/v2\/pages\/381","targetHints":{"allow":["GET"]}}],"collection":[{"href":"https:\/\/www.novakovych59.cz\/index.php?rest_route=\/wp\/v2\/pages"}],"about":[{"href":"https:\/\/www.novakovych59.cz\/index.php?rest_route=\/wp\/v2\/types\/page"}],"author":[{"embeddable":true,"href":"https:\/\/www.novakovych59.cz\/index.php?rest_route=\/wp\/v2\/users\/1"}],"replies":[{"embeddable":true,"href":"https:\/\/www.novakovych59.cz\/index.php?rest_route=%2Fwp%2Fv2%2Fcomments&post=381"}],"version-history":[{"count":4,"href":"https:\/\/www.novakovych59.cz\/index.php?rest_route=\/wp\/v2\/pages\/381\/revisions"}],"predecessor-version":[{"id":390,"href":"https:\/\/www.novakovych59.cz\/index.php?rest_route=\/wp\/v2\/pages\/381\/revisions\/390"}],"wp:attachment":[{"href":"https:\/\/www.novakovych59.cz\/index.php?rest_route=%2Fwp%2Fv2%2Fmedia&parent=381"}],"curies":[{"name":"wp","href":"https:\/\/api.w.org\/{rel}","templated":true}]}}