{"id":362,"date":"2015-01-10T21:17:51","date_gmt":"2015-01-10T19:17:51","guid":{"rendered":"http:\/\/www.novakovych59.cz\/?page_id=362"},"modified":"2015-01-20T16:44:15","modified_gmt":"2015-01-20T14:44:15","slug":"svolana-schuze-vlastniku-jednotek-1-2015","status":"publish","type":"page","link":"https:\/\/www.novakovych59.cz\/?page_id=362","title":{"rendered":"Svolan\u00e1 sch\u016fze vlastn\u00edku jednotek  1 \/2015"},"content":{"rendered":"<p>Mil\u00ed soused\u00e9<\/p>\n<p>Dne<strong> 14.1.2015\u00a0v 18:00<\/strong>\u00a0prob\u011bhla\u00a0\u00a0sch\u016fze domu Nov\u00e1kov\u00fdch 59\u00a0 v Z\u0160\u00a0Palmovka.<\/p>\n<p>Z\u00e1pis z t\u00e9to sch\u016fze je k nahl\u00e9dnut\u00ed <a href=\"http:\/\/www.novakovych59.cz\/wp-content\/uploads\/2015\/01\/0287_001.pdf\">zde<\/a>.<\/p>\n<p>&nbsp;<\/p>\n<p>&nbsp;<\/p>\n","protected":false},"excerpt":{"rendered":"<p>Mil\u00ed soused\u00e9 Dne 14.1.2015\u00a0v 18:00\u00a0prob\u011bhla\u00a0\u00a0sch\u016fze domu Nov\u00e1kov\u00fdch 59\u00a0 v Z\u0160\u00a0Palmovka. Z\u00e1pis z t\u00e9to sch\u016fze je k nahl\u00e9dnut\u00ed zde. &nbsp; &nbsp;<\/p>\n","protected":false},"author":1,"featured_media":0,"parent":0,"menu_order":0,"comment_status":"open","ping_status":"closed","template":"","meta":{"footnotes":""},"class_list":["post-362","page","type-page","status-publish","hentry"],"_links":{"self":[{"href":"https:\/\/www.novakovych59.cz\/index.php?rest_route=\/wp\/v2\/pages\/362","targetHints":{"allow":["GET"]}}],"collection":[{"href":"https:\/\/www.novakovych59.cz\/index.php?rest_route=\/wp\/v2\/pages"}],"about":[{"href":"https:\/\/www.novakovych59.cz\/index.php?rest_route=\/wp\/v2\/types\/page"}],"author":[{"embeddable":true,"href":"https:\/\/www.novakovych59.cz\/index.php?rest_route=\/wp\/v2\/users\/1"}],"replies":[{"embeddable":true,"href":"https:\/\/www.novakovych59.cz\/index.php?rest_route=%2Fwp%2Fv2%2Fcomments&post=362"}],"version-history":[{"count":3,"href":"https:\/\/www.novakovych59.cz\/index.php?rest_route=\/wp\/v2\/pages\/362\/revisions"}],"predecessor-version":[{"id":379,"href":"https:\/\/www.novakovych59.cz\/index.php?rest_route=\/wp\/v2\/pages\/362\/revisions\/379"}],"wp:attachment":[{"href":"https:\/\/www.novakovych59.cz\/index.php?rest_route=%2Fwp%2Fv2%2Fmedia&parent=362"}],"curies":[{"name":"wp","href":"https:\/\/api.w.org\/{rel}","templated":true}]}}