{"id":348,"date":"2015-01-04T20:31:36","date_gmt":"2015-01-04T18:31:36","guid":{"rendered":"http:\/\/www.novakovych59.cz\/?page_id=348"},"modified":"2015-01-04T20:31:36","modified_gmt":"2015-01-04T18:31:36","slug":"umrti-souseda-pana-elefanta-karla","status":"publish","type":"page","link":"https:\/\/www.novakovych59.cz\/?page_id=348","title":{"rendered":"\u00damrt\u00ed souseda pana Elefanta Karla"},"content":{"rendered":"<p>Mil\u00ed soused\u00e9..<\/p>\n<p>S politov\u00e1n\u00edm, V\u00e1m oznamujeme, , \u017ee dne 18.12.2014 zem\u0159el n\u00e1\u0161 dlouholet\u00fd soused pan Elefant Karel,\u00a0 majitel bytu \u010d\u00edslo 17 ve vchod\u011b \u010d\u00edslo 2.<\/p>\n<p>Poz\u016fstal\u00fdm p\u0159ejeme na\u0161i\u00a0 up\u0159\u00edmnou soustrast<\/p>\n<figure id=\"attachment_349\" aria-describedby=\"caption-attachment-349\" style=\"width: 112px\" class=\"wp-caption alignleft\"><a href=\"http:\/\/www.novakovych59.cz\/?attachment_id=349#main\" rel=\"attachment wp-att-349\"><img loading=\"lazy\" decoding=\"async\" class=\"size-thumbnail wp-image-349\" src=\"http:\/\/www.novakovych59.cz\/wp-content\/uploads\/2015\/01\/Photo-23.12.14-7-31-02-112x150.jpg\" alt=\"Elefant Karel-Parte\" width=\"112\" height=\"150\" srcset=\"https:\/\/www.novakovych59.cz\/wp-content\/uploads\/2015\/01\/Photo-23.12.14-7-31-02-112x150.jpg 112w, https:\/\/www.novakovych59.cz\/wp-content\/uploads\/2015\/01\/Photo-23.12.14-7-31-02-225x300.jpg 225w, https:\/\/www.novakovych59.cz\/wp-content\/uploads\/2015\/01\/Photo-23.12.14-7-31-02-600x798.jpg 600w, https:\/\/www.novakovych59.cz\/wp-content\/uploads\/2015\/01\/Photo-23.12.14-7-31-02.jpg 640w\" sizes=\"auto, (max-width: 112px) 100vw, 112px\" \/><\/a><figcaption id=\"caption-attachment-349\" class=\"wp-caption-text\">Elefant Karel-\u00famrtn\u00ed ozn\u00e1men\u00ed<\/figcaption><\/figure>\n<p>&nbsp;<\/p>\n","protected":false},"excerpt":{"rendered":"<p>Mil\u00ed soused\u00e9.. S politov\u00e1n\u00edm, V\u00e1m oznamujeme, , \u017ee dne 18.12.2014 zem\u0159el n\u00e1\u0161 dlouholet\u00fd soused pan Elefant Karel,\u00a0 majitel bytu \u010d\u00edslo 17 ve vchod\u011b \u010d\u00edslo 2. Poz\u016fstal\u00fdm p\u0159ejeme na\u0161i\u00a0 up\u0159\u00edmnou soustrast &nbsp;<\/p>\n","protected":false},"author":1,"featured_media":349,"parent":20,"menu_order":0,"comment_status":"open","ping_status":"closed","template":"","meta":{"footnotes":""},"class_list":["post-348","page","type-page","status-publish","has-post-thumbnail","hentry"],"_links":{"self":[{"href":"https:\/\/www.novakovych59.cz\/index.php?rest_route=\/wp\/v2\/pages\/348","targetHints":{"allow":["GET"]}}],"collection":[{"href":"https:\/\/www.novakovych59.cz\/index.php?rest_route=\/wp\/v2\/pages"}],"about":[{"href":"https:\/\/www.novakovych59.cz\/index.php?rest_route=\/wp\/v2\/types\/page"}],"author":[{"embeddable":true,"href":"https:\/\/www.novakovych59.cz\/index.php?rest_route=\/wp\/v2\/users\/1"}],"replies":[{"embeddable":true,"href":"https:\/\/www.novakovych59.cz\/index.php?rest_route=%2Fwp%2Fv2%2Fcomments&post=348"}],"version-history":[{"count":2,"href":"https:\/\/www.novakovych59.cz\/index.php?rest_route=\/wp\/v2\/pages\/348\/revisions"}],"predecessor-version":[{"id":351,"href":"https:\/\/www.novakovych59.cz\/index.php?rest_route=\/wp\/v2\/pages\/348\/revisions\/351"}],"up":[{"embeddable":true,"href":"https:\/\/www.novakovych59.cz\/index.php?rest_route=\/wp\/v2\/pages\/20"}],"wp:featuredmedia":[{"embeddable":true,"href":"https:\/\/www.novakovych59.cz\/index.php?rest_route=\/wp\/v2\/media\/349"}],"wp:attachment":[{"href":"https:\/\/www.novakovych59.cz\/index.php?rest_route=%2Fwp%2Fv2%2Fmedia&parent=348"}],"curies":[{"name":"wp","href":"https:\/\/api.w.org\/{rel}","templated":true}]}}