{"id":299,"date":"2014-12-11T11:00:46","date_gmt":"2014-12-11T09:00:46","guid":{"rendered":"http:\/\/www.novakovych59.cz\/?page_id=299"},"modified":"2014-12-11T18:24:39","modified_gmt":"2014-12-11T16:24:39","slug":"stanovisko-lbd8-k-zalozeni-svj-v-nasem-dome","status":"publish","type":"page","link":"https:\/\/www.novakovych59.cz\/?page_id=299","title":{"rendered":"Stanovisko LBD8 k zalo\u017een\u00ed SVj v na\u0161em dom\u011b"},"content":{"rendered":"<p>Mil\u00ed\u00a0 obyvatel\u00e9 domu, sousedi Uv\u00e1d\u00edme \u00a0zde \u00a0email,\u00a0 kter\u00fd p\u0159i\u0161el\u00a0z \u00a0LBD8. Va\u0161e p\u0159ipom\u00ednky k tomuto t\u00e9matu, m\u016f\u017eete p\u0159isp\u011bt do diskuze pod t\u00edmto p\u0159\u00edsp\u011bvkem.<\/p>\n<figure id=\"attachment_302\" aria-describedby=\"caption-attachment-302\" style=\"width: 1475px\" class=\"wp-caption aligncenter\"><a href=\"http:\/\/www.novakovych59.cz\/wp-content\/uploads\/2014\/12\/Vyj\u00e1dren\u00ed-predstavenstva-LBD8-k-zalo\u017een\u00ed-SVJ.jpg\" rel=\"attachment wp-att-302\"><img loading=\"lazy\" decoding=\"async\" class=\"wp-image-302 size-full\" src=\"http:\/\/www.novakovych59.cz\/wp-content\/uploads\/2014\/12\/Vyj\u00e1dren\u00ed-predstavenstva-LBD8-k-zalo\u017een\u00ed-SVJ.jpg\" alt=\"Vyj\u00e1d\u0159en\u00ed p\u0159edstavenstva LBD8 k zalo\u017een\u00ed SVJ\" width=\"1475\" height=\"680\" srcset=\"https:\/\/www.novakovych59.cz\/wp-content\/uploads\/2014\/12\/Vyj\u00e1dren\u00ed-predstavenstva-LBD8-k-zalo\u017een\u00ed-SVJ.jpg 1475w, https:\/\/www.novakovych59.cz\/wp-content\/uploads\/2014\/12\/Vyj\u00e1dren\u00ed-predstavenstva-LBD8-k-zalo\u017een\u00ed-SVJ-150x69.jpg 150w, https:\/\/www.novakovych59.cz\/wp-content\/uploads\/2014\/12\/Vyj\u00e1dren\u00ed-predstavenstva-LBD8-k-zalo\u017een\u00ed-SVJ-300x138.jpg 300w, https:\/\/www.novakovych59.cz\/wp-content\/uploads\/2014\/12\/Vyj\u00e1dren\u00ed-predstavenstva-LBD8-k-zalo\u017een\u00ed-SVJ-1024x472.jpg 1024w, https:\/\/www.novakovych59.cz\/wp-content\/uploads\/2014\/12\/Vyj\u00e1dren\u00ed-predstavenstva-LBD8-k-zalo\u017een\u00ed-SVJ-600x276.jpg 600w\" sizes=\"auto, (max-width: 1475px) 100vw, 1475px\" \/><\/a><figcaption id=\"caption-attachment-302\" class=\"wp-caption-text\">Vyj\u00e1dren\u00ed p\u0159edstavenstva LBD8 k zalo\u017een\u00ed SVJ<\/figcaption><\/figure>\n<p>&nbsp;<\/p>\n","protected":false},"excerpt":{"rendered":"<p>Mil\u00ed\u00a0 obyvatel\u00e9 domu, sousedi Uv\u00e1d\u00edme \u00a0zde \u00a0email,\u00a0 kter\u00fd p\u0159i\u0161el\u00a0z \u00a0LBD8. Va\u0161e p\u0159ipom\u00ednky k tomuto t\u00e9matu, m\u016f\u017eete p\u0159isp\u011bt do diskuze pod t\u00edmto p\u0159\u00edsp\u011bvkem. &nbsp;<\/p>\n","protected":false},"author":1,"featured_media":0,"parent":20,"menu_order":0,"comment_status":"open","ping_status":"closed","template":"","meta":{"footnotes":""},"class_list":["post-299","page","type-page","status-publish","hentry"],"_links":{"self":[{"href":"https:\/\/www.novakovych59.cz\/index.php?rest_route=\/wp\/v2\/pages\/299","targetHints":{"allow":["GET"]}}],"collection":[{"href":"https:\/\/www.novakovych59.cz\/index.php?rest_route=\/wp\/v2\/pages"}],"about":[{"href":"https:\/\/www.novakovych59.cz\/index.php?rest_route=\/wp\/v2\/types\/page"}],"author":[{"embeddable":true,"href":"https:\/\/www.novakovych59.cz\/index.php?rest_route=\/wp\/v2\/users\/1"}],"replies":[{"embeddable":true,"href":"https:\/\/www.novakovych59.cz\/index.php?rest_route=%2Fwp%2Fv2%2Fcomments&post=299"}],"version-history":[{"count":5,"href":"https:\/\/www.novakovych59.cz\/index.php?rest_route=\/wp\/v2\/pages\/299\/revisions"}],"predecessor-version":[{"id":319,"href":"https:\/\/www.novakovych59.cz\/index.php?rest_route=\/wp\/v2\/pages\/299\/revisions\/319"}],"up":[{"embeddable":true,"href":"https:\/\/www.novakovych59.cz\/index.php?rest_route=\/wp\/v2\/pages\/20"}],"wp:attachment":[{"href":"https:\/\/www.novakovych59.cz\/index.php?rest_route=%2Fwp%2Fv2%2Fmedia&parent=299"}],"curies":[{"name":"wp","href":"https:\/\/api.w.org\/{rel}","templated":true}]}}