{"id":293,"date":"2014-11-25T12:00:10","date_gmt":"2014-11-25T10:00:10","guid":{"rendered":"http:\/\/www.novakovych59.cz\/?page_id=293"},"modified":"2014-11-25T12:00:10","modified_gmt":"2014-11-25T10:00:10","slug":"akceptace-a-vyjadreni-od-reditele-lbd8-o-schuzi-na-3-12-2014","status":"publish","type":"page","link":"https:\/\/www.novakovych59.cz\/?page_id=293","title":{"rendered":"Akceptace a vyj\u00e1d\u0159en\u00ed od \u0159editele LBD8 o sch\u016fzi na 3.12.2014"},"content":{"rendered":"<p>Dobr\u00fd den v\u0161em..<\/p>\n<p>Zde uv\u00e1d\u00edme souhlasn\u00fd email od \u0159editele LBD8 o potvrzen\u00ed zm\u011bn\u011b shrom\u00e1\u017ed\u011bn\u00ed na term\u00edn 3.12.2014<\/p>\n<p><a href=\"http:\/\/www.novakovych59.cz\/?attachment_id=294#main\" rel=\"attachment wp-att-294\"><img loading=\"lazy\" decoding=\"async\" class=\"alignleft size-medium wp-image-294\" src=\"http:\/\/www.novakovych59.cz\/wp-content\/uploads\/2014\/11\/Akceptace-3.12.-od-LBD8-300x101.jpg\" alt=\"Akceptace 3.12. od LBD8\" width=\"300\" height=\"101\" srcset=\"https:\/\/www.novakovych59.cz\/wp-content\/uploads\/2014\/11\/Akceptace-3.12.-od-LBD8-300x101.jpg 300w, https:\/\/www.novakovych59.cz\/wp-content\/uploads\/2014\/11\/Akceptace-3.12.-od-LBD8-150x50.jpg 150w, https:\/\/www.novakovych59.cz\/wp-content\/uploads\/2014\/11\/Akceptace-3.12.-od-LBD8-1024x345.jpg 1024w, https:\/\/www.novakovych59.cz\/wp-content\/uploads\/2014\/11\/Akceptace-3.12.-od-LBD8-600x202.jpg 600w, https:\/\/www.novakovych59.cz\/wp-content\/uploads\/2014\/11\/Akceptace-3.12.-od-LBD8.jpg 1052w\" sizes=\"auto, (max-width: 300px) 100vw, 300px\" \/><\/a><\/p>\n<p>&nbsp;<\/p>\n<p>&nbsp;<\/p>\n","protected":false},"excerpt":{"rendered":"<p>Dobr\u00fd den v\u0161em.. Zde uv\u00e1d\u00edme souhlasn\u00fd email od \u0159editele LBD8 o potvrzen\u00ed zm\u011bn\u011b shrom\u00e1\u017ed\u011bn\u00ed na term\u00edn 3.12.2014 &nbsp; &nbsp;<\/p>\n","protected":false},"author":1,"featured_media":0,"parent":0,"menu_order":0,"comment_status":"open","ping_status":"closed","template":"","meta":{"footnotes":""},"class_list":["post-293","page","type-page","status-publish","hentry"],"_links":{"self":[{"href":"https:\/\/www.novakovych59.cz\/index.php?rest_route=\/wp\/v2\/pages\/293","targetHints":{"allow":["GET"]}}],"collection":[{"href":"https:\/\/www.novakovych59.cz\/index.php?rest_route=\/wp\/v2\/pages"}],"about":[{"href":"https:\/\/www.novakovych59.cz\/index.php?rest_route=\/wp\/v2\/types\/page"}],"author":[{"embeddable":true,"href":"https:\/\/www.novakovych59.cz\/index.php?rest_route=\/wp\/v2\/users\/1"}],"replies":[{"embeddable":true,"href":"https:\/\/www.novakovych59.cz\/index.php?rest_route=%2Fwp%2Fv2%2Fcomments&post=293"}],"version-history":[{"count":1,"href":"https:\/\/www.novakovych59.cz\/index.php?rest_route=\/wp\/v2\/pages\/293\/revisions"}],"predecessor-version":[{"id":295,"href":"https:\/\/www.novakovych59.cz\/index.php?rest_route=\/wp\/v2\/pages\/293\/revisions\/295"}],"wp:attachment":[{"href":"https:\/\/www.novakovych59.cz\/index.php?rest_route=%2Fwp%2Fv2%2Fmedia&parent=293"}],"curies":[{"name":"wp","href":"https:\/\/api.w.org\/{rel}","templated":true}]}}