{"id":289,"date":"2014-11-24T12:48:49","date_gmt":"2014-11-24T10:48:49","guid":{"rendered":"http:\/\/www.novakovych59.cz\/?page_id=289"},"modified":"2014-11-24T12:48:49","modified_gmt":"2014-11-24T10:48:49","slug":"zmena-a-potvrzeni-schuze-vlastniku-byt-jednotek-na-datum-3-12-2014","status":"publish","type":"page","link":"https:\/\/www.novakovych59.cz\/?page_id=289","title":{"rendered":"Zm\u011bna a potvrzen\u00ed  sch\u016fze vlastn\u00edk\u016f byt. jednotek na datum 3.12.2014"},"content":{"rendered":"<p><strong>Dne\u00a0 24.11.2014 bylo zasl\u00e1no emailem \u00a0na LBD8 toto ozn\u00e1men\u00ed o zm\u011bn\u011b\u00a0 datumu kon\u00e1n\u00ed na\u0161\u00ed sch\u016fze za d\u016fm Nov\u00e1kov\u00fdch 59<\/strong><\/p>\n<p><strong>Viz citace emailov\u00e9 korespondence:<\/strong><\/p>\n<p>&#8212;&#8212;&#8212;&#8212;&#8212;&#8212;&#8212;&#8212;&#8212;&#8212;&#8212;&#8212;&#8212;&#8212;&#8212;&#8212;&#8212;&#8212;&#8212;&#8212;&#8212;&#8212;&#8212;&#8212;&#8212;&#8212;&#8212;&#8212;&#8212;&#8212;&#8212;&#8212;&#8212;&#8212;&#8212;&#8212;&#8212;&#8212;<\/p>\n<p>Dobr\u00fd den pane Pap\u00edrn\u00edku a p\u0159edstavenstvo LBD8 a dale\u00a0 kontroln\u00ed komise,<\/p>\n<p>Dovolujeme si V\u00e1m ozn\u00e1mit, \u017ee po telefonick\u00e9 konzultaci\u00a0 se v\u0161emi ostatn\u00edmi majiteli bytov\u00fdch jednotek na adrese Nov\u00e1kov\u00fdch 59\/2 a 59\/4 mus\u00edme posunout datum na\u0161\u00ed pl\u00e1novan\u00e9 sch\u016fze z p\u016fvodn\u00edho datumu 27.11.2014 na nov\u00e9 datum a to na\u00a0 3.12.2014.<\/p>\n<p>Hlavn\u00edm d\u016fvodem zm\u011bny tohto term\u00ednu je, \u017ee se cht\u011bj\u00ed z\u016f\u010dastnit tak\u00e9 majitel\u00e9, kte\u0159\u00ed \u017eij\u00ed trvale v zahrani\u010d\u00ed a bohu\u017eel v p\u016fvodn\u00edm pl\u00e1novan\u00e9m term\u00ednu, se nemohou z\u016f\u010dastnit.<\/p>\n<p>Mysl\u00edme si, \u017ee je to pln\u011b korektn\u00ed, sna\u017eit se vyj\u00edt v\u0161em majitel\u016fm bytov\u00fdch jednotek vst\u0159\u00edc pro projedn\u00e1n\u00ed d\u016fle\u017eit\u00fdch bodu p\u0159i vzniku na\u0161eho SVJ.<\/p>\n<p>V\u0161ichni s t\u00edmto nov\u00fdm datumem 3.12.2014 byli telefonicky obezn\u00e1meni a nikdo\u00a0 nem\u00e1 \u017e\u00e1dn\u00fdch v\u00fdhrad, ba naopak, n\u011bkter\u00fdm majitel\u016fm\u00a0 se p\u016fvodn\u00ed term\u00edn taky moc nehodil a souhlas\u00ed, \u017ee doraz\u00ed na tuto sch\u016fzi na den 3.12.2014.<\/p>\n<p>To znamen\u00e1, \u017ee na p\u016fvodn\u00ed sch\u016fzi ze dne 27.10.2014 nikdo nedoraz\u00ed a proto objednanou m\u00edstnost na ZS Palmovka m\u016f\u017eete klidn\u011b zru\u0161it a t\u00edm u\u0161et\u0159it finan\u010dn\u00ed n\u00e1klady n\u00e1m v\u0161em.<\/p>\n<p>Jednac\u00ed m\u00edstnost pro tuto sch\u016fzi v nov\u00e9m term\u00ednu dne 3.12.2014 byla v po\u0159\u00e1dku objedn\u00e1na n\u00e1mi na Z\u0160 Palmovka na den 3.12.2014 od 18:00 hodin.<\/p>\n<p>Toto p\u00edsemn\u00e9\u00a0 oznamen\u00ed dostanou automaticky v\u0161ichni majitel\u00e9 bytov\u00fdch jednotek, ve skryt\u00e9 kopii, jako informa\u010dn\u00ed charakter, by\u0165 o t\u00e9to skute\u010dnosti<br \/>\nji\u017e d\u00e1vno v\u011bd\u00ed a souhlas\u00ed s n\u00ed.<\/p>\n<p>Zde pos\u00edl\u00e1me z\u00e1va\u017en\u00e9 body k jedn\u00e1n\u00ed pro tuto sch\u016fzi, kter\u00e9 opravdu chceme \u0159e\u0161it:<\/p>\n<p>1.Prezentace p\u0159\u00edtomn\u00fdch<\/p>\n<p>2.Konstatov\u00e1n\u00ed vzniku SVJ<\/p>\n<p>3.Schv\u00e1len\u00ed stanov<\/p>\n<p>4.Volba 3 \u010dlen\u016f v\u00fdboru a jejich pov\u011b\u0159en\u00ed k pod\u00e1n\u00ed n\u00e1vrhu na z\u00e1pis SVJ do ve\u0159ejn\u00e9ho rejst\u0159\u00edku (d\u0159\u00edve rejst\u0159\u00edkov\u00fd soud)<\/p>\n<p>5.Diskuze<\/p>\n<p>Pro jistotu pos\u00edl\u00e1me znovu n\u00e1vrh stanov pro zalo\u017een\u00ed SVJ, p\u0159ilo\u017een\u00e9 v p\u0159\u00edloze tohoto emailu<\/p>\n<p>D\u011bkujeme za pochopen\u00ed a t\u011b\u0161\u00edme se na vid\u011bnou v tomto nov\u00e9m term\u00ednu.<\/p>\n<p>S pozdravem,<\/p>\n<p>Za p\u0159\u00edpravn\u00fd v\u00fdbor:<\/p>\n<p>Mgr.Ji\u0159\u00ed Lenfeld, Ing. Ji\u0159\u00ed \u0160afr\u00e1nek, Ivan Kolen\u010diak, Stanislav Hru\u0161ka, Martin Klouda, Lenka Gottvaldov\u00e1<\/p>\n","protected":false},"excerpt":{"rendered":"<p>Dne\u00a0 24.11.2014 bylo zasl\u00e1no emailem \u00a0na LBD8 toto ozn\u00e1men\u00ed o zm\u011bn\u011b\u00a0 datumu kon\u00e1n\u00ed na\u0161\u00ed sch\u016fze za d\u016fm Nov\u00e1kov\u00fdch 59 Viz citace emailov\u00e9 korespondence: &#8212;&#8212;&#8212;&#8212;&#8212;&#8212;&#8212;&#8212;&#8212;&#8212;&#8212;&#8212;&#8212;&#8212;&#8212;&#8212;&#8212;&#8212;&#8212;&#8212;&#8212;&#8212;&#8212;&#8212;&#8212;&#8212;&#8212;&#8212;&#8212;&#8212;&#8212;&#8212;&#8212;&#8212;&#8212;&#8212;&#8212;&#8212; Dobr\u00fd den pane Pap\u00edrn\u00edku a p\u0159edstavenstvo LBD8 a dale\u00a0 kontroln\u00ed komise, Dovolujeme si V\u00e1m ozn\u00e1mit, \u017ee &#8230; <a class=\"more-link\" href=\"https:\/\/www.novakovych59.cz\/?page_id=289\">\u010c\u00edst v\u00edce &raquo;<\/a><\/p>\n","protected":false},"author":1,"featured_media":0,"parent":0,"menu_order":0,"comment_status":"open","ping_status":"closed","template":"","meta":{"footnotes":""},"class_list":["post-289","page","type-page","status-publish","hentry"],"_links":{"self":[{"href":"https:\/\/www.novakovych59.cz\/index.php?rest_route=\/wp\/v2\/pages\/289","targetHints":{"allow":["GET"]}}],"collection":[{"href":"https:\/\/www.novakovych59.cz\/index.php?rest_route=\/wp\/v2\/pages"}],"about":[{"href":"https:\/\/www.novakovych59.cz\/index.php?rest_route=\/wp\/v2\/types\/page"}],"author":[{"embeddable":true,"href":"https:\/\/www.novakovych59.cz\/index.php?rest_route=\/wp\/v2\/users\/1"}],"replies":[{"embeddable":true,"href":"https:\/\/www.novakovych59.cz\/index.php?rest_route=%2Fwp%2Fv2%2Fcomments&post=289"}],"version-history":[{"count":1,"href":"https:\/\/www.novakovych59.cz\/index.php?rest_route=\/wp\/v2\/pages\/289\/revisions"}],"predecessor-version":[{"id":290,"href":"https:\/\/www.novakovych59.cz\/index.php?rest_route=\/wp\/v2\/pages\/289\/revisions\/290"}],"wp:attachment":[{"href":"https:\/\/www.novakovych59.cz\/index.php?rest_route=%2Fwp%2Fv2%2Fmedia&parent=289"}],"curies":[{"name":"wp","href":"https:\/\/api.w.org\/{rel}","templated":true}]}}