{"id":275,"date":"2014-10-22T22:29:24","date_gmt":"2014-10-22T20:29:24","guid":{"rendered":"http:\/\/www.novakovych59.cz\/?page_id=275"},"modified":"2014-10-23T06:07:10","modified_gmt":"2014-10-23T04:07:10","slug":"schuze-a-zalozeni-svj-novakovych-59-navrh-stanov-a-zmena-terminu-na-3-12-2014","status":"publish","type":"page","link":"https:\/\/www.novakovych59.cz\/?page_id=275","title":{"rendered":"Sch\u016fze a zalo\u017een\u00ed SVJ Nov\u00e1kov\u00fdch 59- n\u00e1vrh stanov a zm\u011bna term\u00ednu na 3.12.2014"},"content":{"rendered":"<p>Dobr\u00fd den pane Pap\u00edrn\u00edku a pan\u00ed \u010cerven\u00e1,<\/p>\n<p>Absolutn\u011b nerozum\u00edme, pro\u010d n\u00e1\u0161 spr\u00e1vce LBD8, kter\u00e9ho si plat\u00edme z na\u0161ich pen\u011bz, rozes\u00edl\u00e1 n\u00e1m v\u011bt\u0161inov\u00fdm vlastn\u00edk\u016fm bytov\u00fdch jednotek s celkov\u00fdm v\u011bt\u0161inov\u00fdm pod\u00edlem 73,4% v dom\u011b Nov\u00e1kov\u00fdch 59, zmate\u010dn\u00e9 pozv\u00e1nky na sch\u016fzi, a to ji\u017e na term\u00edn 6.listopadu 2014, kdy\u017e tento term\u00edn je v rozporu s odsouhlasen\u00edm z posledn\u00ed spole\u010dn\u00e9 sch\u016fze, ze dne <a title=\"zapis se schuze dne 4.6.2014\" href=\"http:\/\/www.novakovych59.cz\/wp-content\/uploads\/2014\/07\/59-schuze-4.6.2014.pdf\">4.6.2014<\/a>.<\/p>\n<p>D\u00e1le na t\u00e9to pozv\u00e1nce chyb\u00ed\u00a0 jist\u00e9 form\u00e1ln\u00ed n\u00e1le\u017eitosti, jako je raz\u00edtko spr\u00e1vcovsk\u00e9 firmy LBD8, z druh\u00e9 strany\u00a0zplnomocn\u011bn\u00ed zastupuj\u00edc\u00ed osoby\u00a0\u00a0a d\u00e1le se domn\u00edv\u00e1me, \u017ee tento podpis nen\u00ed \u010dist\u011b V\u00e1\u0161. \u00a0M\u016f\u017eeme nechat ud\u011blat grafologick\u00fd rozbor, to nen\u00ed v\u016fbec probl\u00e9m. Pozv\u00e1nka k nahl\u00e9dnut\u00ed<a title=\"neplatna pozvanka\" href=\"http:\/\/www.novakovych59.cz\/?attachment_id=284#main\"> zde<\/a>.<\/p>\n<p>Zde bylo jasn\u011b dohodnuto a odsouhlaseno, \u017ee sch\u016fze se bude konat a\u017e koncem listopadu 2014.<\/p>\n<p>P\u0159edb\u011b\u017en\u011b byl navr\u017een term\u00edn va\u0161\u00ed asistentkou pan\u00ed \u010cervenou z LBD8\u00a0 na 3.12.2014 viz p\u0159edchoz\u00ed emailov\u00e1 komunikace, kterou naleznete \u00fapln\u011b dole v tomto emailu.<\/p>\n<p>Bohu\u017eel jsem v sou\u010dasn\u00e9 dob\u011b v zahrani\u010d\u00ed a ne poka\u017ed\u00e9 se dostanu k emailu, proto ta pozdn\u00ed prodleva z m\u00e9 strany na schv\u00e1len\u00ed a potvrzen\u00ed tohoto kone\u010dn\u00e9ho term\u00ednu sch\u016fze a d\u00e1le p\u0159\u00edprava bod\u016f k jedn\u00e1n\u00ed.<\/p>\n<p>V zahrani\u010d\u00ed budu a\u017e do 14.11.2014 a proto je zde dal\u0161\u00ed v\u00e1\u017en\u00fd d\u016fvod, pro\u010d nem\u016f\u017ee b\u00fdti sch\u016fze d\u0159\u00edve a to chyb\u011bj\u00edc\u00ed z\u00e1stupce \u010dili deleg\u00e1t za vchod \u010d\u00edslo 2, pan Stanislav Hru\u0161ka kter\u00fd byl zvolen ji\u017e v minulosti.<\/p>\n<p>Na tuto skute\u010dnost byl spr\u00e1vce LBD8 upozorn\u011bn ji\u017e na posledn\u00ed sch\u016fzi ze dne 4.6.2014 a nebyly vzneseny \u017e\u00e1dn\u00e9 n\u00e1mitky.<\/p>\n<p>Proto s okam\u017eitou platnost\u00ed, \u017e\u00e1d\u00e1me o opravu datumu a op\u011btovn\u00e9 p\u00edsemn\u00e9 rozesl\u00e1n\u00ed pozv\u00e1nky v\u0161em majitel\u016fm bytov\u00fdch jednotek s omluvou, \u017ee do\u0161lo k necht\u011bn\u00e9mu omylu a d\u00e1le s uveden\u00fdmi body k jedn\u00e1n\u00ed kter\u00e9 jsou n\u00ed\u017ee v tomto emailu.<\/p>\n<p>Sch\u016fzi vlastn\u00edk\u016f bytov\u00fdch jednotek na adrese Nov\u00e1kov\u00fdch 59 tedy fin\u00e1ln\u011b po\u017eadujeme a potvrzujeme a\u017e v term\u00ednu 3.12.2014 od 18 hodin co\u017e je st\u0159eda v Z\u0160 Palmovka, ulice Hejdukova, Praha 8<\/p>\n<p>Zde pos\u00edl\u00e1me z\u00e1vazn\u00e9 body k jedn\u00e1n\u00ed pro tuto sch\u016fzi<\/p>\n<p>1.Prezentace p\u0159\u00edtomn\u00fdch<\/p>\n<p>2.Konstatov\u00e1n\u00ed vzniku SVJ<\/p>\n<p>3.Schv\u00e1len\u00ed stanov<\/p>\n<p>4.Volba 3 \u010dlen\u016f v\u00fdboru a jejich pov\u011b\u0159en\u00ed k pod\u00e1n\u00ed n\u00e1vrhu na z\u00e1pis SVJ do ve\u0159ejn\u00e9ho rejst\u0159\u00edku (d\u0159\u00edve rejst\u0159\u00edkov\u00fd soud)<\/p>\n<p>5.Diskuze<\/p>\n<p>V p\u0159iloze pos\u00edl\u00e1me n\u00e1vrh stanov k prostudov\u00e1n\u00ed pro zalo\u017een\u00ed na\u0161eho spole\u010dn\u00e9ho SVJ.<\/p>\n<p>Z\u00e1v\u011brem\u00a0 opravdu\u00a0 pros\u00edme a\u00a0 vy\u017eadujeme\u00a0 my jako celek v\u011bt\u0161inov\u00fdch vlastn\u00edku s 73,4 %\u00a0 pod\u00edlu je\u0161t\u011b jednou pro jistotu o rozesl\u00e1n\u00ed pozv\u00e1nek s opravou a to v\u0161em majitel\u016fm bytov\u00fdch jednotek na adrese Nov\u00e1kov\u00fdch 59\/2 a 4 z va\u0161\u00ed strany a d\u00e1le\u00a0 s v\u00fdzvou a upozorn\u011bn\u00edm, \u017ee \u00fa\u010dast na t\u00e9to sch\u016fzi v\u0161ech majitel\u016f bytov\u00fdch jednotek je povinn\u00e1, \/anebo jejich z\u00e1stupc\u016f s plnou moc\u00ed\/ pro \u00fasp\u011b\u0161n\u00e9 zalo\u017een\u00ed SVJ dle NOZ<\/p>\n<p>D\u00e1le\u00a0 a po\u017eadujeme, aby byl opravdu na t\u00e9to sch\u016fzi p\u0159\u00edtomen p\u0159eceda LBD8, pan Milan Pelc, narozen 21. \u010dervna 1950 anebo m\u00edstop\u0159ecedkyn\u011b pan\u00ed Ing. Helena Hor\u00e1kov\u00e1 narozena 12. \u010dervna 1946, kte\u0159\u00ed jsou hlavn\u00edmi statut\u00e1rn\u00edmi org\u00e1ny Lidov\u00e9ho bytov\u00e9ho dru\u017estva 8 a\u00a0 maj\u00ed pr\u00e1vo jednat za vlastn\u00edka LBD8 jako takov\u00e9.<\/p>\n<p>Not\u00e1\u0159e na schv\u00e1len\u00ed procesn\u00edch v\u011bci zajist\u00edme z na\u0161\u00ed strany, my\u0161leno p\u0159\u00edpravn\u00fd v\u00fdbor<\/p>\n<p>D\u011bkujeme moc za opravdu v\u010dasnou informaci p\u0159edem, zda m\u00e1te n\u011bjak\u00e9 v\u00fdhrady ke stanov\u00e1m, kter\u00e9 pos\u00edl\u00e1me k prostudov\u00e1n\u00ed, anebo k tomuto procesn\u00edmu \u00fakonu p\u0159i zalo\u017een\u00ed na\u0161eho SVJ Nov\u00e1kov\u00fdch 59<\/p>\n<p>Z\u00e1v\u011brem pevn\u011b v\u011b\u0159\u00edme, \u017ee se n\u00e1m poda\u0159\u00ed zalo\u017eit na\u0161e SVJ bez \u017e\u00e1dn\u00fdch komplikaci.<\/p>\n<p>D\u011bkujeme a p\u0159ejeme hezk\u00fd den..<\/p>\n<p>Za p\u0159\u00edpravn\u00fd v\u00fdbor:<\/p>\n<p>Mgr. Ji\u0159\u00ed Lenfeld, Ing. Ji\u0159\u00ed \u0160afr\u00e1nek, Ivan Kolen\u010diak, Stanislav Hru\u0161ka, Martin Klouda, Lenka Gottvaldov\u00e1<\/p>\n<p>Stanovy ke sta\u017een\u00ed <a title=\"Stanovy Novakovych59\" href=\"http:\/\/www.novakovych59.cz\/wp-content\/uploads\/2014\/10\/Nov\u00e1kov\u00fdch59-n\u00e1vrh-stanov.pdf\" target=\"_blank\">zde<\/a><\/p>\n<p>&#8212;&#8212;&#8212;&#8212;&#8212;&#8212;&#8212;&#8212;&#8212;&#8212;&#8212;&#8212;&#8212;&#8212;&#8212;&#8212;&#8212;&#8212;&#8212;&#8212;&#8212;&#8212;&#8212;&#8212;&#8212;&#8212;&#8212;&#8212;&#8212;&#8212;&#8212;&#8212;&#8212;&#8212;&#8212;&#8212;&#8212;<br \/>\nCitace korespondence s asistentkou \u0159editele LBD8 s pan\u00ed Ivanou \u010cervenou<\/p>\n<p>Dne 07\/10\/2014 09:06, Ivana \u010cerven\u00e1 napsal:<\/p>\n<blockquote><p>P\u0159eji p\u011bkn\u00fd den pane Hru\u0161ko, p\u016fvodn\u011b jsem sch\u016fzi napl\u00e1novala na konec listopadu (podle z\u00e1pisu z minul\u00e9 sch\u016fze). Te\u010f kdy\u017e jste napsal, \u017ee jste v t\u00e9 dob\u011b slu\u017eebn\u011b pry\u010d p\u0159ipad\u00e1 v \u00favahu term\u00edn 3. 12. 2014. Term\u00edn tedy pros\u00edm potvr\u010fte a napi\u0161te zda chcete sch\u016fzi svolat od n\u00e1s (ji\u017e placen\u00e1 sch\u016fze) nebo ne, p\u0159\u00edpadn\u011b kde, od kolika hodin a jak\u00fd si p\u0159ejete program. D\u011bkuji. S pozdravem Ivana \u010cerven\u00e1 asistentka \u0159editele Lidov\u00e9 bytov\u00e9 dru\u017estvo Praha 8 V Zahrad\u00e1ch 786\/21 180 00 Praha 8 tel.: 284 840 810 __________ Informace od ESET Endpoint Antivirus, verze databaze 10522 (20141007) __________ Tuto zpravu proveril ESET Endpoint Antivirus. <a href=\"http:\/\/www.eset.cz\/\" target=\"_blank\"><span style=\"text-decoration: underline;\"><span style=\"color: #000080;\">http:\/\/www.eset.cz<\/span><\/span><\/a> [1] Links: &#8212;&#8212; [1] <a href=\"http:\/\/www.eset.cz\/\" target=\"_blank\"><span style=\"text-decoration: underline;\"><span style=\"color: #000080;\">http:\/\/www.eset.cz<\/span><\/span><\/a><\/p><\/blockquote>\n","protected":false},"excerpt":{"rendered":"<p>Dobr\u00fd den pane Pap\u00edrn\u00edku a pan\u00ed \u010cerven\u00e1, Absolutn\u011b nerozum\u00edme, pro\u010d n\u00e1\u0161 spr\u00e1vce LBD8, kter\u00e9ho si plat\u00edme z na\u0161ich pen\u011bz, rozes\u00edl\u00e1 n\u00e1m v\u011bt\u0161inov\u00fdm vlastn\u00edk\u016fm bytov\u00fdch jednotek s celkov\u00fdm v\u011bt\u0161inov\u00fdm pod\u00edlem 73,4% v dom\u011b Nov\u00e1kov\u00fdch 59, zmate\u010dn\u00e9 pozv\u00e1nky na sch\u016fzi, a to &#8230; <a class=\"more-link\" href=\"https:\/\/www.novakovych59.cz\/?page_id=275\">\u010c\u00edst v\u00edce &raquo;<\/a><\/p>\n","protected":false},"author":1,"featured_media":0,"parent":20,"menu_order":0,"comment_status":"open","ping_status":"closed","template":"","meta":{"footnotes":""},"class_list":["post-275","page","type-page","status-publish","hentry"],"_links":{"self":[{"href":"https:\/\/www.novakovych59.cz\/index.php?rest_route=\/wp\/v2\/pages\/275","targetHints":{"allow":["GET"]}}],"collection":[{"href":"https:\/\/www.novakovych59.cz\/index.php?rest_route=\/wp\/v2\/pages"}],"about":[{"href":"https:\/\/www.novakovych59.cz\/index.php?rest_route=\/wp\/v2\/types\/page"}],"author":[{"embeddable":true,"href":"https:\/\/www.novakovych59.cz\/index.php?rest_route=\/wp\/v2\/users\/1"}],"replies":[{"embeddable":true,"href":"https:\/\/www.novakovych59.cz\/index.php?rest_route=%2Fwp%2Fv2%2Fcomments&post=275"}],"version-history":[{"count":6,"href":"https:\/\/www.novakovych59.cz\/index.php?rest_route=\/wp\/v2\/pages\/275\/revisions"}],"predecessor-version":[{"id":286,"href":"https:\/\/www.novakovych59.cz\/index.php?rest_route=\/wp\/v2\/pages\/275\/revisions\/286"}],"up":[{"embeddable":true,"href":"https:\/\/www.novakovych59.cz\/index.php?rest_route=\/wp\/v2\/pages\/20"}],"wp:attachment":[{"href":"https:\/\/www.novakovych59.cz\/index.php?rest_route=%2Fwp%2Fv2%2Fmedia&parent=275"}],"curies":[{"name":"wp","href":"https:\/\/api.w.org\/{rel}","templated":true}]}}