{"id":260,"date":"2014-09-22T22:25:04","date_gmt":"2014-09-22T20:25:04","guid":{"rendered":"http:\/\/www.novakovych59.cz\/?page_id=260"},"modified":"2014-09-22T22:27:54","modified_gmt":"2014-09-22T20:27:54","slug":"oznameni-spravce-domu-lbd8-o-pozastaveni-vyklizeni-sklepu","status":"publish","type":"page","link":"https:\/\/www.novakovych59.cz\/?page_id=260","title":{"rendered":"Oznamen\u00ed spr\u00e1vce domu LBD8 o pozastaven\u00ed vykl\u00edzen\u00ed sklep\u016f"},"content":{"rendered":"<p>Mil\u00ed obyvatel\u00e9 domu&#8230;<\/p>\n<p>Zve\u0159ej\u0148ujeme\u00a0\u00a0 informaci od spr\u00e1vce LBD8 o pozastaven\u00ed vykl\u00edzen\u00ed sklep\u016f.<\/p>\n<p>My d\u011bkujeme dru\u017estvu za akceptaci na\u0161eho rozhodnut\u00ed..<\/p>\n<p>Obyvatel\u00e9 domu..<\/p>\n<p>&nbsp;<\/p>\n<p><a href=\"http:\/\/www.novakovych59.cz\/wp-content\/uploads\/2014\/09\/Photo-17.09.14-19-00-46.jpg\"><img loading=\"lazy\" decoding=\"async\" class=\"alignleft  wp-image-261\" src=\"http:\/\/www.novakovych59.cz\/wp-content\/uploads\/2014\/09\/Photo-17.09.14-19-00-46-300x225.jpg\" alt=\"Photo 17.09.14 19 00 46\" width=\"367\" height=\"275\" srcset=\"https:\/\/www.novakovych59.cz\/wp-content\/uploads\/2014\/09\/Photo-17.09.14-19-00-46-300x225.jpg 300w, https:\/\/www.novakovych59.cz\/wp-content\/uploads\/2014\/09\/Photo-17.09.14-19-00-46-150x112.jpg 150w, https:\/\/www.novakovych59.cz\/wp-content\/uploads\/2014\/09\/Photo-17.09.14-19-00-46-600x450.jpg 600w, https:\/\/www.novakovych59.cz\/wp-content\/uploads\/2014\/09\/Photo-17.09.14-19-00-46.jpg 1024w\" sizes=\"auto, (max-width: 367px) 100vw, 367px\" \/><\/a><\/p>\n<p>&nbsp;<\/p>\n<p>&nbsp;<\/p>\n<p>&nbsp;<\/p>\n<p>&nbsp;<\/p>\n<p>&nbsp;<\/p>\n<p>&nbsp;<\/p>\n<p>&nbsp;<\/p>\n<p>&nbsp;<\/p>\n<p>&nbsp;<\/p>\n<p>&nbsp;<\/p>\n","protected":false},"excerpt":{"rendered":"<p>Mil\u00ed obyvatel\u00e9 domu&#8230; Zve\u0159ej\u0148ujeme\u00a0\u00a0 informaci od spr\u00e1vce LBD8 o pozastaven\u00ed vykl\u00edzen\u00ed sklep\u016f. My d\u011bkujeme dru\u017estvu za akceptaci na\u0161eho rozhodnut\u00ed.. Obyvatel\u00e9 domu.. &nbsp; &nbsp; &nbsp; &nbsp; &nbsp; &nbsp; &nbsp; &nbsp; &nbsp; &nbsp; &nbsp;<\/p>\n","protected":false},"author":1,"featured_media":0,"parent":20,"menu_order":0,"comment_status":"open","ping_status":"closed","template":"","meta":{"footnotes":""},"class_list":["post-260","page","type-page","status-publish","hentry"],"_links":{"self":[{"href":"https:\/\/www.novakovych59.cz\/index.php?rest_route=\/wp\/v2\/pages\/260","targetHints":{"allow":["GET"]}}],"collection":[{"href":"https:\/\/www.novakovych59.cz\/index.php?rest_route=\/wp\/v2\/pages"}],"about":[{"href":"https:\/\/www.novakovych59.cz\/index.php?rest_route=\/wp\/v2\/types\/page"}],"author":[{"embeddable":true,"href":"https:\/\/www.novakovych59.cz\/index.php?rest_route=\/wp\/v2\/users\/1"}],"replies":[{"embeddable":true,"href":"https:\/\/www.novakovych59.cz\/index.php?rest_route=%2Fwp%2Fv2%2Fcomments&post=260"}],"version-history":[{"count":1,"href":"https:\/\/www.novakovych59.cz\/index.php?rest_route=\/wp\/v2\/pages\/260\/revisions"}],"predecessor-version":[{"id":262,"href":"https:\/\/www.novakovych59.cz\/index.php?rest_route=\/wp\/v2\/pages\/260\/revisions\/262"}],"up":[{"embeddable":true,"href":"https:\/\/www.novakovych59.cz\/index.php?rest_route=\/wp\/v2\/pages\/20"}],"wp:attachment":[{"href":"https:\/\/www.novakovych59.cz\/index.php?rest_route=%2Fwp%2Fv2%2Fmedia&parent=260"}],"curies":[{"name":"wp","href":"https:\/\/api.w.org\/{rel}","templated":true}]}}