{"id":20,"date":"2014-07-09T00:00:38","date_gmt":"2014-07-08T22:00:38","guid":{"rendered":"http:\/\/www.novakovych59.cz\/?page_id=20"},"modified":"2026-01-26T23:29:18","modified_gmt":"2026-01-26T21:29:18","slug":"vchod-2","status":"publish","type":"page","link":"https:\/\/www.novakovych59.cz\/","title":{"rendered":"Aktuality"},"content":{"rendered":"<address><a href=\"https:\/\/www.novakovych59.cz\/?page_id=1245\">26.01.2026<\/a> &#8211; <span style=\"color: #ff0000;\">\u00daprava vodom\u011brn\u00e9 sestavy v dom\u011b<\/span><\/address>\n<address><a href=\"https:\/\/www.novakovych59.cz\/?page_id=1217\">\u00a001.12.2025<\/a> <span style=\"color: #000000;\">&#8211; Sch\u016fze vlastn\u00edk\u016f bytov\u00fdch jednotek 1\/2025<\/span><\/address>\n<address><a href=\"https:\/\/www.novakovych59.cz\/?page_id=1209\">\u00a020.5.2025<\/a> &#8211; <span style=\"color: #000000;\">Rekonstrukce bytov\u00e9 jednotky \u010d\u00edslo 49<\/span><\/address>\n<address><a href=\"https:\/\/www.novakovych59.cz\/?page_id=1203\">13.03.2025<\/a> &#8211; <span style=\"color: #000000;\">Kontrola a \u010di\u0161t\u011bn\u00ed spalinov\u00fdch cest 2025<\/span><\/address>\n<address><a href=\"https:\/\/www.novakovych59.cz\/?page_id=1194\">19.02.2025<\/a> &#8211; <span style=\"color: #000000;\">Ozn\u00e1men\u00ed o oprav\u011b v\u00fdtah\u016f v dom\u011b<\/span><\/address>\n<address><a href=\"https:\/\/www.novakovych59.cz\/?page_id=1180\">23.12.2024<\/a> &#8211; <span style=\"color: #000000;\">P\u0159eru\u0161en\u00ed dod\u00e1vky elekt\u0159iny v dom\u011b<\/span><\/address>\n<address><a href=\"https:\/\/www.novakovych59.cz\/?page_id=1168\">05.12.2024<\/a> &#8211; <span style=\"color: #000000;\">Hlasov\u00e1n\u00ed mimo zased\u00e1n\u00ed \u2013 per rollam \u010d. 2024-1<\/span><\/address>\n<address><a href=\"https:\/\/www.novakovych59.cz\/?page_id=1160\">12.07.2024 <\/a>&#8211; <span style=\"color: #000000;\">V\u00fdskyt \u0161t\u011bnic v na\u0161em dom\u011b a n\u00e1sleduj\u00edc\u00ed opat\u0159en\u00ed<\/span><\/address>\n<address><a href=\"https:\/\/www.novakovych59.cz\/?page_id=1146\">10.06.2024<\/a> &#8211; <span style=\"color: #000000;\">Sch\u016fze vlastn\u00edk\u016f bytov\u00fdch jednotek 1\/2024<\/span><\/address>\n<address><a href=\"https:\/\/www.novakovych59.cz\/?page_id=1130\">18.01.2024<\/a> &#8211; <span style=\"color: #000000;\">Ozn\u00e1men\u00ed o term\u00ednech v\u00fdm\u011bny bytov\u00fdch vodom\u011br\u016f<\/span><\/address>\n<address><a href=\"https:\/\/www.novakovych59.cz\/?page_id=1117\">16.11.2023<\/a> &#8211;\u00a0 <span style=\"color: #000000;\">Sch\u016fze vlastn\u00edk\u016f bytov\u00fdch jednotek 1\/2023<\/span><\/address>\n<address><a href=\"https:\/\/www.novakovych59.cz\/?page_id=1110\">02.08.2023<\/a> &#8211;\u00a0 <span style=\"color: #000000;\">Rekonstrukce bytov\u00e9 jednotky \u010d\u00edslo 67\u00a0<\/span><\/address>\n<address><a href=\"https:\/\/www.novakovych59.cz\/?page_id=1097\">19.02.2023<\/a> &#8211;\u00a0 <span style=\"color: #000000;\">Domovn\u00ed zvonky pl\u00e1novan\u00e1 v\u00fdm\u011bna a instalace\u00a0<\/span><\/address>\n<address><a href=\"https:\/\/www.novakovych59.cz\/?page_id=1072\">\u00a010.11.2022<\/a>\u00a0 \u00a0&#8211; <span style=\"color: #000000;\">Sch\u016fze vlastn\u00edk\u016f bytov\u00fdch jednotek 1\/2022<\/span><\/address>\n<address><a href=\"https:\/\/www.novakovych59.cz\/?page_id=1065&amp;preview=true\">11.02.2022<\/a>\u00a0 \u00a0&#8211; <span style=\"color: #ff0000;\"><span style=\"color: #000000;\">Servis v\u00fdtah\u016f v\u00a0 dom\u011b\u00a0<\/span> \u00a0<\/span><\/address>\n<address><a href=\"https:\/\/www.novakovych59.cz\/?page_id=1068&amp;preview=true\">10.01.2022\u00a0<\/a> &#8211; Ozn\u00e1men\u00ed o rekonstrukci bytov\u00e9 jednotky \u010d\u00edslo 26<\/address>\n<address><a href=\"https:\/\/www.novakovych59.cz\/?page_id=1034\">21.09.2021<\/a> &#8211;\u00a0 Sch\u016fze vlastn\u00edk\u016f bytov\u00fdch jednotek 1\/2021<\/address>\n<address><a href=\"https:\/\/www.novakovych59.cz\/?page_id=985\">01.06.2021<\/a> &#8211;\u00a0 Rozvod internetov\u00fdch optick\u00fdch kabel\u016f v dom\u011b<\/address>\n<address><a href=\"https:\/\/www.novakovych59.cz\/?page_id=978&amp;preview=true\">22.04.2021<\/a> &#8211; <span style=\"color: #000000;\">Oprava z\u00e1pisu hlasov\u00e1n\u00ed per rollam \u010d.2020-1<\/span><\/address>\n<address><a href=\"https:\/\/www.novakovych59.cz\/?page_id=959\">18.12.2020<\/a> &#8211;\u00a0 V\u00fdsledky hlasov\u00e1n\u00ed mimo zased\u00e1n\u00ed &#8211; per rollam\u00a0 \u010d. 2020-1<\/address>\n<address><a href=\"https:\/\/www.novakovych59.cz\/?page_id=948&amp;preview=true\">30.11.2020<\/a> &#8211;\u00a0 <span style=\"color: #000000;\">Hlasov\u00e1n\u00ed mimo zased\u00e1n\u00ed\u00a0 -per rollam \u010d. 2020-1<\/span><\/address>\n<address><a href=\"https:\/\/www.novakovych59.cz\/?page_id=934&amp;preview=true\">05.<\/a><a href=\"https:\/\/www.novakovych59.cz\/?page_id=934&amp;preview=true\">10.2020 \u2013<\/a> <span style=\"color: #000000;\">Sch\u016fze vlastn\u00edk\u016f bytov\u00fdch jednotek 2\/2020 &#8211; <i>ZRU\u0160ENO !!!!<\/i><\/span><\/address>\n<address><a href=\"https:\/\/www.novakovych59.cz\/?page_id=897\">09.06.2020 <span style=\"color: #000000;\">&#8211;<\/span><\/a><span style=\"color: #000000;\">Sch\u016fze vlastn\u00edk\u016f bytov\u00fdch jednotek 1\/2020<\/span><\/address>\n<address><a href=\"https:\/\/www.novakovych59.cz\/?page_id=882\">25.03.2020<\/a> &#8211; <span style=\"color: #000000;\">Odm\u00edtnut\u00ed podpisu \u00fa\u010detn\u00ed z\u00e1v\u011brky\u00a0 2019 + p\u0159ed\u017ealobn\u00ed upom\u00ednka<\/span><\/address>\n<address><a href=\"https:\/\/www.novakovych59.cz\/?page_id=873\">23.03.2020<\/a> &#8211; <span style=\"color: #000000;\">Kontrola a \u010di\u0161t\u011bn\u00ed spalovac\u00edch cest 2020<\/span><\/address>\n<address><a href=\"https:\/\/www.novakovych59.cz\/?page_id=863\">20.12.2019<\/a> &#8211; <span style=\"color: #000000;\">Platby od Nov\u00e9ho Roku 2020<\/span><\/address>\n<address><a href=\"https:\/\/www.novakovych59.cz\/?page_id=854\">16.12.2019<\/a> &#8211;<span style=\"color: #000000;\"> V\u00fdsledky hlasov\u00e1n\u00ed o volb\u011b spr\u00e1vce \u010d.2019-1<\/span><\/address>\n<address><a href=\"https:\/\/www.novakovych59.cz\/?page_id=842\">27.10.2019-<\/a> <span style=\"color: #000000;\">Hlasov\u00e1n\u00ed o volb\u011b spr\u00e1vce mimo zased\u00e1n\u00ed \u010d. 2019-1 \u00a0<\/span><\/address>\n<address><a href=\"http:\/\/www.novakovych59.cz\/?page_id=752\">04.06.2019<\/a>&#8211; <span style=\"color: #000000;\">Pozv\u00e1nka na zakl\u00e1dac\u00ed sch\u016fzi SVJ Nov\u00e1kov\u00fdch 59<\/span><\/address>\n<address><a href=\"http:\/\/www.novakovych59.cz\/?page_id=745\">21.05.2019<\/a> &#8211; Smute\u010dn\u00ed ozn\u00e1men\u00ed o \u00famrt\u00ed sousedky pan\u00ed Zuzanky \u0160imlov\u00e9\u00a0<\/address>\n<address><a href=\"http:\/\/www.novakovych59.cz\/?page_id=734\">28.02.2019<\/a> &#8211; <span style=\"color: #000000;\">V\u00fdm\u011bna z\u00e1mk\u016f a rozd\u00e1n\u00ed objednan\u00fdch \u010dip\u016f\u00a0 nav\u00edc<\/span><\/address>\n<address><a href=\"http:\/\/www.novakovych59.cz\/?page_id=714&amp;preview=true\">18.02.2019<\/a> -Vykraden\u00e9 sklepy a byty<\/address>\n<address><a href=\"http:\/\/www.novakovych59.cz\/?page_id=709&amp;preview=true\">08.10.2018<\/a>&#8211;\u00a0 Malov\u00e1n\u00ed chodeb v dom\u011b<\/address>\n<address><a href=\"http:\/\/www.novakovych59.cz\/?page_id=700&amp;preview=true\">27.09.2018<\/a> &#8211;\u00a0<span style=\"color: #000000;\">Sch\u016fze vlastn\u00edku bytov\u00fdch\u00a0 jednotek v dom\u011b dne\u00a0 9.6.2018 je odlo\u017eena !!!<\/span><\/address>\n<address><a href=\"http:\/\/www.novakovych59.cz\/?page_id=678&amp;preview=true\">27.06.2018<\/a> &#8211; P\u0159\u00edstupov\u00fd\u00a0 a kamerov\u00fd syst\u00e9m &#8211; p\u0159evzet\u00ed elektronick\u00fdch \u010dip\u016f<\/address>\n<address><a href=\"http:\/\/www.novakovych59.cz\/?page_id=674&amp;preview=true\">17.05.2018<\/a>&#8211; Mont\u00e1\u017e p\u0159\u00edstupov\u00e9ho a kamerov\u00e9ho syst\u00e9mu<\/address>\n<address><a href=\"http:\/\/www.novakovych59.cz\/?page_id=666\">02.04.2018<\/a>&#8211; Kontrola a \u010di\u0161t\u011bn\u00ed spalovac\u00edch cest 2018<\/address>\n<address><a href=\"http:\/\/www.novakovych59.cz\/?page_id=639&amp;preview=true\">22.03.2018<\/a>&#8211; V\u00fdzva k p\u0159evzet\u00ed kl\u00ed\u010d\u016f od nov\u00fdch po\u0161tovn\u00edch schr\u00e1nek<\/address>\n<address><a href=\"http:\/\/www.novakovych59.cz\/?page_id=630&amp;preview=true\">18.01.2018<\/a> &#8211; Sch\u016fze vlastn\u00edk\u016f bytov\u00fdch jednotek 1\/2018<\/address>\n<address><a href=\"http:\/\/www.novakovych59.cz\/?page_id=623&amp;preview=true\">27.09.2017<\/a>&#8211; Oprava doln\u00ed \u00a0fas\u00e1dy domu\u00a0a v\u00fdm\u011bna v\u00fdloh v nebytov\u00fdch prostorech<\/address>\n<address><a href=\"http:\/\/www.novakovych59.cz\/?page_id=612&amp;preview=true\">20.09.2017<\/a>&#8211; Ozn\u00e1men\u00ed o v\u00fdm\u011bn\u011b vodom\u011br\u016f<\/address>\n<address><a href=\"http:\/\/www.novakovych59.cz\/?page_id=606&amp;preview=true\">28.06.2017<\/a>&#8211; Omezen\u00ed dod\u00e1vky vody \u2013 sn\u00ed\u017een\u00ed tlaku<!-- o ignored --><\/address>\n<address><a href=\"http:\/\/www.novakovych59.cz\/?page_id=590\">05.01.2017<\/a> &#8211; \u00a0Sch\u016fze vlastn\u00edk\u016f bytov\u00fdch jednotek 1\/2017<\/address>\n<address><a href=\"http:\/\/www.novakovych59.cz\/?page_id=586\">19.12.2016<\/a>&#8211;\u00a0 Sousedsk\u00e9 pun\u010dov\u00e9 setk\u00e1n\u00ed 2016<\/address>\n<address><a href=\"http:\/\/www.novakovych59.cz\/?page_id=576\">04.10.2016<\/a>\u2013 Sch\u016fze vlastn\u00edk\u016f bytov\u00fdch\u00a0 jednotek\u00a0 3\/2016<\/address>\n<address><a href=\"http:\/\/www.novakovych59.cz\/?page_id=557\">22.06.2016<\/a> &#8211; Servis oken<\/address>\n<address><a href=\"http:\/\/www.novakovych59.cz\/?page_id=551\">03.06.2016<\/a>&#8211; Sch\u016fze vlastn\u00edk\u016f bytov\u00fdch\u00a0 jednotek\u00a0 2\/2016<\/address>\n<address><a href=\"http:\/\/www.novakovych59.cz\/?page_id=543\">01.05.2016<\/a> &#8211; P\u0159ed\u00e1n\u00ed sklep\u016f po rekonstrukci<\/address>\n<address><a href=\"http:\/\/www.novakovych59.cz\/?page_id=530\">28.2.2016<\/a> &#8211; Sch\u016fze vlastn\u00edk\u016f bytov\u00fdch\u00a0 jednotek\u00a0 1 \/2016<\/address>\n<address><a href=\"http:\/\/www.novakovych59.cz\/?page_id=507\">08.12.2015<\/a> -Sousedsk\u00e9 pun\u010dov\u00e9 setk\u00e1n\u00ed 2015<\/address>\n<address><a href=\"http:\/\/www.novakovych59.cz\/?page_id=511\">08.12.2015<\/a>&#8211; Aktu\u00e1ln\u00ed foto z rekonstrukce na\u0161ich sklep\u016f<\/address>\n<address><a href=\"http:\/\/www.novakovych59.cz\/?page_id=498\" target=\"_blank\" rel=\"noopener noreferrer\">19.11.2.2015<\/a> -Sch\u016fze vlastn\u00edk\u016f bytov\u00fdch\u00a0 jednotek\u00a0 4 \/2015<\/address>\n<address><a href=\"http:\/\/www.novakovych59.cz\/?page_id=490\">30.6.2015<\/a> \u00a0&#8211;\u00a0<span style=\"color: #000000;\"> Rekonstrukce sklepn\u00edch prostor\u016f &#8211; d\u016fle\u017eit\u00e9 informace !!!!<\/span><\/address>\n<address><span style=\"color: #ff0000;\"><span style=\"color: #000000;\"><a href=\"http:\/\/www.novakovych59.cz\/?page_id=455\">28.6.2015 <\/a>&#8211;\u00a0 <\/span><\/span><span style=\"color: #000000;\">Sch\u016fze vlastn\u00edk\u016f bytov\u00fdch\u00a0 jednotek ze dne 25.6.2015 &#8211; aktualizov\u00e1no<br \/>\n<\/span><\/address>\n<address><a href=\"http:\/\/www.novakovych59.cz\/?page_id=478\">12.6.2015<\/a> &#8211;\u00a0 P\u0159ed\u00e1n\u00ed hotov\u00e9ho projektu k na\u0161\u00edm sklep\u016fm\u00a0 od\u00a0 architekta Milo\u0161e Munzara<\/address>\n<address><span style=\"color: #ff0000;\"><a href=\"http:\/\/www.novakovych59.cz\/?page_id=445\">28.5.2015<\/a>\u00a0 <span style=\"color: #000000;\">&#8211;\u00a0 Nov\u00fd \u0159editel LBD 8<br \/>\n<\/span><\/span><\/address>\n<address><span style=\"color: #ff0000;\"><span style=\"color: #000000;\"><a href=\"http:\/\/www.novakovych59.cz\/?page_id=435\">09.04.2015<\/a> &#8211;<\/span> <span style=\"color: #000000;\">Sch\u016fze vlastn\u00edk\u016f bytov\u00fdch\u00a0 jednotek\u00a0 2 \/2015<strong><br \/>\n<\/strong><\/span><\/span><\/address>\n<address><a href=\"http:\/\/www.novakovych59.cz\/?page_id=422\">25.3.2015 <\/a>&#8211;\u00a0 Z\u00e1pis\u00a0z jedn\u00e1n\u00ed komise ohledn\u011b sklep\u016f -3.\u010d\u00e1st<\/address>\n<address><a title=\"Smute\u010dn\u00ed ozn\u00e1men\u00ed o \u00famrt\u00ed souseda pana Porubsk\u00e9ho Jind\u0159icha\" href=\"http:\/\/www.novakovych59.cz\/?page_id=414\">17.03.2015<\/a> &#8211; Smute\u010dn\u00ed ozn\u00e1men\u00ed o \u00famrt\u00ed souseda pana Porubsk\u00e9ho Jind\u0159icha<\/address>\n<address><a title=\"Z\u00e1pis z jedn\u00e1n\u00ed komise ohledn\u011b sklep\u016f, \u010d\u00e1st 2\" href=\"http:\/\/www.novakovych59.cz\/?page_id=391\">25.02.2015<\/a> &#8211; Z\u00e1pis\u00a0z jedn\u00e1n\u00ed komise ohledn\u011b sklep\u016f -2.\u010d\u00e1st<\/address>\n<address><a href=\"http:\/\/www.novakovych59.cz\/?page_id=402\"><span style=\"color: #0fa5d9;\">0<\/span>9.02.2015<\/a> &#8211; Nepo\u0159\u00e1dek ve spole\u010dn\u00fdch prostorech domu<\/address>\n<address><a href=\"http:\/\/www.novakovych59.cz\/?page_id=381\">26.01.2015<\/a> &#8211; Z\u00e1pis\u00a0z jedn\u00e1n\u00ed komise ohledn\u011b sklep\u016f -1.\u010d\u00e1st<\/address>\n<address><a href=\"http:\/\/www.novakovych59.cz\/?page_id=362\">10.01.2015<\/a>\u00a0&#8211; Sch\u016fze vlastn\u00edk\u016f bytov\u00fdch\u00a0 jednotek\u00a0 1\/2015<\/address>\n<address><a href=\"http:\/\/www.novakovych59.cz\/?page_id=348\">2<\/a><a href=\"http:\/\/www.novakovych59.cz\/?page_id=348\">0.12.2014<\/a> -Smute\u010dn\u00ed ozn\u00e1men\u00ed o \u00famrt\u00ed souseda pana Elefanta Karla<\/address>\n<address><a href=\"http:\/\/www.novakovych59.cz\/?page_id=321\">18.12.2014<\/a>&#8211; <span style=\"color: #000000;\">Sousedsk\u00e9 pun\u010dov\u00e9 setk\u00e1n\u00ed<\/span><\/address>\n<address><a href=\"http:\/\/www.novakovych59.cz\/?page_id=299\">10.12.2014<\/a> &#8211; Stanovisko LBD8 k zalo\u017een\u00ed SVj v na\u0161em dom\u011b<\/address>\n<address><a href=\"http:\/\/www.novakovych59.cz\/?page_id=309\">8.12.2014<\/a> &#8211; Z\u00e1pis ze sch\u016fze domu ze dne 3.12.2014<\/address>\n<address><a href=\"http:\/\/www.novakovych59.cz\/?page_id=293\">25.11.2014<\/a>&#8211; <span style=\"color: #000000;\">Akceptace a vyj\u00e1d\u0159en\u00ed od \u0159editele LBD8 o sch\u016fzi na 3.12.2014<\/span><\/address>\n<address><a href=\"http:\/\/www.novakovych59.cz\/?page_id=289\">24.11.2014<\/a>&#8211; Zm\u011bna a potvrzen\u00ed \u00a0sch\u016fze vlastn\u00edk\u016f byt. jednotek na datum 3.12.2014<\/address>\n<address><a href=\"http:\/\/www.novakovych59.cz\/?page_id=275\">22.10.2014<\/a>&#8211; <span style=\"color: #000000;\">Sch\u016fze a zalo\u017een\u00ed SVJ &#8211; n\u00e1vrh stanov a stanoven\u00ed term\u00ednu sch\u016fze<\/span><\/address>\n<address><a title=\"Ozn\u00e1men\u00ed o pozastaven\u00ed vykl\u00edzen\u00ed sklep\u016f\" href=\"http:\/\/www.novakovych59.cz\/?page_id=260\">17.09.2014<\/a> &#8211; Oznamen\u00ed spr\u00e1vce domu LBD8 o pozastaven\u00ed vykl\u00edzen\u00ed sklep\u016f<br \/>\n<a title=\"email korespondence\" href=\"http:\/\/www.novakovych59.cz\/?page_id=243\" target=\"_blank\" rel=\"noopener noreferrer\">05.09.2014<\/a>&#8211; E-mailov\u00e1 korespondence mezi spr\u00e1vcem LBD8 a vlastn\u00edky \u00a0domu<br \/>\n<a title=\"Pozastaven\u00ed bour\u00e1n\u00ed a vykl\u00edzen\u00ed sklep\u016f\" href=\"http:\/\/www.novakovych59.cz\/?page_id=225\">01.09.2014<\/a> &#8211; Pozastaven\u00ed bour\u00e1n\u00ed a vykl\u00edzen\u00ed sklep\u016f<br \/>\n<a href=\"http:\/\/www.novakovych59.cz\/\">14.07.2014<\/a> &#8211; Zprovozn\u011bn\u00ed fin\u00e1ln\u00ed verze na\u0161ich webov\u00fdch str\u00e1nek<br \/>\n<a href=\"http:\/\/www.novakovych59.cz\/?page_id=159\">02.07.2014<\/a> &#8211; P\u0159ihl\u00e1\u0161en\u00ed z\u00e1jemc\u016f na\u0161eho domu k se\u0159\u00edzen\u00ed oken<br \/>\n<a href=\"http:\/\/www.novakovych59.cz\/?page_id=147\">04.06.2014<\/a> &#8211; Shrom\u00e1\u017eden\u00ed vlastn\u00edk\u016f bytov. a nebytov. jednotek<br \/>\n<a href=\"http:\/\/www.novakovych59.cz\/?page_id=99\">15.04.2014<\/a> &#8211; Zah\u00e1jen\u00ed stavebn\u00edho \u0159\u00edzen\u00ed s n\u00e1jemn\u00edkem ve vchod\u011b 4<br \/>\n<a href=\"http:\/\/www.novakovych59.cz\/?page_id=96\">13.03.2014<\/a> &#8211; Nep\u0159\u00edjemn\u00fd v\u00fdskyt \u0161tenic :-((<br \/>\n<a href=\"http:\/\/www.novakovych59.cz\/?page_id=76\">06.04.2014<\/a> &#8211; Kontrola a \u010di\u0161ten\u00ed spalovac\u00edch cest-zp\u0159\u00edstupn\u011bn\u00ed byt\u016f<br \/>\n<a href=\"http:\/\/www.novakovych59.cz\/?page_id=49\">10.12.2013<\/a> &#8211; Stavba povolena \ud83d\ude42<\/address>\n<address>\u00a0<\/address>\n<address>\u00a0<\/address>\n<address>\u00a0<\/address>\n","protected":false},"excerpt":{"rendered":"<p>26.01.2026 &#8211; \u00daprava vodom\u011brn\u00e9 sestavy v dom\u011b \u00a001.12.2025 &#8211; Sch\u016fze vlastn\u00edk\u016f bytov\u00fdch jednotek 1\/2025 \u00a020.5.2025 &#8211; Rekonstrukce bytov\u00e9 jednotky \u010d\u00edslo 49 13.03.2025 &#8211; Kontrola a \u010di\u0161t\u011bn\u00ed spalinov\u00fdch cest 2025 19.02.2025 &#8211; Ozn\u00e1men\u00ed o oprav\u011b v\u00fdtah\u016f v dom\u011b 23.12.2024 &#8211; P\u0159eru\u0161en\u00ed &#8230; <a class=\"more-link\" href=\"https:\/\/www.novakovych59.cz\/\">\u010c\u00edst v\u00edce &raquo;<\/a><\/p>\n","protected":false},"author":1,"featured_media":0,"parent":0,"menu_order":1,"comment_status":"open","ping_status":"open","template":"","meta":{"footnotes":""},"class_list":["post-20","page","type-page","status-publish","hentry"],"_links":{"self":[{"href":"https:\/\/www.novakovych59.cz\/index.php?rest_route=\/wp\/v2\/pages\/20","targetHints":{"allow":["GET"]}}],"collection":[{"href":"https:\/\/www.novakovych59.cz\/index.php?rest_route=\/wp\/v2\/pages"}],"about":[{"href":"https:\/\/www.novakovych59.cz\/index.php?rest_route=\/wp\/v2\/types\/page"}],"author":[{"embeddable":true,"href":"https:\/\/www.novakovych59.cz\/index.php?rest_route=\/wp\/v2\/users\/1"}],"replies":[{"embeddable":true,"href":"https:\/\/www.novakovych59.cz\/index.php?rest_route=%2Fwp%2Fv2%2Fcomments&post=20"}],"version-history":[{"count":151,"href":"https:\/\/www.novakovych59.cz\/index.php?rest_route=\/wp\/v2\/pages\/20\/revisions"}],"predecessor-version":[{"id":1248,"href":"https:\/\/www.novakovych59.cz\/index.php?rest_route=\/wp\/v2\/pages\/20\/revisions\/1248"}],"wp:attachment":[{"href":"https:\/\/www.novakovych59.cz\/index.php?rest_route=%2Fwp%2Fv2%2Fmedia&parent=20"}],"curies":[{"name":"wp","href":"https:\/\/api.w.org\/{rel}","templated":true}]}}