{"id":19,"date":"2014-07-09T22:40:40","date_gmt":"2014-07-09T20:40:40","guid":{"rendered":"http:\/\/www.novakovych59.cz\/?page_id=19"},"modified":"2016-06-23T22:25:21","modified_gmt":"2016-06-23T20:25:21","slug":"vchod-cislo-dve-z-prave-strany-domu","status":"publish","type":"page","link":"https:\/\/www.novakovych59.cz\/?page_id=19","title":{"rendered":"Vchod \u010d\u00edslo 2"},"content":{"rendered":"<p>Pohled\u00a0 na vchod \u010d\u00edslo 2 z prave strany domu.<\/p>\n<p>D\u016fm\u00a0 m\u00e1 6 pater.<\/p>\n<p>Historie domu zde.<\/p>\n<p>&nbsp;<\/p>\n<p><a href=\"http:\/\/www.novakovych59.cz\/wp-content\/uploads\/2014\/07\/Historie-domu-Nov\u00e1kov\u00fdch-59.pdf\" target=\"_blank\">Historie domu Nov\u00e1kov\u00fdch 59<\/a><\/p>\n<figure id=\"attachment_27\" aria-describedby=\"caption-attachment-27\" style=\"width: 217px\" class=\"wp-caption alignright\"><a href=\"http:\/\/www.novakovych59.cz\/wp-content\/uploads\/2014\/07\/Image00001.jpg\"><img loading=\"lazy\" decoding=\"async\" class=\"wp-image-27 \" src=\"http:\/\/www.novakovych59.cz\/wp-content\/uploads\/2014\/07\/Image00001-200x300.jpg\" alt=\"vchod \u010d\u00edslo 2\" width=\"217\" height=\"451\" \/><\/a><figcaption id=\"caption-attachment-27\" class=\"wp-caption-text\">Vchod \u010d\u00edslo 2<\/figcaption><\/figure>\n","protected":false},"excerpt":{"rendered":"<p>Pohled\u00a0 na vchod \u010d\u00edslo 2 z prave strany domu. D\u016fm\u00a0 m\u00e1 6 pater. Historie domu zde. &nbsp; Historie domu Nov\u00e1kov\u00fdch 59<\/p>\n","protected":false},"author":1,"featured_media":0,"parent":0,"menu_order":3,"comment_status":"open","ping_status":"open","template":"","meta":{"footnotes":""},"class_list":["post-19","page","type-page","status-publish","hentry"],"_links":{"self":[{"href":"https:\/\/www.novakovych59.cz\/index.php?rest_route=\/wp\/v2\/pages\/19","targetHints":{"allow":["GET"]}}],"collection":[{"href":"https:\/\/www.novakovych59.cz\/index.php?rest_route=\/wp\/v2\/pages"}],"about":[{"href":"https:\/\/www.novakovych59.cz\/index.php?rest_route=\/wp\/v2\/types\/page"}],"author":[{"embeddable":true,"href":"https:\/\/www.novakovych59.cz\/index.php?rest_route=\/wp\/v2\/users\/1"}],"replies":[{"embeddable":true,"href":"https:\/\/www.novakovych59.cz\/index.php?rest_route=%2Fwp%2Fv2%2Fcomments&post=19"}],"version-history":[{"count":7,"href":"https:\/\/www.novakovych59.cz\/index.php?rest_route=\/wp\/v2\/pages\/19\/revisions"}],"predecessor-version":[{"id":572,"href":"https:\/\/www.novakovych59.cz\/index.php?rest_route=\/wp\/v2\/pages\/19\/revisions\/572"}],"wp:attachment":[{"href":"https:\/\/www.novakovych59.cz\/index.php?rest_route=%2Fwp%2Fv2%2Fmedia&parent=19"}],"curies":[{"name":"wp","href":"https:\/\/api.w.org\/{rel}","templated":true}]}}