{"id":159,"date":"2014-07-13T23:52:09","date_gmt":"2014-07-13T21:52:09","guid":{"rendered":"http:\/\/www.novakovych59.cz\/?page_id=159"},"modified":"2016-06-23T21:52:02","modified_gmt":"2016-06-23T19:52:02","slug":"prihlaseni-zajemcu-naseho-domu-k-serizeni-oken","status":"publish","type":"page","link":"https:\/\/www.novakovych59.cz\/?page_id=159","title":{"rendered":"P\u0159ihl\u00e1\u0161en\u00ed z\u00e1jemc\u016f na\u0161eho domu k se\u0159\u00edzen\u00ed oken"},"content":{"rendered":"<p>Na posledn\u00ed sch\u016fzi, kter\u00e1 prob\u011bhla dne 4.6.2014 bylo rozhodnuto o bezplatn\u00e9m se\u0159\u00edzen\u00ed\u00a0 plastov\u00fdch oken v na\u0161em domu, kter\u00e9 jsou hrazeny ze spole\u010dn\u00e9ho\u00a0 fondu oprav.<\/p>\n<p>&nbsp;<\/p>\n<p>Z\u00e1jemci se mohou p\u0159ihl\u00e1sit\u00a0 do<span style=\"color: #0000ff;\">\u00a0 <strong>30.8.2014 \u00a0<\/strong><\/span> zde prost\u0159ednictv\u00edm p\u0159\u00edsp\u011bvku uveden\u00e9m pod t\u00edmto ozn\u00e1men\u00edm, nebo elektronickou po\u0161tou kterou najdete v hlavn\u00edm menu a d\u00e1le Kontakt<\/p>\n<p>&nbsp;<\/p>\n<p><span style=\"text-decoration: underline;\">Seznam p\u0159ihl\u00e1\u0161en\u00fdch z\u00e1jemc\u016f<\/span><\/p>\n<p>&nbsp;<\/p>\n<p><strong>\u00a0Vchod \u010d\u00edslo 2<\/strong><\/p>\n<p>Ben\u00ed\u0161ek Milo\u0161, \u010d\u00edslo bytu 12<\/p>\n<p>Bucha Petr, \u010d\u00edslo bytu 55<\/p>\n<p>Hru\u0161kov\u00e1 Kristina, \u010d\u00edslo bytu 54<\/p>\n<p>Nov\u00e1kov\u00e1 Marcela,\u010d\u00edslo bytu 69<\/p>\n<p>Karschallov\u00e1, patro 3<\/p>\n<p>Km\u00ednek Miroslav, \u010d\u00edslo bytu 42<\/p>\n<p>K\u0159ivsk\u00fd Milan, \u010d\u00edslo bytu 72<\/p>\n<p>Lenfeld Ji\u0159\u00ed ,\u010d\u00edslo bytu 70<\/p>\n<p>\u0160iml Zbyn\u011bk,\u00a0 \u010d\u00edslo bytu 56<\/p>\n<p>\u0160tumpov\u00e1 Old\u0159i\u0161ka, \u010d\u00edslo bytu 44<\/p>\n<p>\u0158erichov\u00e1 Lenka, \u010d\u00edslo bytu 71<\/p>\n<p>Moty\u010dkov\u00e1 Zuzana, \u010d\u00edslo bytu\u00a0 43<\/p>\n<p>&nbsp;<\/p>\n<p>&nbsp;<\/p>\n<p>&nbsp;<\/p>\n<p>&nbsp;<\/p>\n<p><strong>Vchod \u010d\u00edslo 4<\/strong><\/p>\n<p>Gottvaldov\u00e1 Lenka, \u010d\u00edslo bytu 51<\/p>\n<p>Gorzo Alexander, \u010d\u00edslo bytu 22<\/p>\n<p>Kadle\u010dkov\u00e1 Pavla, (n\u00e1jemce bytu pan\u00ed\u00a0Novotn\u00e1 Jana)\u00a0\u010d\u00edslo bytu 79<\/p>\n<p><span style=\"font-family: Tahoma; font-size: small;\">K\u0159e\u010dek Josef, 4. patro, \u010d\u00edslo bytu 47 <\/span><\/p>\n<p>Kosm\u00e1k Petr, 5.patro, \u010d\u00edslo bytu 62<\/p>\n<p>Teskov\u00e1 Jarka, \u010d\u00edslo bytu 24<\/p>\n<p><span style=\"font-family: Tahoma; font-size: small;\">Sojkov\u00e1 Veronika, 1.patro, \u010d\u00edslo bytu 6<\/span><\/p>\n<p>\u0160\u00e1franek Ji\u0159\u00ed, 5.patro, \u010d\u00edslo bytu 61<\/p>\n<p>Porubsk\u00e1 Anna \u00a0,byt \u010d\u00edslo 19 a 36<\/p>\n<p>Hrstkov\u00e1 Eva, byt \u010d\u00edslo 39<\/p>\n<p>Sladk\u00e1 Michaela , byt \u010d\u00edslo\u00a064\u00a0\/\u00a05.p- term\u00edn 27.6.2016<\/p>\n<p>&nbsp;<\/p>\n<p>&nbsp;<\/p>\n","protected":false},"excerpt":{"rendered":"<p>Na posledn\u00ed sch\u016fzi, kter\u00e1 prob\u011bhla dne 4.6.2014 bylo rozhodnuto o bezplatn\u00e9m se\u0159\u00edzen\u00ed\u00a0 plastov\u00fdch oken v na\u0161em domu, kter\u00e9 jsou hrazeny ze spole\u010dn\u00e9ho\u00a0 fondu oprav. &nbsp; Z\u00e1jemci se mohou p\u0159ihl\u00e1sit\u00a0 do\u00a0 30.8.2014 \u00a0 zde prost\u0159ednictv\u00edm p\u0159\u00edsp\u011bvku uveden\u00e9m pod t\u00edmto ozn\u00e1men\u00edm, nebo &#8230; <a class=\"more-link\" href=\"https:\/\/www.novakovych59.cz\/?page_id=159\">\u010c\u00edst v\u00edce &raquo;<\/a><\/p>\n","protected":false},"author":1,"featured_media":0,"parent":20,"menu_order":6,"comment_status":"open","ping_status":"closed","template":"","meta":{"footnotes":""},"class_list":["post-159","page","type-page","status-publish","hentry"],"_links":{"self":[{"href":"https:\/\/www.novakovych59.cz\/index.php?rest_route=\/wp\/v2\/pages\/159","targetHints":{"allow":["GET"]}}],"collection":[{"href":"https:\/\/www.novakovych59.cz\/index.php?rest_route=\/wp\/v2\/pages"}],"about":[{"href":"https:\/\/www.novakovych59.cz\/index.php?rest_route=\/wp\/v2\/types\/page"}],"author":[{"embeddable":true,"href":"https:\/\/www.novakovych59.cz\/index.php?rest_route=\/wp\/v2\/users\/1"}],"replies":[{"embeddable":true,"href":"https:\/\/www.novakovych59.cz\/index.php?rest_route=%2Fwp%2Fv2%2Fcomments&post=159"}],"version-history":[{"count":24,"href":"https:\/\/www.novakovych59.cz\/index.php?rest_route=\/wp\/v2\/pages\/159\/revisions"}],"predecessor-version":[{"id":564,"href":"https:\/\/www.novakovych59.cz\/index.php?rest_route=\/wp\/v2\/pages\/159\/revisions\/564"}],"up":[{"embeddable":true,"href":"https:\/\/www.novakovych59.cz\/index.php?rest_route=\/wp\/v2\/pages\/20"}],"wp:attachment":[{"href":"https:\/\/www.novakovych59.cz\/index.php?rest_route=%2Fwp%2Fv2%2Fmedia&parent=159"}],"curies":[{"name":"wp","href":"https:\/\/api.w.org\/{rel}","templated":true}]}}