{"id":147,"date":"2014-07-16T18:09:50","date_gmt":"2014-07-16T16:09:50","guid":{"rendered":"http:\/\/www.novakovych59.cz\/?page_id=147"},"modified":"2014-07-16T19:13:18","modified_gmt":"2014-07-16T17:13:18","slug":"shromazdeni-vlastniku-bytovych-a-nebytovych-jednotek","status":"publish","type":"page","link":"https:\/\/www.novakovych59.cz\/?page_id=147","title":{"rendered":"Shrom\u00e1\u017eden\u00ed vlastn\u00edku bytov\u00fdch a nebytov\u00fdch jednotek"},"content":{"rendered":"<div><span class=\"ws14\" style=\"color: #000000; font-family: Verdana;\">Po prozkoum\u00e1n\u00ed\u00a0 p\u0159edlo\u017een\u00e9ho z\u00e1pisu z posledn\u00ed sch\u016fze obyvatel\u016f bytov\u00fdch jednotek s LBD8, kter\u00e1 se konala 4.6.2014, se nem\u016f\u017eeme stoto\u017enit s\u00a0 dan\u00fdm obsahem, proto\u017ee v z\u00e1pisu jsou uvedeny skute\u010dnosti, kter\u00e9 nesouhlas\u00ed a nejsou pravdiv\u00e9.\u00a0 Dne\u00a0 24.6.2014 byl\u00a0 odesl\u00e1n email panu \u0159editeli Pap\u00edrn\u00edkovi\u00a0 z LBD8 s v\u00fdhradami a opravou obsahu z\u00e1pisu.\u00a0 Odpov\u011bd p\u0159i\u0161la 2.7.2014, ale\u00a0 bez opraven\u00e9ho fin\u00e1ln\u00edho dokumentu, na kter\u00e9m jsme se dohodli na posledn\u00ed sch\u016fzi. <\/span><\/div>\n<div><span class=\"ws14\" style=\"color: #000000; font-family: Verdana;\">\u00a0<\/span><\/div>\n<div><span class=\"ws14\" style=\"color: #000000; font-family: Verdana;\">Zat\u00edm zde uv\u00e1d\u00edme na\u0161i korekturu dle skute\u010dnost\u00ed, jak byly ujedn\u00e1ny na posledn\u00ed sch\u016fzi, co m\u00e1me v rozporu, je \u010derven\u011b ozna\u010deno a p\u0159e\u0161krtnuto. A na opravenou kone\u010dnou verzi nad\u00e1le \u010dek\u00e1me, dle dohody.<br \/>\n<\/span><\/div>\n<div><span class=\"ws14\" style=\"color: #000000; font-family: Verdana;\">\u00a0<\/span><\/div>\n<div><span class=\"ws14\" style=\"color: #000000; font-family: Verdana;\">D\u00e1le byl po\u017eadovana kopie z\u00e1pisu z roku 2007, kde se\u00a0 \u0159e\u0161ila tato fas\u00e1da a ta dosud tak\u00e9\u00a0 nebyla poskytnuta.\u00a0 Na dod\u00e1n\u00ed t\u011bchto dokumentu nad\u00e1le trv\u00e1me. Prozatimn\u00ed <\/span><\/div>\n<div><span class=\"ws14\" style=\"color: #000000; font-family: Verdana;\">dokument uveden zde:\u00a0\u00a0 <a href=\"http:\/\/www.novakovych59.cz\/wp-content\/uploads\/2014\/07\/59-schuze-4.6.2014.pdf\">59 &#8211; schuze 4.6.2014<\/a><\/span><\/div>\n<div><\/div>\n<div><\/div>\n<div><\/div>\n<div><span class=\"ws14\" style=\"color: #000000; font-family: Verdana;\">Obyvatel\u00e9 domu..<\/span><\/div>\n<div><\/div>\n<div><\/div>\n","protected":false},"excerpt":{"rendered":"<p>Po prozkoum\u00e1n\u00ed\u00a0 p\u0159edlo\u017een\u00e9ho z\u00e1pisu z posledn\u00ed sch\u016fze obyvatel\u016f bytov\u00fdch jednotek s LBD8, kter\u00e1 se konala 4.6.2014, se nem\u016f\u017eeme stoto\u017enit s\u00a0 dan\u00fdm obsahem, proto\u017ee v z\u00e1pisu jsou uvedeny skute\u010dnosti, kter\u00e9 nesouhlas\u00ed a nejsou pravdiv\u00e9.\u00a0 Dne\u00a0 24.6.2014 byl\u00a0 odesl\u00e1n email panu \u0159editeli &#8230; <a class=\"more-link\" href=\"https:\/\/www.novakovych59.cz\/?page_id=147\">\u010c\u00edst v\u00edce &raquo;<\/a><\/p>\n","protected":false},"author":1,"featured_media":0,"parent":20,"menu_order":0,"comment_status":"open","ping_status":"closed","template":"","meta":{"footnotes":""},"class_list":["post-147","page","type-page","status-publish","hentry"],"_links":{"self":[{"href":"https:\/\/www.novakovych59.cz\/index.php?rest_route=\/wp\/v2\/pages\/147","targetHints":{"allow":["GET"]}}],"collection":[{"href":"https:\/\/www.novakovych59.cz\/index.php?rest_route=\/wp\/v2\/pages"}],"about":[{"href":"https:\/\/www.novakovych59.cz\/index.php?rest_route=\/wp\/v2\/types\/page"}],"author":[{"embeddable":true,"href":"https:\/\/www.novakovych59.cz\/index.php?rest_route=\/wp\/v2\/users\/1"}],"replies":[{"embeddable":true,"href":"https:\/\/www.novakovych59.cz\/index.php?rest_route=%2Fwp%2Fv2%2Fcomments&post=147"}],"version-history":[{"count":8,"href":"https:\/\/www.novakovych59.cz\/index.php?rest_route=\/wp\/v2\/pages\/147\/revisions"}],"predecessor-version":[{"id":205,"href":"https:\/\/www.novakovych59.cz\/index.php?rest_route=\/wp\/v2\/pages\/147\/revisions\/205"}],"up":[{"embeddable":true,"href":"https:\/\/www.novakovych59.cz\/index.php?rest_route=\/wp\/v2\/pages\/20"}],"wp:attachment":[{"href":"https:\/\/www.novakovych59.cz\/index.php?rest_route=%2Fwp%2Fv2%2Fmedia&parent=147"}],"curies":[{"name":"wp","href":"https:\/\/api.w.org\/{rel}","templated":true}]}}