{"id":1252,"date":"2026-02-10T14:04:02","date_gmt":"2026-02-10T12:04:02","guid":{"rendered":"https:\/\/www.novakovych59.cz\/?page_id=1252"},"modified":"2026-02-10T14:04:02","modified_gmt":"2026-02-10T12:04:02","slug":"energeticky-stitek-domu-penb","status":"publish","type":"page","link":"https:\/\/www.novakovych59.cz\/?page_id=1252","title":{"rendered":"Energetick\u00fd \u0161t\u00edtek domu (PENB)"},"content":{"rendered":"<p>Mil\u00ed n\u00e1v\u0161t\u011bvn\u00edci webu,<\/p>\n<p>Z\u00e1kon 406\/2000 Sb., o hospoda\u0159en\u00ed energi\u00ed je z\u00e1kladn\u00ed legislativou pro \u010desk\u00e9 stavebnictv\u00ed v oblasti energetick\u00e9 n\u00e1ro\u010dnosti. Jeho c\u00edlem je podporovat efektivn\u00ed vyu\u017e\u00edv\u00e1n\u00ed energie a sni\u017eov\u00e1n\u00ed energetick\u00e9 n\u00e1ro\u010dnosti. Tento z\u00e1kon stanovuje povinnosti pro fyzick\u00e9 i pr\u00e1vnick\u00e9 osoby v oblasti hospoda\u0159en\u00ed s energi\u00ed a zahrnuje energetick\u00e9 audity, zpracov\u00e1n\u00ed pr\u016fkaz\u016f energetick\u00e9 n\u00e1ro\u010dnosti budov a zav\u00e1d\u011bn\u00ed opat\u0159en\u00ed pro zv\u00fd\u0161en\u00ed energetick\u00e9 \u00fa\u010dinnosti.<\/p>\n<p>Jeho nov\u00e1 pr\u00e1vn\u00ed \u00faprava, v souladu s druhou evropskou sm\u011brnic\u00ed o energetick\u00e9 n\u00e1ro\u010dnosti budov, pr\u00e1vn\u011b ukotvuje ji\u017e existuj\u00edc\u00ed trend zvy\u0161ov\u00e1n\u00ed energetick\u00fdch standard\u016f budov. Upravuje a dopl\u0148uje n\u011bkter\u00e9 povinnosti t\u00fdkaj\u00edc\u00ed se zpracov\u00e1n\u00ed energetick\u00fdch pr\u016fkaz\u016f \u2013 nap\u0159\u00edklad pro p\u0159\u00edpady prodej\u016f \u010di pron\u00e1jm\u016f nemovitost\u00ed.<\/p>\n<p>Zde jsou k doispozici dv\u011b verze (PENB)<\/p>\n<p><a href=\"https:\/\/www.novakovych59.cz\/wp-content\/uploads\/2026\/02\/PENB-stitek-Novakovych-59_Light.pdf\">\u00a0Jednoduch\u00e1 verze<\/a>\u00a0 \u00a0(477 kb)<\/p>\n<p><a href=\"https:\/\/www.novakovych59.cz\/wp-content\/uploads\/2026\/02\/Bytovy-dum-Novakovych-59_PENB_vyhl264_final.pdf\">Podrobn\u011bj\u0161\u00ed pln\u00e1 verze<\/a> (687 kb)<\/p>\n","protected":false},"excerpt":{"rendered":"<p>Mil\u00ed n\u00e1v\u0161t\u011bvn\u00edci webu, Z\u00e1kon 406\/2000 Sb., o hospoda\u0159en\u00ed energi\u00ed je z\u00e1kladn\u00ed legislativou pro \u010desk\u00e9 stavebnictv\u00ed v oblasti energetick\u00e9 n\u00e1ro\u010dnosti. Jeho c\u00edlem je podporovat efektivn\u00ed vyu\u017e\u00edv\u00e1n\u00ed energie a sni\u017eov\u00e1n\u00ed energetick\u00e9 n\u00e1ro\u010dnosti. Tento z\u00e1kon stanovuje povinnosti pro fyzick\u00e9 i pr\u00e1vnick\u00e9 osoby v &#8230; <a class=\"more-link\" href=\"https:\/\/www.novakovych59.cz\/?page_id=1252\">\u010c\u00edst v\u00edce &raquo;<\/a><\/p>\n","protected":false},"author":1,"featured_media":0,"parent":0,"menu_order":0,"comment_status":"closed","ping_status":"closed","template":"","meta":{"footnotes":""},"class_list":["post-1252","page","type-page","status-publish","hentry"],"_links":{"self":[{"href":"https:\/\/www.novakovych59.cz\/index.php?rest_route=\/wp\/v2\/pages\/1252","targetHints":{"allow":["GET"]}}],"collection":[{"href":"https:\/\/www.novakovych59.cz\/index.php?rest_route=\/wp\/v2\/pages"}],"about":[{"href":"https:\/\/www.novakovych59.cz\/index.php?rest_route=\/wp\/v2\/types\/page"}],"author":[{"embeddable":true,"href":"https:\/\/www.novakovych59.cz\/index.php?rest_route=\/wp\/v2\/users\/1"}],"replies":[{"embeddable":true,"href":"https:\/\/www.novakovych59.cz\/index.php?rest_route=%2Fwp%2Fv2%2Fcomments&post=1252"}],"version-history":[{"count":1,"href":"https:\/\/www.novakovych59.cz\/index.php?rest_route=\/wp\/v2\/pages\/1252\/revisions"}],"predecessor-version":[{"id":1253,"href":"https:\/\/www.novakovych59.cz\/index.php?rest_route=\/wp\/v2\/pages\/1252\/revisions\/1253"}],"wp:attachment":[{"href":"https:\/\/www.novakovych59.cz\/index.php?rest_route=%2Fwp%2Fv2%2Fmedia&parent=1252"}],"curies":[{"name":"wp","href":"https:\/\/api.w.org\/{rel}","templated":true}]}}