{"id":1217,"date":"2025-11-30T21:30:36","date_gmt":"2025-11-30T19:30:36","guid":{"rendered":"https:\/\/www.novakovych59.cz\/?page_id=1217"},"modified":"2026-01-12T22:53:53","modified_gmt":"2026-01-12T20:53:53","slug":"schuze-vlastniku-bytovych-jednotek-1-2025","status":"publish","type":"page","link":"https:\/\/www.novakovych59.cz\/?page_id=1217","title":{"rendered":"Sch\u016fze vlastn\u00edk\u016f bytov\u00fdch jednotek 1\/2025"},"content":{"rendered":"<p>Dobr\u00fd den,<\/p>\n<p>SVJ v\u00fdbor si V\u00e1s dovoluje pozvat na shrom\u00e1\u017ed\u011bn\u00ed vlastn\u00edku domu Nov\u00e1kov\u00fdch 59, Praha 8.<\/p>\n<p>Toto shrom\u00e1\u017ed\u011bn\u00ed se bude konat dne 16.12.2025 od 18:00 v Z\u0160 Palmovka, Hejdukova 5, Praha 8<\/p>\n<p><img loading=\"lazy\" decoding=\"async\" class=\"alignnone wp-image-1215\" src=\"https:\/\/www.novakovych59.cz\/wp-content\/uploads\/2025\/11\/Pozvanka-na-schuzi-SVJ_N59_2025.jpg\" alt=\"\" width=\"704\" height=\"968\" srcset=\"https:\/\/www.novakovych59.cz\/wp-content\/uploads\/2025\/11\/Pozvanka-na-schuzi-SVJ_N59_2025.jpg 693w, https:\/\/www.novakovych59.cz\/wp-content\/uploads\/2025\/11\/Pozvanka-na-schuzi-SVJ_N59_2025-218x300.jpg 218w, https:\/\/www.novakovych59.cz\/wp-content\/uploads\/2025\/11\/Pozvanka-na-schuzi-SVJ_N59_2025-109x150.jpg 109w\" sizes=\"auto, (max-width: 704px) 100vw, 704px\" \/><\/p>\n<p>Pozv\u00e1nka na sch\u016fzi je ke sta\u017een\u00ed <a href=\"https:\/\/www.novakovych59.cz\/wp-content\/uploads\/2025\/11\/Pozvanka-na-SVJ-shromazdeni_2025.pdf\">zde<\/a><\/p>\n<p>Z\u00e1pis ze sch\u016fze je\u00a0<a href=\"https:\/\/www.novakovych59.cz\/wp-content\/uploads\/2026\/01\/Zapis_shromazdeni_-SVJ-N59_2025_fin.pdf\">zde\u00a0<\/a><\/p>\n","protected":false},"excerpt":{"rendered":"<p>Dobr\u00fd den, SVJ v\u00fdbor si V\u00e1s dovoluje pozvat na shrom\u00e1\u017ed\u011bn\u00ed vlastn\u00edku domu Nov\u00e1kov\u00fdch 59, Praha 8. Toto shrom\u00e1\u017ed\u011bn\u00ed se bude konat dne 16.12.2025 od 18:00 v Z\u0160 Palmovka, Hejdukova 5, Praha 8 Pozv\u00e1nka na sch\u016fzi je ke sta\u017een\u00ed zde Z\u00e1pis &#8230; <a class=\"more-link\" href=\"https:\/\/www.novakovych59.cz\/?page_id=1217\">\u010c\u00edst v\u00edce &raquo;<\/a><\/p>\n","protected":false},"author":1,"featured_media":0,"parent":0,"menu_order":0,"comment_status":"open","ping_status":"closed","template":"","meta":{"footnotes":""},"class_list":["post-1217","page","type-page","status-publish","hentry"],"_links":{"self":[{"href":"https:\/\/www.novakovych59.cz\/index.php?rest_route=\/wp\/v2\/pages\/1217","targetHints":{"allow":["GET"]}}],"collection":[{"href":"https:\/\/www.novakovych59.cz\/index.php?rest_route=\/wp\/v2\/pages"}],"about":[{"href":"https:\/\/www.novakovych59.cz\/index.php?rest_route=\/wp\/v2\/types\/page"}],"author":[{"embeddable":true,"href":"https:\/\/www.novakovych59.cz\/index.php?rest_route=\/wp\/v2\/users\/1"}],"replies":[{"embeddable":true,"href":"https:\/\/www.novakovych59.cz\/index.php?rest_route=%2Fwp%2Fv2%2Fcomments&post=1217"}],"version-history":[{"count":6,"href":"https:\/\/www.novakovych59.cz\/index.php?rest_route=\/wp\/v2\/pages\/1217\/revisions"}],"predecessor-version":[{"id":1240,"href":"https:\/\/www.novakovych59.cz\/index.php?rest_route=\/wp\/v2\/pages\/1217\/revisions\/1240"}],"wp:attachment":[{"href":"https:\/\/www.novakovych59.cz\/index.php?rest_route=%2Fwp%2Fv2%2Fmedia&parent=1217"}],"curies":[{"name":"wp","href":"https:\/\/api.w.org\/{rel}","templated":true}]}}