{"id":1209,"date":"2025-05-20T21:22:02","date_gmt":"2025-05-20T19:22:02","guid":{"rendered":"https:\/\/www.novakovych59.cz\/?page_id=1209"},"modified":"2025-05-20T21:22:02","modified_gmt":"2025-05-20T19:22:02","slug":"rekonstrukce-bytove-jednotky-cislo-49","status":"publish","type":"page","link":"https:\/\/www.novakovych59.cz\/?page_id=1209","title":{"rendered":"Rekonstrukce bytov\u00e9 jednotky \u010d\u00edslo 49"},"content":{"rendered":"<p><img loading=\"lazy\" decoding=\"async\" class=\"alignnone size-full wp-image-1208\" src=\"https:\/\/www.novakovych59.cz\/wp-content\/uploads\/2025\/05\/Rekonstrukce-bytu-49.jpg\" alt=\"\" width=\"719\" height=\"793\" srcset=\"https:\/\/www.novakovych59.cz\/wp-content\/uploads\/2025\/05\/Rekonstrukce-bytu-49.jpg 719w, https:\/\/www.novakovych59.cz\/wp-content\/uploads\/2025\/05\/Rekonstrukce-bytu-49-272x300.jpg 272w, https:\/\/www.novakovych59.cz\/wp-content\/uploads\/2025\/05\/Rekonstrukce-bytu-49-136x150.jpg 136w\" sizes=\"auto, (max-width: 719px) 100vw, 719px\" \/><\/p>\n","protected":false},"excerpt":{"rendered":"","protected":false},"author":1,"featured_media":0,"parent":0,"menu_order":0,"comment_status":"closed","ping_status":"closed","template":"","meta":{"footnotes":""},"class_list":["post-1209","page","type-page","status-publish","hentry"],"_links":{"self":[{"href":"https:\/\/www.novakovych59.cz\/index.php?rest_route=\/wp\/v2\/pages\/1209","targetHints":{"allow":["GET"]}}],"collection":[{"href":"https:\/\/www.novakovych59.cz\/index.php?rest_route=\/wp\/v2\/pages"}],"about":[{"href":"https:\/\/www.novakovych59.cz\/index.php?rest_route=\/wp\/v2\/types\/page"}],"author":[{"embeddable":true,"href":"https:\/\/www.novakovych59.cz\/index.php?rest_route=\/wp\/v2\/users\/1"}],"replies":[{"embeddable":true,"href":"https:\/\/www.novakovych59.cz\/index.php?rest_route=%2Fwp%2Fv2%2Fcomments&post=1209"}],"version-history":[{"count":1,"href":"https:\/\/www.novakovych59.cz\/index.php?rest_route=\/wp\/v2\/pages\/1209\/revisions"}],"predecessor-version":[{"id":1210,"href":"https:\/\/www.novakovych59.cz\/index.php?rest_route=\/wp\/v2\/pages\/1209\/revisions\/1210"}],"wp:attachment":[{"href":"https:\/\/www.novakovych59.cz\/index.php?rest_route=%2Fwp%2Fv2%2Fmedia&parent=1209"}],"curies":[{"name":"wp","href":"https:\/\/api.w.org\/{rel}","templated":true}]}}