{"id":1194,"date":"2025-02-19T21:43:16","date_gmt":"2025-02-19T19:43:16","guid":{"rendered":"https:\/\/www.novakovych59.cz\/?page_id=1194"},"modified":"2025-02-19T21:49:03","modified_gmt":"2025-02-19T19:49:03","slug":"oznameni-o-oprave-vytahu","status":"publish","type":"page","link":"https:\/\/www.novakovych59.cz\/?page_id=1194","title":{"rendered":"OZN\u00c1MEN\u00cd O  OPRAV\u00c1CH \u00a0V\u00ddTAH\u016e V DOM\u011a &#8211; 2025"},"content":{"rendered":"<p><strong>OBJEKT:<\/strong> \u00a0\u00a0\u00a0\u00a0\u00a0\u00a0 \u00a0\u00a0\u00a0\u00a0\u00a0\u00a0\u00a0\u00a0\u00a0\u00a0\u00a0 Nov\u00e1kov\u00fdch 59\/2<\/p>\n<p><strong>TYP OPRAVY:<\/strong>\u00a0\u00a0\u00a0\u00a0\u00a0\u00a0\u00a0\u00a0 PL\u00c1NOVAN\u00c9 OSTRAN\u011aN\u00cd Z\u00c1VAD NA \u00a0V\u00ddTAHU<\/p>\n<p><strong>DODAVATEL:\u00a0\u00a0\u00a0\u00a0\u00a0\u00a0\u00a0\u00a0\u00a0 KONE \u010cesk\u00e1 republika, <\/strong>Evropsk\u00e1 423\/178, Praha 6.<\/p>\n<p>&nbsp;<\/p>\n<p>Oznamujeme v\u0161em obyvatel\u016fm v\u00a0dom\u011b, \u017ee <strong>ve \u010dtvrtek\u00a0 dne 20.2.2025, prob\u011bhnou v\u00a0\u010dase 8:00 \u2013 15:30 hod. pl\u00e1novan\u00e9 servisn\u00ed pr\u00e1ce na domovn\u00edm v\u00fdtahu<\/strong><strong> ve vchod\u011b \u010d\u00edslo 59\/2 <\/strong><\/p>\n<p><strong>Po\u00a0tuto dobu nebude v\u00fdtah v\u00a0provozu. Nebude mo\u017eno jakkoliv v\u00fdtah pou\u017e\u00edt! <\/strong><\/p>\n<p>Omlouv\u00e1me se za zt\u00ed\u017een\u00e9 podm\u00ednky v\u00a0dom\u011b po dobu prov\u00e1d\u011bn\u00ed t\u00e9to opravy.<\/p>\n<p>Informace: Lidov\u00e9 bytov\u00e9 dru\u017estvo Praha 8, p.Kre\u010dmer \u00a0TEL. 603 173 349<\/p>\n<p>&#8212;&#8212;&#8212;&#8212;&#8212;&#8212;&#8212;&#8212;&#8212;&#8212;&#8212;&#8212;&#8212;&#8212;&#8212;&#8212;&#8212;&#8212;&#8212;&#8212;&#8212;&#8212;&#8212;&#8212;&#8212;&#8212;&#8212;&#8212;&#8212;&#8212;&#8212;&#8212;&#8212;&#8212;&#8212;&#8212;&#8212;&#8212;&#8212;&#8212;&#8212;&#8212;&#8212;&#8212;&#8212;&#8212;-<\/p>\n<p><strong>OBJEKT:<\/strong>\u00a0 \u00a0 \u00a0 \u00a0 \u00a0 \u00a0 \u00a0 \u00a0 \u00a0 \u00a0Nov\u00e1kov\u00fdch 59\/4<\/p>\n<p><strong>TYP OPRAVY:<\/strong>\u00a0\u00a0\u00a0\u00a0\u00a0\u00a0\u00a0\u00a0 PL\u00c1NOVAN\u00c9 OSTRAN\u011aN\u00cd Z\u00c1VAD NA\u00a0 V\u00ddTAHU<\/p>\n<p><strong>DODAVATEL:\u00a0\u00a0\u00a0\u00a0\u00a0\u00a0\u00a0\u00a0\u00a0 KONE \u010cesk\u00e1 republika, <\/strong>Evropsk\u00e1 423\/178, Praha 6.<\/p>\n<p>&nbsp;<\/p>\n<p>Oznamujeme v\u0161em obyvatel\u016fm v\u00a0dom\u011b, \u017ee <strong>v p\u00e1tek dne 21.2.2025, prob\u011bhnou v\u00a0\u010dase 8:00 \u2013 15:30 hod. pl\u00e1novan\u00e9 servisn\u00ed pr\u00e1ce na domovn\u00edm v\u00fdtahu<\/strong><strong>. <\/strong><\/p>\n<p><strong>Po\u00a0tuto dobu nebude v\u00fdtah v\u00a0provozu. Nebude mo\u017eno jakkoliv v\u00fdtah pou\u017e\u00edt!<\/strong><\/p>\n<p>Omlouv\u00e1me se za zt\u00ed\u017een\u00e9 podm\u00ednky v\u00a0dom\u011b po dobu prov\u00e1d\u011bn\u00ed t\u00e9to opravy.<\/p>\n<p>Informace: Lidov\u00e9 bytov\u00e9 dru\u017estvo Praha 8, p.Kre\u010dmer \u00a0TEL. 603 173 349<\/p>\n<p>&nbsp;<\/p>\n<p>Za SVj v\u00fdbor<\/p>\n<p>Hru\u0161ka Stanislav<\/p>\n","protected":false},"excerpt":{"rendered":"<p>OBJEKT: \u00a0\u00a0\u00a0\u00a0\u00a0\u00a0 \u00a0\u00a0\u00a0\u00a0\u00a0\u00a0\u00a0\u00a0\u00a0\u00a0\u00a0 Nov\u00e1kov\u00fdch 59\/2 TYP OPRAVY:\u00a0\u00a0\u00a0\u00a0\u00a0\u00a0\u00a0\u00a0 PL\u00c1NOVAN\u00c9 OSTRAN\u011aN\u00cd Z\u00c1VAD NA \u00a0V\u00ddTAHU DODAVATEL:\u00a0\u00a0\u00a0\u00a0\u00a0\u00a0\u00a0\u00a0\u00a0 KONE \u010cesk\u00e1 republika, Evropsk\u00e1 423\/178, Praha 6. &nbsp; Oznamujeme v\u0161em obyvatel\u016fm v\u00a0dom\u011b, \u017ee ve \u010dtvrtek\u00a0 dne 20.2.2025, prob\u011bhnou v\u00a0\u010dase 8:00 \u2013 15:30 hod. pl\u00e1novan\u00e9 servisn\u00ed pr\u00e1ce na &#8230; <a class=\"more-link\" href=\"https:\/\/www.novakovych59.cz\/?page_id=1194\">\u010c\u00edst v\u00edce &raquo;<\/a><\/p>\n","protected":false},"author":1,"featured_media":0,"parent":0,"menu_order":0,"comment_status":"closed","ping_status":"closed","template":"","meta":{"footnotes":""},"class_list":["post-1194","page","type-page","status-publish","hentry"],"_links":{"self":[{"href":"https:\/\/www.novakovych59.cz\/index.php?rest_route=\/wp\/v2\/pages\/1194","targetHints":{"allow":["GET"]}}],"collection":[{"href":"https:\/\/www.novakovych59.cz\/index.php?rest_route=\/wp\/v2\/pages"}],"about":[{"href":"https:\/\/www.novakovych59.cz\/index.php?rest_route=\/wp\/v2\/types\/page"}],"author":[{"embeddable":true,"href":"https:\/\/www.novakovych59.cz\/index.php?rest_route=\/wp\/v2\/users\/1"}],"replies":[{"embeddable":true,"href":"https:\/\/www.novakovych59.cz\/index.php?rest_route=%2Fwp%2Fv2%2Fcomments&post=1194"}],"version-history":[{"count":5,"href":"https:\/\/www.novakovych59.cz\/index.php?rest_route=\/wp\/v2\/pages\/1194\/revisions"}],"predecessor-version":[{"id":1200,"href":"https:\/\/www.novakovych59.cz\/index.php?rest_route=\/wp\/v2\/pages\/1194\/revisions\/1200"}],"wp:attachment":[{"href":"https:\/\/www.novakovych59.cz\/index.php?rest_route=%2Fwp%2Fv2%2Fmedia&parent=1194"}],"curies":[{"name":"wp","href":"https:\/\/api.w.org\/{rel}","templated":true}]}}