{"id":1180,"date":"2024-12-23T13:10:38","date_gmt":"2024-12-23T11:10:38","guid":{"rendered":"https:\/\/www.novakovych59.cz\/?page_id=1180"},"modified":"2024-12-23T13:16:06","modified_gmt":"2024-12-23T11:16:06","slug":"vypadek-elekriny-v-dome","status":"publish","type":"page","link":"https:\/\/www.novakovych59.cz\/?page_id=1180","title":{"rendered":"P\u0159eru\u0161en\u00ed dod\u00e1vky elekt\u0159iny v dom\u011b"},"content":{"rendered":"<p>Mil\u00ed obyvatel\u00e9 domu<\/p>\n<p>Bohu\u017eel dnes do\u0161lo k v\u00fdpadku a dod\u00e1vky\u00a0 elektrick\u00e9 energie na cel\u00e9\u00a0 Praze 8 &#8211; Libni.<\/p>\n<p>Podle informace spole\u010dnosti PRE by dod\u00e1vka m\u011bla b\u00fdt obnovena po 13 hodin\u011b<\/p>\n<p><img loading=\"lazy\" decoding=\"async\" class=\"alignnone  wp-image-1184\" src=\"https:\/\/www.novakovych59.cz\/wp-content\/uploads\/2024\/12\/Vypadek-elektriny.jpg\" alt=\"\" width=\"139\" height=\"140\" srcset=\"https:\/\/www.novakovych59.cz\/wp-content\/uploads\/2024\/12\/Vypadek-elektriny.jpg 211w, https:\/\/www.novakovych59.cz\/wp-content\/uploads\/2024\/12\/Vypadek-elektriny-150x150.jpg 150w\" sizes=\"auto, (max-width: 139px) 100vw, 139px\" \/><\/p>\n<p>Budte pros\u00edm trp\u011bliv\u00ed na z\u00e1vad\u011b se pracuje.<\/p>\n<p>SVj v\u00fdbor<\/p>\n<p>&nbsp;<\/p>\n","protected":false},"excerpt":{"rendered":"<p>Mil\u00ed obyvatel\u00e9 domu Bohu\u017eel dnes do\u0161lo k v\u00fdpadku a dod\u00e1vky\u00a0 elektrick\u00e9 energie na cel\u00e9\u00a0 Praze 8 &#8211; Libni. Podle informace spole\u010dnosti PRE by dod\u00e1vka m\u011bla b\u00fdt obnovena po 13 hodin\u011b Budte pros\u00edm trp\u011bliv\u00ed na z\u00e1vad\u011b se pracuje. SVj v\u00fdbor &nbsp;<\/p>\n","protected":false},"author":1,"featured_media":0,"parent":0,"menu_order":0,"comment_status":"closed","ping_status":"closed","template":"","meta":{"footnotes":""},"class_list":["post-1180","page","type-page","status-publish","hentry"],"_links":{"self":[{"href":"https:\/\/www.novakovych59.cz\/index.php?rest_route=\/wp\/v2\/pages\/1180","targetHints":{"allow":["GET"]}}],"collection":[{"href":"https:\/\/www.novakovych59.cz\/index.php?rest_route=\/wp\/v2\/pages"}],"about":[{"href":"https:\/\/www.novakovych59.cz\/index.php?rest_route=\/wp\/v2\/types\/page"}],"author":[{"embeddable":true,"href":"https:\/\/www.novakovych59.cz\/index.php?rest_route=\/wp\/v2\/users\/1"}],"replies":[{"embeddable":true,"href":"https:\/\/www.novakovych59.cz\/index.php?rest_route=%2Fwp%2Fv2%2Fcomments&post=1180"}],"version-history":[{"count":3,"href":"https:\/\/www.novakovych59.cz\/index.php?rest_route=\/wp\/v2\/pages\/1180\/revisions"}],"predecessor-version":[{"id":1185,"href":"https:\/\/www.novakovych59.cz\/index.php?rest_route=\/wp\/v2\/pages\/1180\/revisions\/1185"}],"wp:attachment":[{"href":"https:\/\/www.novakovych59.cz\/index.php?rest_route=%2Fwp%2Fv2%2Fmedia&parent=1180"}],"curies":[{"name":"wp","href":"https:\/\/api.w.org\/{rel}","templated":true}]}}