{"id":1168,"date":"2024-12-05T21:05:05","date_gmt":"2024-12-05T19:05:05","guid":{"rendered":"https:\/\/www.novakovych59.cz\/?page_id=1168"},"modified":"2025-01-19T21:22:44","modified_gmt":"2025-01-19T19:22:44","slug":"hlasovani-mimo-zasedani-per-rollam-c-2024-1","status":"publish","type":"page","link":"https:\/\/www.novakovych59.cz\/?page_id=1168","title":{"rendered":"Hlasov\u00e1n\u00ed mimo zased\u00e1n\u00ed  &#8211; per rollam \u010d. 2024-1"},"content":{"rendered":"<p>V\u00e1\u017een\u00ed vlastn\u00edci jednotek,<\/p>\n<p>Vzhledem k\u00a0tomu, \u017ee posledn\u00ed \u00a0d\u016fle\u017eit\u00e1 sch\u016fze dne 25.6.2024, kde prob\u011bhla\u00a0 povinn\u00e1 volba nov\u00fdch \u010dlen\u016f SVJ v\u00fdboru, nen\u00ed ji\u017e mnoho d\u016fle\u017eit\u00fdch v\u011bci k\u00a0projedn\u00e1n\u00ed, rozhodl se\u00a0 v\u00fdbor SVJ \u0161et\u0159it \u010das vlastn\u00edk\u016fm jednotek a uspo\u0159\u00e1dat\u00a0 hlasov\u00e1n\u00ed Per rollam, pouze ke dv\u011bma bod\u016fm, kter\u00e9 by m\u011bli b\u00fdti vy\u0159e\u0161eny do konce 2024.<\/p>\n<p>Vypln\u011bn\u00fd a podepsan\u00fd hlasovac\u00ed l\u00edstek pros\u00edm za\u0161lete do 15 dn\u016f, t\u011bmito zp\u016fsoby:<\/p>\n<p>Vlo\u017een\u00edm\u00a0 \u00a0do schr\u00e1nky SVJ,\u00a0 vchod 59\/2, nebo za\u0161lete po\u0161tou na adresu Spole\u010denstv\u00ed anebo za\u0161lete sken, \u010di fotografii hlasovac\u00edho l\u00edstku emailem na adresu <a href=\"mailto:svj@novakovych59.cz\"><strong>svj@novakovych59.cz<\/strong><\/a><\/p>\n<p>Vypln\u011bn\u00fd hlasovac\u00ed l\u00edstek po\u0161lete pros\u00edm do 15 dn\u016f\u00a0 (20.12.2024)<\/p>\n<p><a href=\"https:\/\/www.novakovych59.cz\/wp-content\/uploads\/2024\/12\/SVJ_N59_rozhodnuti-mimo-zasedani_2024-1.pdf\"><img loading=\"lazy\" decoding=\"async\" class=\"\" src=\"https:\/\/www.novakovych59.cz\/wp-content\/uploads\/2024\/12\/Rozhodnuti-mimo-zasedani_2024-1.jpg\" width=\"716\" height=\"998\" \/><\/a><\/p>\n<p>Hlasovac\u00ed l\u00edstek je ke sta\u017een\u00ed<strong>\u00a0<a href=\"https:\/\/www.novakovych59.cz\/wp-content\/uploads\/2024\/12\/SVJ_N59_hlasovaci-listek_2024-1.pdf\">zde<\/a><\/strong><\/p>\n<p>Z\u00e1pis ze sch\u016fze je <strong><a href=\"https:\/\/www.novakovych59.cz\/wp-content\/uploads\/2025\/01\/Zapis_hlasovani-mimo-zasedani-\u2013-per-rollam-c.-2024-1.pdf\">zde\u00a0<\/a><\/strong><\/p>\n","protected":false},"excerpt":{"rendered":"<p>V\u00e1\u017een\u00ed vlastn\u00edci jednotek, Vzhledem k\u00a0tomu, \u017ee posledn\u00ed \u00a0d\u016fle\u017eit\u00e1 sch\u016fze dne 25.6.2024, kde prob\u011bhla\u00a0 povinn\u00e1 volba nov\u00fdch \u010dlen\u016f SVJ v\u00fdboru, nen\u00ed ji\u017e mnoho d\u016fle\u017eit\u00fdch v\u011bci k\u00a0projedn\u00e1n\u00ed, rozhodl se\u00a0 v\u00fdbor SVJ \u0161et\u0159it \u010das vlastn\u00edk\u016fm jednotek a uspo\u0159\u00e1dat\u00a0 hlasov\u00e1n\u00ed Per rollam, pouze ke &#8230; <a class=\"more-link\" href=\"https:\/\/www.novakovych59.cz\/?page_id=1168\">\u010c\u00edst v\u00edce &raquo;<\/a><\/p>\n","protected":false},"author":1,"featured_media":0,"parent":0,"menu_order":0,"comment_status":"open","ping_status":"closed","template":"","meta":{"footnotes":""},"class_list":["post-1168","page","type-page","status-publish","hentry"],"_links":{"self":[{"href":"https:\/\/www.novakovych59.cz\/index.php?rest_route=\/wp\/v2\/pages\/1168","targetHints":{"allow":["GET"]}}],"collection":[{"href":"https:\/\/www.novakovych59.cz\/index.php?rest_route=\/wp\/v2\/pages"}],"about":[{"href":"https:\/\/www.novakovych59.cz\/index.php?rest_route=\/wp\/v2\/types\/page"}],"author":[{"embeddable":true,"href":"https:\/\/www.novakovych59.cz\/index.php?rest_route=\/wp\/v2\/users\/1"}],"replies":[{"embeddable":true,"href":"https:\/\/www.novakovych59.cz\/index.php?rest_route=%2Fwp%2Fv2%2Fcomments&post=1168"}],"version-history":[{"count":6,"href":"https:\/\/www.novakovych59.cz\/index.php?rest_route=\/wp\/v2\/pages\/1168\/revisions"}],"predecessor-version":[{"id":1192,"href":"https:\/\/www.novakovych59.cz\/index.php?rest_route=\/wp\/v2\/pages\/1168\/revisions\/1192"}],"wp:attachment":[{"href":"https:\/\/www.novakovych59.cz\/index.php?rest_route=%2Fwp%2Fv2%2Fmedia&parent=1168"}],"curies":[{"name":"wp","href":"https:\/\/api.w.org\/{rel}","templated":true}]}}